{"id":8714,"date":"2024-11-24T20:22:32","date_gmt":"2024-11-24T20:22:32","guid":{"rendered":"https:\/\/yohannaa.com\/product\/vatika-naturals-blackseed-enriched-hair-oil\/"},"modified":"2024-11-29T03:50:50","modified_gmt":"2024-11-29T03:50:50","slug":"vatika-naturals-blackseed-enriched-hair-oil","status":"publish","type":"product","link":"https:\/\/yohannaa.com\/no\/shop\/harpleie\/sprayer-serum-og-oljer\/haroljer\/vatika-naturals-blackseed-enriched-hair-oil\/","title":{"rendered":"Vatika Naturals Blackseed Enriched Hair Oil"},"content":{"rendered":"<p><strong>Vatika Naturals Blackseed Enriched Hair Oil: <\/strong>Gi n\u00e6ring til dine dyrebare h\u00e5rstr\u00e5 p\u00e5 bare 20 minutter med Blackseed Enriched Hair Oil for Strong &amp; Shiny Hair fra Vatika, som inneholder aminosyrer, fettsyrer og mineraler. Naturlige ingredienser som Black Seed har v\u00e6rt kjent i \u00e5rhundrer i de gamle kulturene i Asia og Midt\u00f8sten for sine kraftfulle egenskaper. Black Seed-olje utvinnes fra fr\u00f8ene til svartkummin (Nigella Sativa), en plante som h\u00f8rer hjemme i S\u00f8rvest-Asia. Svartkumminfr\u00f8 er en god kilde til essensielle aminosyrer, omega-3, omega-6, omega-9, vitamin A (retinoider) og supern\u00e6ringsstoffene nigellon og tymokinon. Forynge dine livl\u00f8se lokker under en h\u00e5roljekur for t\u00f8rr hodebunn for kvinner eller menn med v\u00e5r antioksidantrike Black Seed Oil. Takket v\u00e6re v\u00e5re hodebunnsoljer revitaliserer og styrker ayurvediske stifter tr\u00e5der for \u00e5 bekjempe h\u00e5ravfall og gir en h\u00e5rreparasjonsbehandling for skadet h\u00e5r. Vatika gir deg n\u00e5 fordelene med denne unike urten i en olje. Oppdag komplett h\u00e5rpleie &#8211; forbedret glans, tekstur og volum med regelmessig bruk av New Vatika Black Seed h\u00e5rolje. Den 100 % naturlige h\u00e5roljen for menn og kvinner er fri for parabener, sulfater og silikoner. Styrk h\u00e5ret fra rot til spiss med Vatika Naturals Black Seed Enriched Hair Oil         <\/p>\n","protected":false},"excerpt":{"rendered":"<p>Gi n\u00e6ring til dine dyrebare h\u00e5rstr\u00e5 p\u00e5 bare 20 minutter med Blackseed Enriched Hair Oil for Strong &amp; Shiny Hair fra Vatika, som inneholder aminosyrer, fettsyrer og mineraler.<\/p>\n","protected":false},"featured_media":8713,"comment_status":"open","ping_status":"closed","template":"","meta":[],"product_brand":[2190],"product_cat":[1622],"product_tag":[],"class_list":{"0":"post-8714","1":"product","2":"type-product","3":"status-publish","4":"has-post-thumbnail","6":"product_brand-vatika","7":"product_cat-haroljer","9":"first","10":"instock","11":"shipping-taxable","12":"purchasable","13":"product-type-simple"},"_links":{"self":[{"href":"https:\/\/yohannaa.com\/no\/wp-json\/wp\/v2\/product\/8714","targetHints":{"allow":["GET"]}}],"collection":[{"href":"https:\/\/yohannaa.com\/no\/wp-json\/wp\/v2\/product"}],"about":[{"href":"https:\/\/yohannaa.com\/no\/wp-json\/wp\/v2\/types\/product"}],"replies":[{"embeddable":true,"href":"https:\/\/yohannaa.com\/no\/wp-json\/wp\/v2\/comments?post=8714"}],"wp:featuredmedia":[{"embeddable":true,"href":"https:\/\/yohannaa.com\/no\/wp-json\/wp\/v2\/media\/8713"}],"wp:attachment":[{"href":"https:\/\/yohannaa.com\/no\/wp-json\/wp\/v2\/media?parent=8714"}],"wp:term":[{"taxonomy":"product_brand","embeddable":true,"href":"https:\/\/yohannaa.com\/no\/wp-json\/wp\/v2\/product_brand?post=8714"},{"taxonomy":"product_cat","embeddable":true,"href":"https:\/\/yohannaa.com\/no\/wp-json\/wp\/v2\/product_cat?post=8714"},{"taxonomy":"product_tag","embeddable":true,"href":"https:\/\/yohannaa.com\/no\/wp-json\/wp\/v2\/product_tag?post=8714"}],"curies":[{"name":"wp","href":"https:\/\/api.w.org\/{rel}","templated":true}]}}