{"id":8700,"date":"2024-11-24T18:43:50","date_gmt":"2024-11-24T18:43:50","guid":{"rendered":"https:\/\/yohannaa.com\/product\/vatika-naturals-cactus-enriched-hair-oil\/"},"modified":"2024-11-24T18:43:50","modified_gmt":"2024-11-24T18:43:50","slug":"vatika-naturals-cactus-enriched-hair-oil","status":"publish","type":"product","link":"https:\/\/yohannaa.com\/no\/shop\/harpleie\/sprayer-serum-og-oljer\/haroljer\/vatika-naturals-cactus-enriched-hair-oil\/","title":{"rendered":"Vatika Naturals Cactus Enriched Hair Oil"},"content":{"rendered":"<p>Gi n\u00e6ring til dine dyrebare h\u00e5rstr\u00e5 p\u00e5 bare 20 minutter med Vatika Naturals Cactus Enriched Hair Oil for Antibreakage med n\u00e6rende ekstrakter av kaktus, ghergir og hvitl\u00f8k som bidrar til \u00e5 forhindre brudd ved \u00e5 styrke h\u00e5ret fra rot til spiss. Den naturlige kaktush\u00e5roljen for menn og kvinner fra Vatika gir h\u00e5ret og hodebunnen din fullstendig n\u00e6ring som hjelper til med \u00e5 kontrollere h\u00e5rfall. Den 100 % naturlige formelen fra Vatika Naturals Cactus Oil er fri for parabener, sulfater og silikon. Styrk h\u00e5ret fra rot til topp med Vatika Naturals Cactus Enriched Hair Oil med alle urtene.   <\/p>\n","protected":false},"excerpt":{"rendered":"<p>Gi n\u00e6ring til dine dyrebare h\u00e5rstr\u00e5 p\u00e5 bare 20 minutter med Vatika Naturals Cactus Enriched Hair Oil for Antibreakage med n\u00e6rende ekstrakter av kaktus, ghergir og hvitl\u00f8k, som bidrar til \u00e5 forebygge brudd ved \u00e5 styrke h\u00e5ret fra rot til spiss.<\/p>\n","protected":false},"featured_media":8699,"comment_status":"open","ping_status":"closed","template":"","meta":[],"product_brand":[2190],"product_cat":[1622],"product_tag":[],"class_list":{"0":"post-8700","1":"product","2":"type-product","3":"status-publish","4":"has-post-thumbnail","6":"product_brand-vatika","7":"product_cat-haroljer","9":"first","10":"instock","11":"shipping-taxable","12":"purchasable","13":"product-type-simple"},"_links":{"self":[{"href":"https:\/\/yohannaa.com\/no\/wp-json\/wp\/v2\/product\/8700","targetHints":{"allow":["GET"]}}],"collection":[{"href":"https:\/\/yohannaa.com\/no\/wp-json\/wp\/v2\/product"}],"about":[{"href":"https:\/\/yohannaa.com\/no\/wp-json\/wp\/v2\/types\/product"}],"replies":[{"embeddable":true,"href":"https:\/\/yohannaa.com\/no\/wp-json\/wp\/v2\/comments?post=8700"}],"wp:featuredmedia":[{"embeddable":true,"href":"https:\/\/yohannaa.com\/no\/wp-json\/wp\/v2\/media\/8699"}],"wp:attachment":[{"href":"https:\/\/yohannaa.com\/no\/wp-json\/wp\/v2\/media?parent=8700"}],"wp:term":[{"taxonomy":"product_brand","embeddable":true,"href":"https:\/\/yohannaa.com\/no\/wp-json\/wp\/v2\/product_brand?post=8700"},{"taxonomy":"product_cat","embeddable":true,"href":"https:\/\/yohannaa.com\/no\/wp-json\/wp\/v2\/product_cat?post=8700"},{"taxonomy":"product_tag","embeddable":true,"href":"https:\/\/yohannaa.com\/no\/wp-json\/wp\/v2\/product_tag?post=8700"}],"curies":[{"name":"wp","href":"https:\/\/api.w.org\/{rel}","templated":true}]}}