{"id":8680,"date":"2024-11-30T03:11:12","date_gmt":"2024-11-30T03:11:12","guid":{"rendered":"https:\/\/yohannaa.com\/product\/ibenholt-babygele-fersk-440-ml\/"},"modified":"2024-11-24T03:11:12","modified_gmt":"2024-11-24T03:11:12","slug":"ibenholt-babygele-fersk-440-ml","status":"publish","type":"product","link":"https:\/\/yohannaa.com\/no\/shop\/barn\/hudpleie-for-barn\/babylotion-og-krem\/ibenholt-babygele-fersk-440-ml\/","title":{"rendered":"IBENHOLT BABYGEL\u00c9 FERSK 440 ML"},"content":{"rendered":"<p><strong><span style=\"color: #777777; font-family: Lato, Arial, Helvetica, sans-serif;\"><span style=\"font-size: 14px;\">IBENHOLT BABYGEL\u00c9 FERSK 440 ML:<\/span><\/span><\/strong><span style=\"color: #777777; font-family: Lato, Arial, Helvetica, sans-serif; font-size: 14px;\"><strong> <\/strong>  Siden den er spesielt utviklet for sm\u00e5 barn, er den sv\u00e6rt behagelig p\u00e5 huden. Ogs\u00e5 egnet for mindre skader, arr eller branns\u00e5r. Vanntett, allergivennlig og ikke-komedogen. Den kan ogs\u00e5 brukes til \u00e5 effektivt bekjempe problemer med t\u00f8rr hud.   <\/span><\/p>\n","protected":false},"excerpt":{"rendered":"<p><span style=\"color: #777777; font-family: Lato, Arial, Helvetica, sans-serif; font-size: 14px;\">Siden den er spesielt utviklet for sm\u00e5 barn, er den sv\u00e6rt behagelig p\u00e5 huden. Ogs\u00e5 egnet for mindre skader, arr eller branns\u00e5r. Vanntett, allergivennlig og ikke-komedogen. Den kan ogs\u00e5 brukes til \u00e5 effektivt bekjempe problemer med t\u00f8rr hud.   <\/span><\/p>\n","protected":false},"featured_media":9550,"comment_status":"open","ping_status":"closed","template":"","meta":[],"product_brand":[2161],"product_cat":[1945],"product_tag":[2338],"class_list":{"0":"post-8680","1":"product","2":"type-product","3":"status-publish","4":"has-post-thumbnail","6":"product_brand-ebony-baby","7":"product_cat-babylotion-og-krem","8":"product_tag-hudpleie-for-barn","10":"first","11":"instock","12":"shipping-taxable","13":"purchasable","14":"product-type-simple"},"_links":{"self":[{"href":"https:\/\/yohannaa.com\/no\/wp-json\/wp\/v2\/product\/8680","targetHints":{"allow":["GET"]}}],"collection":[{"href":"https:\/\/yohannaa.com\/no\/wp-json\/wp\/v2\/product"}],"about":[{"href":"https:\/\/yohannaa.com\/no\/wp-json\/wp\/v2\/types\/product"}],"replies":[{"embeddable":true,"href":"https:\/\/yohannaa.com\/no\/wp-json\/wp\/v2\/comments?post=8680"}],"wp:featuredmedia":[{"embeddable":true,"href":"https:\/\/yohannaa.com\/no\/wp-json\/wp\/v2\/media\/9550"}],"wp:attachment":[{"href":"https:\/\/yohannaa.com\/no\/wp-json\/wp\/v2\/media?parent=8680"}],"wp:term":[{"taxonomy":"product_brand","embeddable":true,"href":"https:\/\/yohannaa.com\/no\/wp-json\/wp\/v2\/product_brand?post=8680"},{"taxonomy":"product_cat","embeddable":true,"href":"https:\/\/yohannaa.com\/no\/wp-json\/wp\/v2\/product_cat?post=8680"},{"taxonomy":"product_tag","embeddable":true,"href":"https:\/\/yohannaa.com\/no\/wp-json\/wp\/v2\/product_tag?post=8680"}],"curies":[{"name":"wp","href":"https:\/\/api.w.org\/{rel}","templated":true}]}}