{"id":8672,"date":"2024-11-24T00:03:17","date_gmt":"2024-11-24T00:03:17","guid":{"rendered":"https:\/\/yohannaa.com\/product\/ebony-babygele-aloe-vera-440-ml\/"},"modified":"2024-11-24T03:03:17","modified_gmt":"2024-11-24T03:03:17","slug":"ebony-babygele-aloe-vera-440-ml","status":"publish","type":"product","link":"https:\/\/yohannaa.com\/no\/shop\/barn\/hudpleie-for-barn\/babylotion-og-krem\/ebony-babygele-aloe-vera-440-ml\/","title":{"rendered":"EBONY BABYGEL\u00c9 ALOE VERA 440 ML"},"content":{"rendered":"<div class=\"product--description\" style=\"box-sizing: border-box; margin: 0px; padding: 0px; border: 0px; vertical-align: baseline; font-variant-numeric: inherit; font-variant-east-asian: inherit; font-variant-alternates: inherit; font-variant-position: inherit; font-variant-emoji: inherit; font-stretch: inherit; line-height: inherit; font-optical-sizing: inherit; font-size-adjust: inherit; font-kerning: inherit; font-feature-settings: inherit; font-variation-settings: inherit;\">\n<p><strong><span style=\"color: #777777; font-family: Lato, Arial, Helvetica, sans-serif;\"><span style=\"font-size: 14px;\">EBONY BABYGEL\u00c9 ALOE VERA 440 ML:  <\/span><\/span><\/strong><span style=\"color: #777777; font-family: inherit; font-size: 14px; font-style: inherit; font-variant-ligatures: inherit; font-variant-caps: inherit; font-weight: inherit;\">Ebony forebygger bleieutslett og lindrer sprukne lepper. Forsiktighetsregler: M\u00e5 ikke brukes p\u00e5 alvorlige brannskader, punkteringer, s\u00e5r eller kutt. Ved svelging, opps\u00f8k lege umiddelbart og vis emballasjen eller etiketten. Denne n\u00e6rende melken er ideell for daglig bruk, gj\u00f8r huden mykere og smidigere og gjenoppretter dens naturlige balanse. Resultat: Fra f\u00f8rste p\u00e5f\u00f8ring gjenvinner overhuden sin mykhet og smidighet, hudfargen blir synlig jevn og de m\u00f8rke flekkene forsvinner. Huden blir raskt vakrere og f\u00e5r en perfekt str\u00e5lende hudfarge. Laget i Sveits.      <\/span><\/p>\n<\/div>\n<div class=\"moreinfobox\" style=\"box-sizing: border-box; margin: 0px; padding: 0px; border: 0px; vertical-align: baseline; font-variant-numeric: inherit; font-variant-east-asian: inherit; font-variant-alternates: inherit; font-variant-position: inherit; font-variant-emoji: inherit; font-stretch: inherit; line-height: inherit; font-family: Lato, Arial, Helvetica, sans-serif; font-optical-sizing: inherit; font-size-adjust: inherit; font-kerning: inherit; font-feature-settings: inherit; font-variation-settings: inherit; font-size: 14px; color: #777777;\">\n<h3 style=\"box-sizing: border-box; padding: 0px; border: 0px; vertical-align: baseline; font-style: var(--wd-title-font-style); font-variant: inherit; font-weight: var(--wd-title-font-weight); font-stretch: inherit; line-height: 1.4; font-family: var(--wd-title-font); font-optical-sizing: inherit; font-size-adjust: inherit; font-kerning: inherit; font-feature-settings: inherit; font-variation-settings: inherit; font-size: 22px; color: var(--wd-title-color); text-transform: var(--wd-title-transform); margin: 0px 0px var(--wd-tags-mb) 0px;\"><strong><span style=\"box-sizing: border-box; margin: 0px; padding: 0px; border: 0px; vertical-align: baseline; font-style: inherit; font-variant: inherit; font-stretch: inherit; line-height: inherit; font-family: inherit; font-optical-sizing: inherit; font-size-adjust: inherit; font-kerning: inherit; font-feature-settings: inherit; font-variation-settings: inherit;\">Ingredienser:<\/span><\/strong><\/h3>\n<div style=\"box-sizing: border-box; margin: 0px; padding: 0px; border: 0px; vertical-align: baseline; font-style: inherit; font-variant: inherit; font-weight: inherit; font-stretch: inherit; line-height: inherit; font-family: inherit; font-optical-sizing: inherit; font-size-adjust: inherit; font-kerning: inherit; font-feature-settings: inherit; font-variation-settings: inherit;\"><span style=\"box-sizing: border-box; margin: 0px; padding: 0px; border: 0px; vertical-align: baseline; font-style: inherit; font-variant: inherit; font-weight: inherit; font-stretch: inherit; line-height: inherit; font-family: inherit; font-optical-sizing: inherit; font-size-adjust: inherit; font-kerning: inherit; font-feature-settings: inherit; font-variation-settings: inherit;\">Petrolatum, Aloe Barbadensis Leaf Extract, duft (parfyme), tokoferol.<\/span><\/div>\n<\/div>\n","protected":false},"excerpt":{"rendered":"<p><span style=\"color: #777777; font-size: 14px;\">Ebony forebygger bleieutslett og lindrer sprukne lepper. Forsiktighetsregler: M\u00e5 ikke brukes p\u00e5 alvorlige brannskader, punkteringer, s\u00e5r eller kutt. Ved svelging, opps\u00f8k lege umiddelbart og vis emballasjen eller etiketten. Denne n\u00e6rende melken er ideell for daglig bruk, gj\u00f8r huden mykere og smidigere og gjenoppretter dens naturlige balanse.   <\/span><\/p>\n","protected":false},"featured_media":9553,"comment_status":"open","ping_status":"closed","template":"","meta":[],"product_brand":[2161],"product_cat":[1945],"product_tag":[2336],"class_list":{"0":"post-8672","1":"product","2":"type-product","3":"status-publish","4":"has-post-thumbnail","6":"product_brand-ebony-baby","7":"product_cat-babylotion-og-krem","8":"product_tag-barnevaskpleie","10":"first","11":"instock","12":"shipping-taxable","13":"purchasable","14":"product-type-simple"},"_links":{"self":[{"href":"https:\/\/yohannaa.com\/no\/wp-json\/wp\/v2\/product\/8672","targetHints":{"allow":["GET"]}}],"collection":[{"href":"https:\/\/yohannaa.com\/no\/wp-json\/wp\/v2\/product"}],"about":[{"href":"https:\/\/yohannaa.com\/no\/wp-json\/wp\/v2\/types\/product"}],"replies":[{"embeddable":true,"href":"https:\/\/yohannaa.com\/no\/wp-json\/wp\/v2\/comments?post=8672"}],"wp:featuredmedia":[{"embeddable":true,"href":"https:\/\/yohannaa.com\/no\/wp-json\/wp\/v2\/media\/9553"}],"wp:attachment":[{"href":"https:\/\/yohannaa.com\/no\/wp-json\/wp\/v2\/media?parent=8672"}],"wp:term":[{"taxonomy":"product_brand","embeddable":true,"href":"https:\/\/yohannaa.com\/no\/wp-json\/wp\/v2\/product_brand?post=8672"},{"taxonomy":"product_cat","embeddable":true,"href":"https:\/\/yohannaa.com\/no\/wp-json\/wp\/v2\/product_cat?post=8672"},{"taxonomy":"product_tag","embeddable":true,"href":"https:\/\/yohannaa.com\/no\/wp-json\/wp\/v2\/product_tag?post=8672"}],"curies":[{"name":"wp","href":"https:\/\/api.w.org\/{rel}","templated":true}]}}