{"id":8660,"date":"2024-11-24T01:10:39","date_gmt":"2024-11-24T01:10:39","guid":{"rendered":"https:\/\/yohannaa.com\/product\/american-dream-cocoa-butter-lemon-cream-500-ml\/"},"modified":"2024-11-24T02:49:45","modified_gmt":"2024-11-24T02:49:45","slug":"american-dream-cocoa-butter-lemon-cream-500-ml","status":"publish","type":"product","link":"https:\/\/yohannaa.com\/no\/shop\/hudpleie\/fuktighetsgivende-for-huden\/fuktighetsgivende-krem-og-gel\/american-dream-cocoa-butter-lemon-cream-500-ml\/","title":{"rendered":"American Dream Cocoa Butter Lemon Cream 500 ml"},"content":{"rendered":"<p><strong><span style=\"color: #424242; font-family: Open Sans, sans-serif;\"><span style=\"font-size: 14px;\">American Dream Cocoa Butter Lemon Cream 500 ml<\/span><\/span><\/strong><\/p>\n<p><span style=\"color: #424242; font-family: 'Open Sans', sans-serif; font-size: 14px;\">Dream Cocoa Butter Cream With Lemon Kakaosm\u00f8rkrem med sitron er n\u00e5 tilgjengelig i en ny formulering blandet med lavendelolje og vitamin E. En ikke-fettete kroppskrem med et lett hint av lavendel som vil etterlate selv den mest ru, t\u00f8rre huden silkemyk og glatt.<\/span><\/p>\n<ul>\n<li style=\"list-style-type: none;\">\n<ul style=\"box-sizing: inherit; -webkit-font-smoothing: antialiased; text-size-adjust: none; -webkit-tap-highlight-color: rgba(0, 0, 0, 0); margin-top: 1rem; margin-bottom: 1rem; padding-left: 20px; color: #1d1d1d; font-family: 'Nunito Sans', sans-serif;\">\n<li style=\"box-sizing: inherit; -webkit-font-smoothing: antialiased; text-size-adjust: none; -webkit-tap-highlight-color: rgba(0, 0, 0, 0);\">American Dreams mest luksuri\u00f8se kakaosm\u00f8r<\/li>\n<li style=\"box-sizing: inherit; -webkit-font-smoothing: antialiased; text-size-adjust: none; -webkit-tap-highlight-color: rgba(0, 0, 0, 0);\">Ikke-fettete med vitamin E<\/li>\n<li style=\"box-sizing: inherit; -webkit-font-smoothing: antialiased; text-size-adjust: none; -webkit-tap-highlight-color: rgba(0, 0, 0, 0);\">Ideell for t\u00f8rr hud og daglig fuktighet<\/li>\n<li style=\"box-sizing: inherit; -webkit-font-smoothing: antialiased; text-size-adjust: none; -webkit-tap-highlight-color: rgba(0, 0, 0, 0);\">Mykgj\u00f8r og fukter huden i dybden og tilf\u00f8rer den god n\u00e6ring<\/li>\n<li style=\"box-sizing: inherit; -webkit-font-smoothing: antialiased; text-size-adjust: none; -webkit-tap-highlight-color: rgba(0, 0, 0, 0);\">Regelmessig bruk reduserer synligheten av strekkmerker og urenheter<\/li>\n<li style=\"box-sizing: inherit; -webkit-font-smoothing: antialiased; text-size-adjust: none; -webkit-tap-highlight-color: rgba(0, 0, 0, 0);\">Forbedret med lysende, frisk sitron<\/li>\n<li style=\"box-sizing: inherit; -webkit-font-smoothing: antialiased; text-size-adjust: none; -webkit-tap-highlight-color: rgba(0, 0, 0, 0);\">Lukter lett, i motsetning til andre tyngre kakaosm\u00f8r &#8211; denne kremen lukter virkelig nydelig og er beriket med forfriskende sitronduft!<\/li>\n<\/ul>\n<\/li>\n<\/ul>\n","protected":false},"excerpt":{"rendered":"<p><span style=\"color: #424242; font-family: 'Open Sans', sans-serif; font-size: 14px;\">American Dream Cocoa Butter Cream With Lemon kakaosm\u00f8rkrem n\u00e5 tilgjengelig i en ny formulering blandet med lavendelolje og vitamin E. En ikke-fettete kroppskrem med et lett hint av lavendel som vil gj\u00f8re selv den mest ru, t\u00f8rre huden silkemyk og glatt.<\/span><\/p>\n","protected":false},"featured_media":8662,"comment_status":"open","ping_status":"closed","template":"","meta":[],"product_brand":[2151],"product_cat":[2027],"product_tag":[1459,2330],"class_list":{"0":"post-8660","1":"product","2":"type-product","3":"status-publish","4":"has-post-thumbnail","6":"product_brand-american-dream","7":"product_cat-fuktighetsgivende-krem-og-gel","8":"product_tag-hudpleie","9":"product_tag-hudpleiebehandling","11":"first","12":"instock","13":"shipping-taxable","14":"purchasable","15":"product-type-simple"},"_links":{"self":[{"href":"https:\/\/yohannaa.com\/no\/wp-json\/wp\/v2\/product\/8660","targetHints":{"allow":["GET"]}}],"collection":[{"href":"https:\/\/yohannaa.com\/no\/wp-json\/wp\/v2\/product"}],"about":[{"href":"https:\/\/yohannaa.com\/no\/wp-json\/wp\/v2\/types\/product"}],"replies":[{"embeddable":true,"href":"https:\/\/yohannaa.com\/no\/wp-json\/wp\/v2\/comments?post=8660"}],"wp:featuredmedia":[{"embeddable":true,"href":"https:\/\/yohannaa.com\/no\/wp-json\/wp\/v2\/media\/8662"}],"wp:attachment":[{"href":"https:\/\/yohannaa.com\/no\/wp-json\/wp\/v2\/media?parent=8660"}],"wp:term":[{"taxonomy":"product_brand","embeddable":true,"href":"https:\/\/yohannaa.com\/no\/wp-json\/wp\/v2\/product_brand?post=8660"},{"taxonomy":"product_cat","embeddable":true,"href":"https:\/\/yohannaa.com\/no\/wp-json\/wp\/v2\/product_cat?post=8660"},{"taxonomy":"product_tag","embeddable":true,"href":"https:\/\/yohannaa.com\/no\/wp-json\/wp\/v2\/product_tag?post=8660"}],"curies":[{"name":"wp","href":"https:\/\/api.w.org\/{rel}","templated":true}]}}