{"id":8650,"date":"2024-11-24T01:46:28","date_gmt":"2024-11-24T01:46:28","guid":{"rendered":"https:\/\/yohannaa.com\/product\/dr-miracles-leave-in-conditioner\/"},"modified":"2024-11-24T01:47:44","modified_gmt":"2024-11-24T01:47:44","slug":"dr-miracles-leave-in-conditioner","status":"publish","type":"product","link":"https:\/\/yohannaa.com\/no\/shop\/harpleie\/balsam\/leave-in-balsam\/dr-miracles-leave-in-conditioner\/","title":{"rendered":"Dr Miracles Leave In Conditioner"},"content":{"rendered":"<p><span style=\"color: #1d1d1d; font-family: 'Nunito Sans', sans-serif;\">Dr. Miracles leave in balsam bidrar til \u00e5 styrke og mykgj\u00f8re. dette produktet er blandet med vitamin a, c og e for sterkt, mykt, h\u00e5ndterbart og glansfullt h\u00e5r. det er utmerket for avslappet, flettet, naturlig eller vevd h\u00e5r.  <\/span><\/p>\n","protected":false},"excerpt":{"rendered":"<p><span style=\"color: #424242; font-family: 'Open Sans', sans-serif; font-size: 14px;\">Utmerket for avslappet, flettet, naturlig eller flettet h\u00e5r, styrker og mykgj\u00f8r. Uansett h\u00e5rtype, avslappet, flettet, naturlig eller flettet, Dr. Miracle&#8217;s Leave In Conditioner l\u00f8sner, mykgj\u00f8r og gir glans til h\u00e5ret med en berikende blanding av A-, C- og E-vitaminer. <\/span><\/p>\n","protected":false},"featured_media":8652,"comment_status":"open","ping_status":"closed","template":"","meta":[],"product_brand":[2157],"product_cat":[1490],"product_tag":[1546],"class_list":{"0":"post-8650","1":"product","2":"type-product","3":"status-publish","4":"has-post-thumbnail","6":"product_brand-dr-miracle","7":"product_cat-leave-in-balsam","8":"product_tag-balsam-for-harpleie","10":"first","11":"instock","12":"shipping-taxable","13":"purchasable","14":"product-type-simple"},"_links":{"self":[{"href":"https:\/\/yohannaa.com\/no\/wp-json\/wp\/v2\/product\/8650","targetHints":{"allow":["GET"]}}],"collection":[{"href":"https:\/\/yohannaa.com\/no\/wp-json\/wp\/v2\/product"}],"about":[{"href":"https:\/\/yohannaa.com\/no\/wp-json\/wp\/v2\/types\/product"}],"replies":[{"embeddable":true,"href":"https:\/\/yohannaa.com\/no\/wp-json\/wp\/v2\/comments?post=8650"}],"wp:featuredmedia":[{"embeddable":true,"href":"https:\/\/yohannaa.com\/no\/wp-json\/wp\/v2\/media\/8652"}],"wp:attachment":[{"href":"https:\/\/yohannaa.com\/no\/wp-json\/wp\/v2\/media?parent=8650"}],"wp:term":[{"taxonomy":"product_brand","embeddable":true,"href":"https:\/\/yohannaa.com\/no\/wp-json\/wp\/v2\/product_brand?post=8650"},{"taxonomy":"product_cat","embeddable":true,"href":"https:\/\/yohannaa.com\/no\/wp-json\/wp\/v2\/product_cat?post=8650"},{"taxonomy":"product_tag","embeddable":true,"href":"https:\/\/yohannaa.com\/no\/wp-json\/wp\/v2\/product_tag?post=8650"}],"curies":[{"name":"wp","href":"https:\/\/api.w.org\/{rel}","templated":true}]}}