{"id":8644,"date":"2024-11-24T00:31:18","date_gmt":"2024-11-24T00:31:18","guid":{"rendered":"https:\/\/yohannaa.com\/product\/dabur-amla-anti-dandruff-hair-oil\/"},"modified":"2024-11-24T00:31:18","modified_gmt":"2024-11-24T00:31:18","slug":"dabur-amla-anti-dandruff-hair-oil","status":"publish","type":"product","link":"https:\/\/yohannaa.com\/no\/shop\/harpleie\/sprayer-serum-og-oljer\/haroljer\/dabur-amla-anti-dandruff-hair-oil\/","title":{"rendered":"Dabur Amla Anti Dandruff Hair Oil"},"content":{"rendered":"<p><span style=\"color: #424242; font-family: 'Open Sans', sans-serif; font-size: 14px;\">Dabur Amla Anti Dandruff Hair Oil bidrar til \u00e5 redusere flass og beroliger hodebunnen. Sopp lever av hodebunnens naturlige oljer og for\u00e5rsaker irritasjon og flassing. Over tid blir hodebunnen t\u00f8rr og kl\u00f8ende, noe som f\u00f8rer til flassproblemer. Daburs NEW Amla Anti-Dandruff Hair Oil, med Amla, sitron og rosmarin, bidrar til \u00e5 redusere flass, gir n\u00e6ring og styrke h\u00e5ret og bidrar til \u00e5 gj\u00f8re h\u00e5ret sterkt og vakkert.   <\/span><\/p>\n","protected":false},"excerpt":{"rendered":"<p><span style=\"color: #424242; font-family: 'Open Sans', sans-serif; font-size: 14px;\">Dabur Amla Anti Dandruff Hair Oil bidrar til \u00e5 redusere flass og beroliger hodebunnen. Sopp lever av hodebunnens naturlige oljer og for\u00e5rsaker irritasjon og flassing. Over tid blir hodebunnen t\u00f8rr og kl\u00f8ende, noe som f\u00f8rer til flassproblemer.    <\/span><\/p>\n","protected":false},"featured_media":8641,"comment_status":"open","ping_status":"closed","template":"","meta":[],"product_brand":[2154],"product_cat":[1622,1899],"product_tag":[2328,2081],"class_list":{"0":"post-8644","1":"product","2":"type-product","3":"status-publish","4":"has-post-thumbnail","6":"product_brand-dabur-amla","7":"product_cat-haroljer","8":"product_cat-amla-olje","9":"product_tag-amla-anti-flass","10":"product_tag-harpleieolje","12":"first","13":"instock","14":"shipping-taxable","15":"purchasable","16":"product-type-variable"},"_links":{"self":[{"href":"https:\/\/yohannaa.com\/no\/wp-json\/wp\/v2\/product\/8644","targetHints":{"allow":["GET"]}}],"collection":[{"href":"https:\/\/yohannaa.com\/no\/wp-json\/wp\/v2\/product"}],"about":[{"href":"https:\/\/yohannaa.com\/no\/wp-json\/wp\/v2\/types\/product"}],"replies":[{"embeddable":true,"href":"https:\/\/yohannaa.com\/no\/wp-json\/wp\/v2\/comments?post=8644"}],"wp:featuredmedia":[{"embeddable":true,"href":"https:\/\/yohannaa.com\/no\/wp-json\/wp\/v2\/media\/8641"}],"wp:attachment":[{"href":"https:\/\/yohannaa.com\/no\/wp-json\/wp\/v2\/media?parent=8644"}],"wp:term":[{"taxonomy":"product_brand","embeddable":true,"href":"https:\/\/yohannaa.com\/no\/wp-json\/wp\/v2\/product_brand?post=8644"},{"taxonomy":"product_cat","embeddable":true,"href":"https:\/\/yohannaa.com\/no\/wp-json\/wp\/v2\/product_cat?post=8644"},{"taxonomy":"product_tag","embeddable":true,"href":"https:\/\/yohannaa.com\/no\/wp-json\/wp\/v2\/product_tag?post=8644"}],"curies":[{"name":"wp","href":"https:\/\/api.w.org\/{rel}","templated":true}]}}