{"id":8634,"date":"2024-11-23T23:20:45","date_gmt":"2024-11-23T23:20:45","guid":{"rendered":"https:\/\/yohannaa.com\/product\/dabur-amla-hair-oil\/"},"modified":"2024-11-24T01:29:45","modified_gmt":"2024-11-24T01:29:45","slug":"dabur-amla-hair-oil","status":"publish","type":"product","link":"https:\/\/yohannaa.com\/no\/shop\/harpleie\/sprayer-serum-og-oljer\/amla-olje\/dabur-amla-hair-oil\/","title":{"rendered":"Dabur Amla Hair Oil"},"content":{"rendered":"<p><span style=\"color: #424242; font-family: 'Open Sans', sans-serif; font-size: 14px;\">Dabur Amla Hair Oil kombinerer det gode fra Amla-frukten med en blanding av vegetabilske og mineralske oljer, sammen med en hemmelig tradisjonell formel for \u00e5 oppn\u00e5 skinnende, tykt h\u00e5r. Minimer gr\u00e5 h\u00e5r og f\u00e5 sunt, skinnende h\u00e5r med naturlig pleie med Dabur Amla Hair Oil Denne kan brukes for \u00e5 fremme langt, sunt h\u00e5r. Regelmessig p\u00e5f\u00f8ring kan bidra til \u00e5 redusere kl\u00f8yvde spisser og mindre h\u00e5rtap.  <\/span><\/p>\n","protected":false},"excerpt":{"rendered":"<p><span style=\"color: #424242; font-family: 'Open Sans', sans-serif; font-size: 14px;\">Dabur Amla Hair Oil kombinerer det gode fra Amla-frukten med en blanding av vegetabilske og mineralske oljer, sammen med en hemmelig tradisjonell formel for \u00e5 oppn\u00e5 glansfullt, tykt h\u00e5r. Minimer gr\u00e5 h\u00e5r og f\u00e5 sunt, skinnende h\u00e5r med naturlig pleie med Dabur Amla Hair Oil&#8230; <\/span><\/p>\n","protected":false},"featured_media":8627,"comment_status":"open","ping_status":"closed","template":"","meta":[],"product_brand":[2154],"product_cat":[1899,1622],"product_tag":[2327,2081],"class_list":{"0":"post-8634","1":"product","2":"type-product","3":"status-publish","4":"has-post-thumbnail","6":"product_brand-dabur-amla","7":"product_cat-amla-olje","8":"product_cat-haroljer","9":"product_tag-amlaolje","10":"product_tag-harpleieolje","12":"first","13":"instock","14":"shipping-taxable","15":"purchasable","16":"product-type-variable"},"_links":{"self":[{"href":"https:\/\/yohannaa.com\/no\/wp-json\/wp\/v2\/product\/8634","targetHints":{"allow":["GET"]}}],"collection":[{"href":"https:\/\/yohannaa.com\/no\/wp-json\/wp\/v2\/product"}],"about":[{"href":"https:\/\/yohannaa.com\/no\/wp-json\/wp\/v2\/types\/product"}],"replies":[{"embeddable":true,"href":"https:\/\/yohannaa.com\/no\/wp-json\/wp\/v2\/comments?post=8634"}],"wp:featuredmedia":[{"embeddable":true,"href":"https:\/\/yohannaa.com\/no\/wp-json\/wp\/v2\/media\/8627"}],"wp:attachment":[{"href":"https:\/\/yohannaa.com\/no\/wp-json\/wp\/v2\/media?parent=8634"}],"wp:term":[{"taxonomy":"product_brand","embeddable":true,"href":"https:\/\/yohannaa.com\/no\/wp-json\/wp\/v2\/product_brand?post=8634"},{"taxonomy":"product_cat","embeddable":true,"href":"https:\/\/yohannaa.com\/no\/wp-json\/wp\/v2\/product_cat?post=8634"},{"taxonomy":"product_tag","embeddable":true,"href":"https:\/\/yohannaa.com\/no\/wp-json\/wp\/v2\/product_tag?post=8634"}],"curies":[{"name":"wp","href":"https:\/\/api.w.org\/{rel}","templated":true}]}}