{"id":8622,"date":"2024-12-01T01:17:38","date_gmt":"2024-12-01T01:17:38","guid":{"rendered":"https:\/\/yohannaa.com\/product\/dabur-amla-hair-oil-cooling\/"},"modified":"2024-11-24T01:17:38","modified_gmt":"2024-11-24T01:17:38","slug":"dabur-amla-hair-oil-cooling","status":"publish","type":"product","link":"https:\/\/yohannaa.com\/no\/shop\/harpleie\/sprayer-serum-og-oljer\/amla-olje\/dabur-amla-hair-oil-cooling\/","title":{"rendered":"Dabur Amla Hair Oil Cooling"},"content":{"rendered":"<p><span style=\"color: #424242; font-family: 'Open Sans', sans-serif; font-size: 14px;\">Dabur Amla Hair Oil Cooling. Varme og fuktig v\u00e6r for\u00e5rsaker stress og tretthet. Dabur har med tillit gjennom 125 \u00e5r gitt deg hemmeligheten for vakkert h\u00e5r som Dabur Amla. Ny banebrytende formel. Dabur Amla Cooling Oil med Amla olje, Mentha Peperita olje, Canola olje, Elaeis olje, Sweet Almond olje, Sandal olje, Camphor olje gir kj\u00f8lende effekt for \u00e5 gi \u00f8yeblikkelig lindring fra varme og stress. Den bidrar ogs\u00e5 til \u00e5 gi n\u00e6ring og styrke h\u00e5ret fra rot til topp for \u00e5 gi deg langt, sterkt og vakkert h\u00e5r.     <\/span><\/p>\n","protected":false},"excerpt":{"rendered":"<p><span style=\"color: #424242; font-family: 'Open Sans', sans-serif; font-size: 14px;\">Dabur Amla Hair Oil Cooling. Varme og fuktig v\u00e6r for\u00e5rsaker stress og tretthet. Dabur har med tillit i over 125 \u00e5r gitt deg hemmeligheten for vakkert h\u00e5r som Dabur Amla. Ny gjennombruddsformel &#8230;   <\/span><\/p>\n","protected":false},"featured_media":8621,"comment_status":"open","ping_status":"closed","template":"","meta":[],"product_brand":[2154],"product_cat":[1899,1622],"product_tag":[2327,1623,2081],"class_list":{"0":"post-8622","1":"product","2":"type-product","3":"status-publish","4":"has-post-thumbnail","6":"product_brand-dabur-amla","7":"product_cat-amla-olje","8":"product_cat-haroljer","9":"product_tag-amlaolje","10":"product_tag-harolje-no","11":"product_tag-harpleieolje","13":"first","14":"instock","15":"shipping-taxable","16":"purchasable","17":"product-type-variable"},"_links":{"self":[{"href":"https:\/\/yohannaa.com\/no\/wp-json\/wp\/v2\/product\/8622","targetHints":{"allow":["GET"]}}],"collection":[{"href":"https:\/\/yohannaa.com\/no\/wp-json\/wp\/v2\/product"}],"about":[{"href":"https:\/\/yohannaa.com\/no\/wp-json\/wp\/v2\/types\/product"}],"replies":[{"embeddable":true,"href":"https:\/\/yohannaa.com\/no\/wp-json\/wp\/v2\/comments?post=8622"}],"wp:featuredmedia":[{"embeddable":true,"href":"https:\/\/yohannaa.com\/no\/wp-json\/wp\/v2\/media\/8621"}],"wp:attachment":[{"href":"https:\/\/yohannaa.com\/no\/wp-json\/wp\/v2\/media?parent=8622"}],"wp:term":[{"taxonomy":"product_brand","embeddable":true,"href":"https:\/\/yohannaa.com\/no\/wp-json\/wp\/v2\/product_brand?post=8622"},{"taxonomy":"product_cat","embeddable":true,"href":"https:\/\/yohannaa.com\/no\/wp-json\/wp\/v2\/product_cat?post=8622"},{"taxonomy":"product_tag","embeddable":true,"href":"https:\/\/yohannaa.com\/no\/wp-json\/wp\/v2\/product_tag?post=8622"}],"curies":[{"name":"wp","href":"https:\/\/api.w.org\/{rel}","templated":true}]}}