{"id":8616,"date":"2024-12-01T23:09:36","date_gmt":"2024-12-01T23:09:36","guid":{"rendered":"https:\/\/yohannaa.com\/product\/curl-love-moisture-milk\/"},"modified":"2024-11-24T01:09:36","modified_gmt":"2024-11-24T01:09:36","slug":"curl-love-moisture-milk","status":"publish","type":"product","link":"https:\/\/yohannaa.com\/no\/shop\/harpleie\/fuktighetskremer-for-haret\/fuktighetsgivende-krem-og-lotion\/curl-love-moisture-milk\/","title":{"rendered":"Curl Love Moisture Milk"},"content":{"rendered":"<p>Camille Rose Curl Love Moisture Milk 240 ml N\u00e6rende rismelk er fortykket med v\u00e5r naturlige oljemelange av \u00f8kologisk avokado, ricinus og macadamia. For fuktighetsgivende og styrkende egenskaper blandes juicedr\u00e5per av nyperoser og aloe med gr\u00f8nn teekstrakt og piskes sammen i denne hverdagslige melkekremblandingen.<\/p>\n<p>&nbsp;<\/p>\n<p><strong>GOURMETINGREDIENSER:<\/strong><\/p>\n<p>Rismelk gir sterke vitaminer A, D og B12. Macadamiafr\u00f8olje Forsegler h\u00e5rstr\u00e5ene og bidrar til \u00e5 forebygge avbrekk. Slippery Elm Bark mykgj\u00f8r og glatter ut h\u00e5rstr\u00e5et for \u00e5 l\u00f8sne h\u00e5ret.<\/p>\n<p>&nbsp;<\/p>\n<p><strong>Veibeskrivelse:<\/strong><\/p>\n<p>Etter vask og rensing av h\u00e5ret, bruk som en leave-in balsam, og p\u00e5f\u00f8r jevnt fra rot til topp. Kan ogs\u00e5 brukes til \u00e5 friske opp t\u00f8rt h\u00e5r som trenger et skudd fuktighet. <\/p>\n<p>&nbsp;<\/p>\n<p><strong>FULLSTENDIG INGREDIENSLISTE<\/strong><\/p>\n<p>Ingredienser: Avionisert vann, Behentrimonium Methosulfate og Cetearyl Alcohol, Persea Gratissima (Avocado) Oil, Oryza Sativa (Rice Bran) Oil, Aloe Barbadenis Leaf, Ricinus Communis (Castor Seed) Oil, Ternifolia (Macademia Nut) Seed Oil, Sorbitol, Camellia (gr\u00f8nn te) Sinensis Leaf, Oryza Sativa (ris) Milk, Rosa Canina (nype) Seed Oil, Cetearyl Alcohol, Ceteareth 20, Slippery Elm (Ulmus Fulva) bark, Phenoxyethanol, Caprylyl Glycol, Sorbic Acid, Scent and Love.<\/p>\n<p>&nbsp;<\/p>\n","protected":false},"excerpt":{"rendered":"<p>N\u00e6rende rismelk er fortykket med v\u00e5r naturlige oljemelange av \u00f8kologisk avokado, ricinus og macadamia. For \u00e5 gi fuktighet og styrke, er juicedr\u00e5per av nyperoser og aloe blandet med gr\u00f8nn teekstrakt og vispet sammen i denne hverdagslige melkekremblandingen. <\/p>\n","protected":false},"featured_media":8615,"comment_status":"open","ping_status":"closed","template":"","meta":[],"product_brand":[1221],"product_cat":[1521],"product_tag":[1515],"class_list":{"0":"post-8616","1":"product","2":"type-product","3":"status-publish","4":"has-post-thumbnail","6":"product_brand-camille-rose","7":"product_cat-fuktighetsgivende-krem-og-lotion","8":"product_tag-harpleie-fuktighet","10":"first","11":"instock","12":"shipping-taxable","13":"purchasable","14":"product-type-simple"},"_links":{"self":[{"href":"https:\/\/yohannaa.com\/no\/wp-json\/wp\/v2\/product\/8616","targetHints":{"allow":["GET"]}}],"collection":[{"href":"https:\/\/yohannaa.com\/no\/wp-json\/wp\/v2\/product"}],"about":[{"href":"https:\/\/yohannaa.com\/no\/wp-json\/wp\/v2\/types\/product"}],"replies":[{"embeddable":true,"href":"https:\/\/yohannaa.com\/no\/wp-json\/wp\/v2\/comments?post=8616"}],"wp:featuredmedia":[{"embeddable":true,"href":"https:\/\/yohannaa.com\/no\/wp-json\/wp\/v2\/media\/8615"}],"wp:attachment":[{"href":"https:\/\/yohannaa.com\/no\/wp-json\/wp\/v2\/media?parent=8616"}],"wp:term":[{"taxonomy":"product_brand","embeddable":true,"href":"https:\/\/yohannaa.com\/no\/wp-json\/wp\/v2\/product_brand?post=8616"},{"taxonomy":"product_cat","embeddable":true,"href":"https:\/\/yohannaa.com\/no\/wp-json\/wp\/v2\/product_cat?post=8616"},{"taxonomy":"product_tag","embeddable":true,"href":"https:\/\/yohannaa.com\/no\/wp-json\/wp\/v2\/product_tag?post=8616"}],"curies":[{"name":"wp","href":"https:\/\/api.w.org\/{rel}","templated":true}]}}