{"id":8606,"date":"2024-11-23T23:00:08","date_gmt":"2024-11-23T23:00:08","guid":{"rendered":"https:\/\/yohannaa.com\/product\/shine-n-jam-magic-fingers-for-braiders-extra-firm-holds\/"},"modified":"2024-11-24T00:49:08","modified_gmt":"2024-11-24T00:49:08","slug":"shine-n-jam-magic-fingers-for-braiders-extra-firm-holds","status":"publish","type":"product","link":"https:\/\/yohannaa.com\/no\/shop\/harpleie\/harstyling\/stylinggele\/shine-n-jam-magic-fingers-for-braiders-extra-firm-holds\/","title":{"rendered":"Shine N Jam Magic Fingers For Braiders Extra Firm Holds"},"content":{"rendered":"<p>Shine N Jam Magic Fingers For Braiders Extra Firm Holder 113G<\/p>\n<p><span style=\"color: #424242; font-family: 'Open Sans', sans-serif; font-size: 14px;\">Shine &#8216;n Jam Magic Fingers er et allsidig nytt produkt som er designet for \u00e5 fungere p\u00e5 alle h\u00e5rstrukturer for \u00e5 oppn\u00e5 flere stiler som fletter, hestehaler, locs og snodd.<\/span><\/p>\n<p>&nbsp;<\/p>\n<p style=\"box-sizing: border-box; margin: 20px 0px 0px; color: #424242; font-family: 'Open Sans', sans-serif; font-size: 14px;\"><span style=\"box-sizing: border-box; font-weight: bold; color: #000000;\">Bruksanvisning :<\/span><\/p>\n<p><span style=\"color: #424242; font-family: 'Open Sans', sans-serif; font-size: 14px;\">P\u00e5f\u00f8r \u00f8nsket mengde p\u00e5 fingertuppene og glatt h\u00e5rfestet for et suverent hold. Lukk godt etter hver bruk. Oppbevares i romtemperatur.  <\/span><\/p>\n","protected":false},"excerpt":{"rendered":"<p><span style=\"color: #424242; font-family: 'Open Sans', sans-serif; font-size: 14px;\">Shine &#8216;n Jam Magic Fingers er et allsidig nytt produkt som er designet for \u00e5 fungere p\u00e5 alle h\u00e5rstrukturer for \u00e5 oppn\u00e5 flere stiler som fletter, hestehaler, locs og snodd.<\/span><\/p>\n","protected":false},"featured_media":8605,"comment_status":"open","ping_status":"closed","template":"","meta":[],"product_brand":[2199],"product_cat":[1597],"product_tag":[2322,2085],"class_list":{"0":"post-8606","1":"product","2":"type-product","3":"status-publish","4":"has-post-thumbnail","6":"product_brand-shine-n-jam","7":"product_cat-stylinggele","8":"product_tag-harpleie-styling","9":"product_tag-harpleiegele","11":"first","12":"instock","13":"shipping-taxable","14":"purchasable","15":"product-type-simple"},"_links":{"self":[{"href":"https:\/\/yohannaa.com\/no\/wp-json\/wp\/v2\/product\/8606","targetHints":{"allow":["GET"]}}],"collection":[{"href":"https:\/\/yohannaa.com\/no\/wp-json\/wp\/v2\/product"}],"about":[{"href":"https:\/\/yohannaa.com\/no\/wp-json\/wp\/v2\/types\/product"}],"replies":[{"embeddable":true,"href":"https:\/\/yohannaa.com\/no\/wp-json\/wp\/v2\/comments?post=8606"}],"wp:featuredmedia":[{"embeddable":true,"href":"https:\/\/yohannaa.com\/no\/wp-json\/wp\/v2\/media\/8605"}],"wp:attachment":[{"href":"https:\/\/yohannaa.com\/no\/wp-json\/wp\/v2\/media?parent=8606"}],"wp:term":[{"taxonomy":"product_brand","embeddable":true,"href":"https:\/\/yohannaa.com\/no\/wp-json\/wp\/v2\/product_brand?post=8606"},{"taxonomy":"product_cat","embeddable":true,"href":"https:\/\/yohannaa.com\/no\/wp-json\/wp\/v2\/product_cat?post=8606"},{"taxonomy":"product_tag","embeddable":true,"href":"https:\/\/yohannaa.com\/no\/wp-json\/wp\/v2\/product_tag?post=8606"}],"curies":[{"name":"wp","href":"https:\/\/api.w.org\/{rel}","templated":true}]}}