{"id":8589,"date":"2024-11-24T00:18:15","date_gmt":"2024-11-24T00:18:15","guid":{"rendered":"https:\/\/yohannaa.com\/product\/shine-n-jam-conditioning-gel-extra-hold-med-honningekstrakt\/"},"modified":"2024-11-24T02:21:34","modified_gmt":"2024-11-24T02:21:34","slug":"shine-n-jam-conditioning-gel-extra-hold-med-honningekstrakt","status":"publish","type":"product","link":"https:\/\/yohannaa.com\/no\/shop\/harpleie\/harstyling\/stylinggele\/shine-n-jam-conditioning-gel-extra-hold-med-honningekstrakt\/","title":{"rendered":"Shine N Jam Conditioning Gel Extra Hold med honningekstrakt"},"content":{"rendered":"<p><strong>Shine N Jam Conditioning Gel Extra Hold med honningekstrakt<\/strong><\/p>\n<p><span style=\"color: #424242; font-family: 'Open Sans', sans-serif; font-size: 14px;\">Ampro Pro Styles New Shine n Jam Extra Hold, gelen du har ventet p\u00e5 Fri for alkohol, parabener, voks, petrolatum og silikoner. Denne fuktighetsgivende gelen som ikke flasser, har et fast, ikke-fettete hold. Tilsatt honningekstrakt for \u00e5 styrke h\u00e5ret. Perfekt til myke b\u00f8lger, fletter, lokker, snirkler eller hvilken som helst stil du m\u00e5tte \u00f8nske.   <\/span><\/p>\n<p>&nbsp;<\/p>\n<p style=\"box-sizing: border-box; margin: 20px 0px 0px; color: #424242; font-family: 'Open Sans', sans-serif; font-size: 14px;\"><span style=\"box-sizing: border-box; font-weight: bold; color: #000000;\">Bruksanvisning :<\/span><\/p>\n<p><span style=\"color: #424242; font-family: 'Open Sans', sans-serif; font-size: 14px;\">Arbeid gjennom h\u00e5ret og style som \u00f8nsket. Unng\u00e5 overdreven oppbygging og sjamponer regelmessig. Sett p\u00e5 et tett lokk etter hver bruk. Oppbevares i romtemperatur.   <\/span><br style=\"box-sizing: border-box; color: #424242; font-family: 'Open Sans', sans-serif; font-size: 14px;\"><br style=\"box-sizing: border-box; color: #424242; font-family: 'Open Sans', sans-serif; font-size: 14px;\"><span style=\"box-sizing: border-box; font-weight: bold; color: #424242; font-family: 'Open Sans', sans-serif; font-size: 14px;\">Fletting:  <\/span><span style=\"color: #424242; font-family: 'Open Sans', sans-serif; font-size: 14px;\">F\u00f8rstevalget blant flettere. Del h\u00e5ret i \u00f8nsket seksjon og p\u00e5f\u00f8r produkt i h\u00e5ret ved r\u00f8ttene. G\u00e5 over seksjonen med en kam for \u00e5 f\u00e5 en skarp del. Bruk en kam, p\u00e5f\u00f8r ekstra produkt i seksjonen med en kam for \u00e5 f\u00e5 en skarp del. Bruk en kam, p\u00e5f\u00f8r ytterligere produkt i seksjonen og begynn \u00e5 flette.    <\/span><br style=\"box-sizing: border-box; color: #424242; font-family: 'Open Sans', sans-serif; font-size: 14px;\"><br style=\"box-sizing: border-box; color: #424242; font-family: 'Open Sans', sans-serif; font-size: 14px;\"><span style=\"box-sizing: border-box; font-weight: bold; color: #424242; font-family: 'Open Sans', sans-serif; font-size: 14px;\">L\u00e5sing :<\/span><span style=\"color: #424242; font-family: 'Open Sans', sans-serif; font-size: 14px;\"> P\u00e5f\u00f8r en moderat mengde p\u00e5 r\u00f8ttene og kam gjennom ny vekst, og vri deretter h\u00e5ret.<\/span><br style=\"box-sizing: border-box; color: #424242; font-family: 'Open Sans', sans-serif; font-size: 14px;\"><br style=\"box-sizing: border-box; color: #424242; font-family: 'Open Sans', sans-serif; font-size: 14px;\"><\/p>\n<p><span style=\"box-sizing: border-box; font-weight: bold; color: #424242; font-family: 'Open Sans', sans-serif; font-size: 14px;\">Utjevning :<\/span><span style=\"color: #424242; font-family: 'Open Sans', sans-serif; font-size: 14px;\">P\u00e5f\u00f8r en liten mengde p\u00e5 kantene eller det avsmalnende omr\u00e5det av h\u00e5ret med kam og glatt ned.<\/span><span style=\"color: #424242; font-family: 'Open Sans', sans-serif; font-size: 14px;\">Ampro Pro Styles New Shine n Jam Extra Hold, gelen du har ventet p\u00e5 Fri for alkohol, parabener, voks, petrolatum og silikoner. Denne fuktighetsgivende gelen som ikke flasser, har et fast, ikke-fettete hold. Tilsatt honningekstrakt for \u00e5 styrke h\u00e5ret. Perfekt til myke b\u00f8lger, fletter, lokker, snirkler eller hvilken som helst stil du m\u00e5tte \u00f8nske.   <\/span><\/p>\n","protected":false},"excerpt":{"rendered":"<p><span style=\"color: #424242; font-family: 'Open Sans', sans-serif; font-size: 14px;\">Ampro Pro Styles New Shine n Jam Extra Hold, gelen du har ventet p\u00e5 Fri for alkohol, parabener, voks, petrolatum og silikoner. Denne fuktighetsgivende gelen som ikke flasser, har et fast, ikke-fettete hold. Tilsatt honningekstrakt for \u00e5 styrke h\u00e5ret. Perfekt til myke b\u00f8lger, fletter, lokker, snirkler eller hvilken som helst stil du m\u00e5tte \u00f8nske.   <\/span><\/p>\n","protected":false},"featured_media":8593,"comment_status":"open","ping_status":"closed","template":"","meta":[],"product_brand":[2199],"product_cat":[1597],"product_tag":[2322,2085],"class_list":{"0":"post-8589","1":"product","2":"type-product","3":"status-publish","4":"has-post-thumbnail","6":"product_brand-shine-n-jam","7":"product_cat-stylinggele","8":"product_tag-harpleie-styling","9":"product_tag-harpleiegele","11":"first","12":"instock","13":"shipping-taxable","14":"purchasable","15":"product-type-variable"},"_links":{"self":[{"href":"https:\/\/yohannaa.com\/no\/wp-json\/wp\/v2\/product\/8589","targetHints":{"allow":["GET"]}}],"collection":[{"href":"https:\/\/yohannaa.com\/no\/wp-json\/wp\/v2\/product"}],"about":[{"href":"https:\/\/yohannaa.com\/no\/wp-json\/wp\/v2\/types\/product"}],"replies":[{"embeddable":true,"href":"https:\/\/yohannaa.com\/no\/wp-json\/wp\/v2\/comments?post=8589"}],"wp:featuredmedia":[{"embeddable":true,"href":"https:\/\/yohannaa.com\/no\/wp-json\/wp\/v2\/media\/8593"}],"wp:attachment":[{"href":"https:\/\/yohannaa.com\/no\/wp-json\/wp\/v2\/media?parent=8589"}],"wp:term":[{"taxonomy":"product_brand","embeddable":true,"href":"https:\/\/yohannaa.com\/no\/wp-json\/wp\/v2\/product_brand?post=8589"},{"taxonomy":"product_cat","embeddable":true,"href":"https:\/\/yohannaa.com\/no\/wp-json\/wp\/v2\/product_cat?post=8589"},{"taxonomy":"product_tag","embeddable":true,"href":"https:\/\/yohannaa.com\/no\/wp-json\/wp\/v2\/product_tag?post=8589"}],"curies":[{"name":"wp","href":"https:\/\/api.w.org\/{rel}","templated":true}]}}