{"id":8574,"date":"2024-11-23T20:22:26","date_gmt":"2024-11-23T20:22:26","guid":{"rendered":"https:\/\/yohannaa.com\/product\/vatika-naturals-castor-enriched-hair-oil\/"},"modified":"2024-11-23T20:22:26","modified_gmt":"2024-11-23T20:22:26","slug":"vatika-naturals-castor-enriched-hair-oil","status":"publish","type":"product","link":"https:\/\/yohannaa.com\/no\/shop\/harpleie\/sprayer-serum-og-oljer\/haroljer\/vatika-naturals-castor-enriched-hair-oil\/","title":{"rendered":"Vatika Naturals Castor Enriched Hair Oil"},"content":{"rendered":"<p>Gi h\u00e5ret n\u00e6ring p\u00e5 bare 20 minutter med den nye Castor-berikede h\u00e5roljen fra Vatika for menn og kvinner. Vatika Hair Oils er unikt beriket med p\u00e5litelige naturlige ingredienser. Den nye og forbedrede formuleringen kombinerer helt naturlige ingredienser med vitamin A, E og F. Ricinusolje er en av de beste oljene for h\u00e5rbehandling, og har et h\u00f8yt innhold av omegaer og ricinolfettsyrer, noe som er sv\u00e6rt gunstig for h\u00e5rsekkene. Bruk den regelmessig som en n\u00e6rende h\u00e5rpleiebehandling for sterkere, fyldigere h\u00e5r og ekstra glans. Den 100 % naturlige formelen fra Vatika Naturals Castor Oil for menn og kvinner er fri for parabener, sulfater og silikoner. Styrk h\u00e5ret fra rot til topp med Vatika Naturals Castor Enriched Oil for spenstig og tykt h\u00e5r!     <\/p>\n","protected":false},"excerpt":{"rendered":"<p>Gi h\u00e5ret n\u00e6ring p\u00e5 bare 20 minutter med den nye Castor-berikede h\u00e5roljen fra Vatika for menn og kvinner. Vatika Hair Oils er unikt beriket med p\u00e5litelige naturlige ingredienser. <\/p>\n","protected":false},"featured_media":8565,"comment_status":"open","ping_status":"closed","template":"","meta":[],"product_brand":[2190],"product_cat":[1622],"product_tag":[],"class_list":{"0":"post-8574","1":"product","2":"type-product","3":"status-publish","4":"has-post-thumbnail","6":"product_brand-vatika","7":"product_cat-haroljer","9":"first","10":"instock","11":"shipping-taxable","12":"purchasable","13":"product-type-variable"},"_links":{"self":[{"href":"https:\/\/yohannaa.com\/no\/wp-json\/wp\/v2\/product\/8574","targetHints":{"allow":["GET"]}}],"collection":[{"href":"https:\/\/yohannaa.com\/no\/wp-json\/wp\/v2\/product"}],"about":[{"href":"https:\/\/yohannaa.com\/no\/wp-json\/wp\/v2\/types\/product"}],"replies":[{"embeddable":true,"href":"https:\/\/yohannaa.com\/no\/wp-json\/wp\/v2\/comments?post=8574"}],"wp:featuredmedia":[{"embeddable":true,"href":"https:\/\/yohannaa.com\/no\/wp-json\/wp\/v2\/media\/8565"}],"wp:attachment":[{"href":"https:\/\/yohannaa.com\/no\/wp-json\/wp\/v2\/media?parent=8574"}],"wp:term":[{"taxonomy":"product_brand","embeddable":true,"href":"https:\/\/yohannaa.com\/no\/wp-json\/wp\/v2\/product_brand?post=8574"},{"taxonomy":"product_cat","embeddable":true,"href":"https:\/\/yohannaa.com\/no\/wp-json\/wp\/v2\/product_cat?post=8574"},{"taxonomy":"product_tag","embeddable":true,"href":"https:\/\/yohannaa.com\/no\/wp-json\/wp\/v2\/product_tag?post=8574"}],"curies":[{"name":"wp","href":"https:\/\/api.w.org\/{rel}","templated":true}]}}