{"id":8558,"date":"2024-11-23T19:52:01","date_gmt":"2024-11-23T19:52:01","guid":{"rendered":"https:\/\/yohannaa.com\/product\/vatika-naturals-argan-enriched-hair-oil\/"},"modified":"2024-11-23T19:52:01","modified_gmt":"2024-11-23T19:52:01","slug":"vatika-naturals-argan-enriched-hair-oil","status":"publish","type":"product","link":"https:\/\/yohannaa.com\/no\/shop\/harpleie\/sprayer-serum-og-oljer\/haroljer\/vatika-naturals-argan-enriched-hair-oil\/","title":{"rendered":"Vatika Naturals Argan Enriched Hair Oil"},"content":{"rendered":"<p>Gi n\u00e6ring til dine dyrebare h\u00e5rstr\u00e5 p\u00e5 bare 20 minutter med Vatika Naturals Argan Enriched Hair Oil for fuktig og mykt h\u00e5r med vitamin A, E og F. Denne formelen av arganolje med de unike fordelene av h\u00e5rolje fungerer best p\u00e5 t\u00f8rt og krusete h\u00e5r og gir den glansen og styrken du trenger! Argan Hair Oil gir h\u00e5ret et fornyet utseende og en f\u00f8lelse av silkeaktig perfeksjon og str\u00e5lende glans. Det er det ultimate styling- og etterbehandlingsproduktet for sunt og glansfullt h\u00e5r! Den er ikke-fettete, alkoholfri og absorberes umiddelbart for \u00e5 jevne ut skjellaget og gi silkeaktig og krusfritt h\u00e5r. Beskytter, gjenoppliver og l\u00f8sner naturlig h\u00e5r, parykker og extensions uansett tekstur. Styrk h\u00e5ret fra rot til spiss med Vatika Naturals Argan Enriched Hair Oil med livlige vitaminer!     <\/p>\n","protected":false},"excerpt":{"rendered":"<p>Plei dine dyrebare h\u00e5rstr\u00e5 p\u00e5 bare 20 minutter med Vatika Naturals Argan Enriched Hair Oil for fuktig og mykt h\u00e5r med vitamin A, E og F<\/p>\n","protected":false},"featured_media":8557,"comment_status":"open","ping_status":"closed","template":"","meta":[],"product_brand":[2190],"product_cat":[1622],"product_tag":[],"class_list":{"0":"post-8558","1":"product","2":"type-product","3":"status-publish","4":"has-post-thumbnail","6":"product_brand-vatika","7":"product_cat-haroljer","9":"first","10":"instock","11":"shipping-taxable","12":"purchasable","13":"product-type-variable"},"_links":{"self":[{"href":"https:\/\/yohannaa.com\/no\/wp-json\/wp\/v2\/product\/8558","targetHints":{"allow":["GET"]}}],"collection":[{"href":"https:\/\/yohannaa.com\/no\/wp-json\/wp\/v2\/product"}],"about":[{"href":"https:\/\/yohannaa.com\/no\/wp-json\/wp\/v2\/types\/product"}],"replies":[{"embeddable":true,"href":"https:\/\/yohannaa.com\/no\/wp-json\/wp\/v2\/comments?post=8558"}],"wp:featuredmedia":[{"embeddable":true,"href":"https:\/\/yohannaa.com\/no\/wp-json\/wp\/v2\/media\/8557"}],"wp:attachment":[{"href":"https:\/\/yohannaa.com\/no\/wp-json\/wp\/v2\/media?parent=8558"}],"wp:term":[{"taxonomy":"product_brand","embeddable":true,"href":"https:\/\/yohannaa.com\/no\/wp-json\/wp\/v2\/product_brand?post=8558"},{"taxonomy":"product_cat","embeddable":true,"href":"https:\/\/yohannaa.com\/no\/wp-json\/wp\/v2\/product_cat?post=8558"},{"taxonomy":"product_tag","embeddable":true,"href":"https:\/\/yohannaa.com\/no\/wp-json\/wp\/v2\/product_tag?post=8558"}],"curies":[{"name":"wp","href":"https:\/\/api.w.org\/{rel}","templated":true}]}}