{"id":8536,"date":"2024-11-23T18:58:31","date_gmt":"2024-11-23T18:58:31","guid":{"rendered":"https:\/\/yohannaa.com\/product\/vatika-naturals-kokosnottberiket-harolje-for-volum-og-tykkelse\/"},"modified":"2024-11-24T00:05:39","modified_gmt":"2024-11-24T00:05:39","slug":"vatika-naturals-kokosnottberiket-harolje-for-volum-og-tykkelse","status":"publish","type":"product","link":"https:\/\/yohannaa.com\/no\/shop\/harpleie\/sprayer-serum-og-oljer\/haroljer\/vatika-naturals-kokosnottberiket-harolje-for-volum-og-tykkelse\/","title":{"rendered":"Vatika Naturals kokosn\u00f8ttberiket h\u00e5rolje for volum og tykkelse"},"content":{"rendered":"<p>Gi n\u00e6ring til dine dyrebare h\u00e5rstr\u00e5 p\u00e5 bare 20 minutter med Vatika Naturals Coconut Enriched Hair Oil for Volume and thickness med vitamin A, E og F. Den naturlige kokosn\u00f8ttoljen for tynt h\u00e5r hos menn, kvinner og barn er en blanding av ulike naturlige urter som styrker h\u00e5rsekkene dine og forbedrer glansen. Den perfekte blandingen av kokosn\u00f8tt, ricinus og henna vil hjelpe deg med \u00e5 oppn\u00e5 det spretne, sunne h\u00e5ret med masse volum som du alltid har dr\u00f8mt om! Den 100 % naturlige formelen fra Vatika Naturals Coconut Oil er fri for parabener, sulfater og silikon. Styrk h\u00e5ret ditt fra rot til topp med Vatika Naturals Enriched Coconut Hair Oil med alle urtebladene.   <\/p>\n","protected":false},"excerpt":{"rendered":"<p>Gi dine dyrebare h\u00e5rstr\u00e5 n\u00e6ring p\u00e5 bare 20 minutter med Vatika Naturals Coconut Enriched Hair Oil for volum og tykkelse med vitamin A, E og F.<\/p>\n","protected":false},"featured_media":8535,"comment_status":"open","ping_status":"closed","template":"","meta":[],"product_brand":[2190],"product_cat":[1622],"product_tag":[2081],"class_list":{"0":"post-8536","1":"product","2":"type-product","3":"status-publish","4":"has-post-thumbnail","6":"product_brand-vatika","7":"product_cat-haroljer","8":"product_tag-harpleieolje","10":"first","11":"instock","12":"shipping-taxable","13":"purchasable","14":"product-type-variable"},"_links":{"self":[{"href":"https:\/\/yohannaa.com\/no\/wp-json\/wp\/v2\/product\/8536","targetHints":{"allow":["GET"]}}],"collection":[{"href":"https:\/\/yohannaa.com\/no\/wp-json\/wp\/v2\/product"}],"about":[{"href":"https:\/\/yohannaa.com\/no\/wp-json\/wp\/v2\/types\/product"}],"replies":[{"embeddable":true,"href":"https:\/\/yohannaa.com\/no\/wp-json\/wp\/v2\/comments?post=8536"}],"wp:featuredmedia":[{"embeddable":true,"href":"https:\/\/yohannaa.com\/no\/wp-json\/wp\/v2\/media\/8535"}],"wp:attachment":[{"href":"https:\/\/yohannaa.com\/no\/wp-json\/wp\/v2\/media?parent=8536"}],"wp:term":[{"taxonomy":"product_brand","embeddable":true,"href":"https:\/\/yohannaa.com\/no\/wp-json\/wp\/v2\/product_brand?post=8536"},{"taxonomy":"product_cat","embeddable":true,"href":"https:\/\/yohannaa.com\/no\/wp-json\/wp\/v2\/product_cat?post=8536"},{"taxonomy":"product_tag","embeddable":true,"href":"https:\/\/yohannaa.com\/no\/wp-json\/wp\/v2\/product_tag?post=8536"}],"curies":[{"name":"wp","href":"https:\/\/api.w.org\/{rel}","templated":true}]}}