{"id":8514,"date":"2024-11-23T13:55:01","date_gmt":"2024-11-23T13:55:01","guid":{"rendered":"https:\/\/yohannaa.com\/product\/vatika-naturals-hvitloksberiket-harolje\/"},"modified":"2024-11-23T13:55:01","modified_gmt":"2024-11-23T13:55:01","slug":"vatika-naturals-hvitloksberiket-harolje","status":"publish","type":"product","link":"https:\/\/yohannaa.com\/no\/shop\/harpleie\/sprayer-serum-og-oljer\/haroljer\/vatika-naturals-hvitloksberiket-harolje\/","title":{"rendered":"Vatika Naturals hvitl\u00f8ksberiket h\u00e5rolje"},"content":{"rendered":"<p>Gi n\u00e6ring til dine dyrebare h\u00e5rstr\u00e5 p\u00e5 bare 20 minutter med den hvitl\u00f8ksberikede h\u00e5roljen for vekst og styrke fra vatika med vitamin a, e og f. De naturlige ingrediensene som hvitl\u00f8k gj\u00f8r h\u00e5ret ditt ekstra sterkt og glatt, slik at du unng\u00e5r brudd! den 100 % naturlige formelen fra vatika naturals hvitl\u00f8ksberiket h\u00e5rolje er fri for parabener, sulfat og sliiconer. Styrk h\u00e5ret ditt fra rot til topp med vatika naturals hvitl\u00f8ksberiket h\u00e5rolje!  <\/p>\n","protected":false},"excerpt":{"rendered":"<p>Gi n\u00e6ring til dine dyrebare h\u00e5rstr\u00e5 p\u00e5 bare 20 minutter med den hvitl\u00f8ksberikede h\u00e5roljen for vekst og styrke fra vatika med de gode vitaminene a, e og f.<\/p>\n","protected":false},"featured_media":8513,"comment_status":"open","ping_status":"closed","template":"","meta":[],"product_brand":[2190],"product_cat":[1622],"product_tag":[],"class_list":{"0":"post-8514","1":"product","2":"type-product","3":"status-publish","4":"has-post-thumbnail","6":"product_brand-vatika","7":"product_cat-haroljer","9":"first","10":"instock","11":"shipping-taxable","12":"product-type-variable"},"_links":{"self":[{"href":"https:\/\/yohannaa.com\/no\/wp-json\/wp\/v2\/product\/8514","targetHints":{"allow":["GET"]}}],"collection":[{"href":"https:\/\/yohannaa.com\/no\/wp-json\/wp\/v2\/product"}],"about":[{"href":"https:\/\/yohannaa.com\/no\/wp-json\/wp\/v2\/types\/product"}],"replies":[{"embeddable":true,"href":"https:\/\/yohannaa.com\/no\/wp-json\/wp\/v2\/comments?post=8514"}],"wp:featuredmedia":[{"embeddable":true,"href":"https:\/\/yohannaa.com\/no\/wp-json\/wp\/v2\/media\/8513"}],"wp:attachment":[{"href":"https:\/\/yohannaa.com\/no\/wp-json\/wp\/v2\/media?parent=8514"}],"wp:term":[{"taxonomy":"product_brand","embeddable":true,"href":"https:\/\/yohannaa.com\/no\/wp-json\/wp\/v2\/product_brand?post=8514"},{"taxonomy":"product_cat","embeddable":true,"href":"https:\/\/yohannaa.com\/no\/wp-json\/wp\/v2\/product_cat?post=8514"},{"taxonomy":"product_tag","embeddable":true,"href":"https:\/\/yohannaa.com\/no\/wp-json\/wp\/v2\/product_tag?post=8514"}],"curies":[{"name":"wp","href":"https:\/\/api.w.org\/{rel}","templated":true}]}}