{"id":8490,"date":"2024-11-22T01:41:45","date_gmt":"2024-11-22T01:41:45","guid":{"rendered":"https:\/\/yohannaa.com\/product\/vatika-naturals-almond-enriched-hair-oil\/"},"modified":"2024-11-24T00:05:38","modified_gmt":"2024-11-24T00:05:38","slug":"vatika-naturals-almond-enriched-hair-oil","status":"publish","type":"product","link":"https:\/\/yohannaa.com\/no\/shop\/harpleie\/sprayer-serum-og-oljer\/haroljer\/vatika-naturals-almond-enriched-hair-oil\/","title":{"rendered":"Vatika Naturals Almond Enriched Hair Oil"},"content":{"rendered":"<p>Gi n\u00e6ring til dine spesielle h\u00e5rstr\u00e5 p\u00e5 bare 20 minutter med Vatika Naturals Almond Enriched Hair Oil for mykt og glansfullt h\u00e5r med fordelene av vitamin A, E og F. Vatika Almond Enriched Hair Oil hjelper til med \u00e5 gjenopplive h\u00e5rskader, den inneholder n\u00e6rende ekstrakter av mandel-, sesam- og kokosn\u00f8ttolje. Den unike formuleringen bidrar til \u00e5 myke opp, fukte og pleie h\u00e5ret. Den kontrollerer skadene som for\u00e5rsakes av f\u00f8nt\u00f8rking, h\u00e5rfarging og harde kamstr\u00f8k som skader skjellaget som dekker h\u00e5ret. Den 100 % naturlige formelen fra Vatika Naturals Almond Oil er fri for parabener, sulfater og sliiconer. Styrk h\u00e5ret fra rot til topp med Vatika Naturals Almond Enriched Hair Oil med alle de naturlige urtene.    <\/p>\n","protected":false},"excerpt":{"rendered":"<p>Gi n\u00e6ring til de spesielle h\u00e5rstr\u00e5ene dine p\u00e5 bare 20 minutter med Vatika Naturals Almond Enriched Hair Oil for mykt og glansfullt h\u00e5r med fordelene av vitamin A, E og F.<\/p>\n","protected":false},"featured_media":8487,"comment_status":"open","ping_status":"closed","template":"","meta":[],"product_brand":[2190],"product_cat":[1622],"product_tag":[2081],"class_list":{"0":"post-8490","1":"product","2":"type-product","3":"status-publish","4":"has-post-thumbnail","6":"product_brand-vatika","7":"product_cat-haroljer","8":"product_tag-harpleieolje","10":"first","11":"instock","12":"shipping-taxable","13":"purchasable","14":"product-type-variable"},"_links":{"self":[{"href":"https:\/\/yohannaa.com\/no\/wp-json\/wp\/v2\/product\/8490","targetHints":{"allow":["GET"]}}],"collection":[{"href":"https:\/\/yohannaa.com\/no\/wp-json\/wp\/v2\/product"}],"about":[{"href":"https:\/\/yohannaa.com\/no\/wp-json\/wp\/v2\/types\/product"}],"replies":[{"embeddable":true,"href":"https:\/\/yohannaa.com\/no\/wp-json\/wp\/v2\/comments?post=8490"}],"wp:featuredmedia":[{"embeddable":true,"href":"https:\/\/yohannaa.com\/no\/wp-json\/wp\/v2\/media\/8487"}],"wp:attachment":[{"href":"https:\/\/yohannaa.com\/no\/wp-json\/wp\/v2\/media?parent=8490"}],"wp:term":[{"taxonomy":"product_brand","embeddable":true,"href":"https:\/\/yohannaa.com\/no\/wp-json\/wp\/v2\/product_brand?post=8490"},{"taxonomy":"product_cat","embeddable":true,"href":"https:\/\/yohannaa.com\/no\/wp-json\/wp\/v2\/product_cat?post=8490"},{"taxonomy":"product_tag","embeddable":true,"href":"https:\/\/yohannaa.com\/no\/wp-json\/wp\/v2\/product_tag?post=8490"}],"curies":[{"name":"wp","href":"https:\/\/api.w.org\/{rel}","templated":true}]}}