{"id":8471,"date":"2024-11-22T01:20:04","date_gmt":"2024-11-22T01:20:04","guid":{"rendered":"https:\/\/yohannaa.com\/product\/vatika-naturals-olive-hair-oil\/"},"modified":"2024-11-23T14:02:36","modified_gmt":"2024-11-23T14:02:36","slug":"vatika-naturals-olive-hair-oil","status":"publish","type":"product","link":"https:\/\/yohannaa.com\/no\/shop\/harpleie\/sprayer-serum-og-oljer\/haroljer\/vatika-naturals-olive-hair-oil\/","title":{"rendered":"Vatika Naturals Olive Hair Oil"},"content":{"rendered":"<p>Gi n\u00e6ring til dine dyrebare h\u00e5rstr\u00e5 p\u00e5 bare 20 minutter med Vatika Naturals Olive Enriched Hair Oil, som inneholder jomfruolivenolje og n\u00e6rende ekstrakter av mandler, kaktus og sitron. Vatikas unike formulering s\u00f8rger for at oljen trenger dypere inn i h\u00e5ret og hodebunnen for \u00e5 gi h\u00e5ret og hodebunnen fullstendig naturlig n\u00e6ring for problemfritt, vakkert h\u00e5r. Den 100 % naturlige h\u00e5roljen for menn og kvinner er fri for parabener, sulfater og silikoner. Styrk h\u00e5ret fra rot til spiss med Vatika Naturals Olive Enriched Hair Oil.   <\/p>\n","protected":false},"excerpt":{"rendered":"<p>Gi n\u00e6ring til dine dyrebare h\u00e5rstr\u00e5 p\u00e5 bare 20 minutter med Vatika Naturals Olive Enriched Hair Oil, som inneholder jomfruolivenolje.<\/p>\n","protected":false},"featured_media":8470,"comment_status":"open","ping_status":"closed","template":"","meta":[],"product_brand":[2190],"product_cat":[1622],"product_tag":[],"class_list":{"0":"post-8471","1":"product","2":"type-product","3":"status-publish","4":"has-post-thumbnail","6":"product_brand-vatika","7":"product_cat-haroljer","9":"first","10":"instock","11":"shipping-taxable","12":"purchasable","13":"product-type-variable"},"_links":{"self":[{"href":"https:\/\/yohannaa.com\/no\/wp-json\/wp\/v2\/product\/8471","targetHints":{"allow":["GET"]}}],"collection":[{"href":"https:\/\/yohannaa.com\/no\/wp-json\/wp\/v2\/product"}],"about":[{"href":"https:\/\/yohannaa.com\/no\/wp-json\/wp\/v2\/types\/product"}],"replies":[{"embeddable":true,"href":"https:\/\/yohannaa.com\/no\/wp-json\/wp\/v2\/comments?post=8471"}],"wp:featuredmedia":[{"embeddable":true,"href":"https:\/\/yohannaa.com\/no\/wp-json\/wp\/v2\/media\/8470"}],"wp:attachment":[{"href":"https:\/\/yohannaa.com\/no\/wp-json\/wp\/v2\/media?parent=8471"}],"wp:term":[{"taxonomy":"product_brand","embeddable":true,"href":"https:\/\/yohannaa.com\/no\/wp-json\/wp\/v2\/product_brand?post=8471"},{"taxonomy":"product_cat","embeddable":true,"href":"https:\/\/yohannaa.com\/no\/wp-json\/wp\/v2\/product_cat?post=8471"},{"taxonomy":"product_tag","embeddable":true,"href":"https:\/\/yohannaa.com\/no\/wp-json\/wp\/v2\/product_tag?post=8471"}],"curies":[{"name":"wp","href":"https:\/\/api.w.org\/{rel}","templated":true}]}}