{"id":8334,"date":"2024-11-19T17:24:22","date_gmt":"2024-11-19T17:24:22","guid":{"rendered":"https:\/\/yohannaa.com\/product\/dexe-black-hair-shampoo-classic-25-ml10-poser\/"},"modified":"2024-11-20T23:55:06","modified_gmt":"2024-11-20T23:55:06","slug":"dexe-black-hair-shampoo-classic-25-ml10-poser","status":"publish","type":"product","link":"https:\/\/yohannaa.com\/no\/shop\/harpleie\/sjampo\/fargepleie-sjampo\/dexe-black-hair-shampoo-classic-25-ml10-poser\/","title":{"rendered":"Dexe Black Hair Shampoo 25 ml X 10 poser"},"content":{"rendered":"<p>Dexe Black Hair Shampoo 25ml x 10 Sachets Dekk hvitt og gr\u00e5tt h\u00e5r: Bekjemp aldringstegnene og glem alt om hvitt og gr\u00e5tt h\u00e5r. Bare bruk en dose av denne flotte sjampoen for \u00f8yeblikkelig h\u00e5rfarging og se like ung og levende ut som du f\u00f8ler deg.<\/p>\n<p>Rask og enkel \u00e5 bruke: Bare ta p\u00e5 deg hanskene som f\u00f8lger med, p\u00e5f\u00f8r den \u00f8yeblikkelige h\u00e5rfargen i det v\u00e5te h\u00e5ret, masser i 5-10 minutter slik at sjampoen dekker hele h\u00e5ret og hodebunnen, og skyll godt. Det er alt &#8211; du har n\u00e5 et rikt, skinnende svart h\u00e5r. Type farge: Semi-permanent. Kj\u00f8nn: Unisex: Unisex. Farge: Svart. H\u00e5rtype: Alle h\u00e5rtyper. St\u00f8rrelse Type: Full st\u00f8rrelse. Hovedingredienser: fleece rotekstrakt, kollagen, gallefr\u00f8, aminosyre, vitamin E. <\/p>\n","protected":false},"excerpt":{"rendered":"<p>Dekk hvitt og gr\u00e5tt h\u00e5r: Bekjemp aldringstegnene og glem alt om hvitt og gr\u00e5tt h\u00e5r. Bare bruk en dose av denne flotte sjampoen for \u00f8yeblikkelig h\u00e5rfarging og se like ung og levende ut som du f\u00f8ler deg. <\/p>\n","protected":false},"featured_media":8457,"comment_status":"open","ping_status":"closed","template":"","meta":[],"product_brand":[2148],"product_cat":[1891,1888,1539],"product_tag":[],"class_list":{"0":"post-8334","1":"product","2":"type-product","3":"status-publish","4":"has-post-thumbnail","6":"product_brand-dexe","7":"product_cat-fargepleie-sjampo","8":"product_cat-gratt-har","9":"product_cat-sjampo-for-menn","11":"first","12":"instock","13":"shipping-taxable","14":"purchasable","15":"product-type-simple"},"_links":{"self":[{"href":"https:\/\/yohannaa.com\/no\/wp-json\/wp\/v2\/product\/8334","targetHints":{"allow":["GET"]}}],"collection":[{"href":"https:\/\/yohannaa.com\/no\/wp-json\/wp\/v2\/product"}],"about":[{"href":"https:\/\/yohannaa.com\/no\/wp-json\/wp\/v2\/types\/product"}],"replies":[{"embeddable":true,"href":"https:\/\/yohannaa.com\/no\/wp-json\/wp\/v2\/comments?post=8334"}],"wp:featuredmedia":[{"embeddable":true,"href":"https:\/\/yohannaa.com\/no\/wp-json\/wp\/v2\/media\/8457"}],"wp:attachment":[{"href":"https:\/\/yohannaa.com\/no\/wp-json\/wp\/v2\/media?parent=8334"}],"wp:term":[{"taxonomy":"product_brand","embeddable":true,"href":"https:\/\/yohannaa.com\/no\/wp-json\/wp\/v2\/product_brand?post=8334"},{"taxonomy":"product_cat","embeddable":true,"href":"https:\/\/yohannaa.com\/no\/wp-json\/wp\/v2\/product_cat?post=8334"},{"taxonomy":"product_tag","embeddable":true,"href":"https:\/\/yohannaa.com\/no\/wp-json\/wp\/v2\/product_tag?post=8334"}],"curies":[{"name":"wp","href":"https:\/\/api.w.org\/{rel}","templated":true}]}}