{"id":8331,"date":"2024-11-19T16:54:01","date_gmt":"2024-11-19T16:54:01","guid":{"rendered":"https:\/\/yohannaa.com\/product\/hoegoa-batana-oil-for-hodebunn-og-harmaske-125-ml-120-g\/"},"modified":"2024-11-19T16:54:01","modified_gmt":"2024-11-19T16:54:01","slug":"hoegoa-batana-oil-for-hodebunn-og-harmaske-125-ml-120-g","status":"publish","type":"product","link":"https:\/\/yohannaa.com\/no\/shop\/harpleie\/behandlinger\/behandling-for-tort-har\/hoegoa-batana-oil-for-hodebunn-og-harmaske-125-ml-120-g\/","title":{"rendered":"Hoegoa Batana Oil for hodebunn og h\u00e5rmaske 125 ml\/120 g"},"content":{"rendered":"<p>Den unike formelen i Batana Oil gir n\u00e6ring til h\u00e5ret fra rot til spiss, fremmer sunn h\u00e5rvekst og forebygger skader. Fukter t\u00f8rr hodebunn &#8211; Batana er en utmerket naturlig fuktighetskrem som hjelper til med \u00e5 berolige og fukte t\u00f8rr hodebunn, forbedre h\u00e5rets tekstur og gi glans til t\u00f8rre, spr\u00f8 spisser. Fuktighetsgivende for huden &#8211; Batanaolje er en utmerket fuktighetskrem som fukter huden og gj\u00f8r den mykere. Huden blir gjennomfuktet: Oljen fukter huden og holder p\u00e5 fuktigheten. N\u00e6ring til huden: Batanaolje tilf\u00f8rer huden vitaminer og fettsyrer. Styrker h\u00e5ret: Den er fullpakket med viktige n\u00e6ringsstoffer, antioksidanter og n\u00e6rende egenskaper og trenger dypt inn i h\u00e5rsekkene, noe som fremmer naturlig h\u00e5rvekst og styrker h\u00e5ret fra rot til spiss. Opplev forvandlingen n\u00e5r denne eliksiren forynger sovende h\u00e5rsekker og gir sterkere, tykkere og sunnere h\u00e5rstr\u00e5. Passer for alle h\u00e5r- og hudtyper &#8211; Med sin lette formel og behagelige duft er Batana h\u00e5rolje enkel \u00e5 innlemme i den daglige h\u00e5rpleierutinen. Den passer til alle h\u00e5rtyper.<\/p>\n<p>&nbsp;<\/p>\n","protected":false},"excerpt":{"rendered":"<p>Den unike formelen i Batana Oil gir n\u00e6ring til h\u00e5ret fra rot til topp, fremmer sunn vekst og forebygger skader.<\/p>\n","protected":false},"featured_media":8324,"comment_status":"open","ping_status":"closed","template":"","meta":[],"product_brand":[2312],"product_cat":[1637,1613],"product_tag":[],"class_list":{"0":"post-8331","1":"product","2":"type-product","3":"status-publish","4":"has-post-thumbnail","6":"product_brand-hoegoa","7":"product_cat-behandling-for-tort-har","8":"product_cat-harvekst","10":"first","11":"onbackorder","12":"shipping-taxable","13":"purchasable","14":"product-type-simple"},"_links":{"self":[{"href":"https:\/\/yohannaa.com\/no\/wp-json\/wp\/v2\/product\/8331","targetHints":{"allow":["GET"]}}],"collection":[{"href":"https:\/\/yohannaa.com\/no\/wp-json\/wp\/v2\/product"}],"about":[{"href":"https:\/\/yohannaa.com\/no\/wp-json\/wp\/v2\/types\/product"}],"replies":[{"embeddable":true,"href":"https:\/\/yohannaa.com\/no\/wp-json\/wp\/v2\/comments?post=8331"}],"wp:featuredmedia":[{"embeddable":true,"href":"https:\/\/yohannaa.com\/no\/wp-json\/wp\/v2\/media\/8324"}],"wp:attachment":[{"href":"https:\/\/yohannaa.com\/no\/wp-json\/wp\/v2\/media?parent=8331"}],"wp:term":[{"taxonomy":"product_brand","embeddable":true,"href":"https:\/\/yohannaa.com\/no\/wp-json\/wp\/v2\/product_brand?post=8331"},{"taxonomy":"product_cat","embeddable":true,"href":"https:\/\/yohannaa.com\/no\/wp-json\/wp\/v2\/product_cat?post=8331"},{"taxonomy":"product_tag","embeddable":true,"href":"https:\/\/yohannaa.com\/no\/wp-json\/wp\/v2\/product_tag?post=8331"}],"curies":[{"name":"wp","href":"https:\/\/api.w.org\/{rel}","templated":true}]}}