{"id":8209,"date":"2024-11-08T21:18:58","date_gmt":"2024-11-08T21:18:58","guid":{"rendered":"https:\/\/yohannaa.com\/product\/olivia-atlanta-braid-premium-kvalitet-syntetisk-fletteforlengelse\/"},"modified":"2024-11-08T21:18:58","modified_gmt":"2024-11-08T21:18:58","slug":"olivia-atlanta-braid-premium-kvalitet-syntetisk-fletteforlengelse","status":"publish","type":"product","link":"https:\/\/yohannaa.com\/no\/shop\/harforlengelser\/flette-harforlengelser\/fletter-i-krollete-har\/olivia-atlanta-braid-premium-kvalitet-syntetisk-fletteforlengelse\/","title":{"rendered":"Olivia Atlanta Braid Premium kvalitet syntetisk fletteforlengelse"},"content":{"rendered":"<p><strong>Olivia Atlanta Braid Premium kvalitet syntetisk fletteforlengelse<\/strong><\/p>\n<p>Atlanta fletter eller Olivia lange og korte fletter. Dette er kenyanske h\u00e5rforlengelser laget av syntetiske fibre av h\u00f8yeste kvalitet. De er ekstremt enkle \u00e5 flette med og de kan settes i varmt vann.  <\/p>\n<p>&nbsp;<\/p>\n","protected":false},"excerpt":{"rendered":"<p>Atlanta fletter eller Olivia lange og korte fletter. Dette er kenyanske h\u00e5rforlengelser laget av syntetiske fibre av h\u00f8yeste kvalitet. De er ekstremt enkle \u00e5 flette med og de kan settes i varmt vann.  <\/p>\n","protected":false},"featured_media":8167,"comment_status":"open","ping_status":"closed","template":"","meta":[],"product_brand":[1251],"product_cat":[1555],"product_tag":[2140,1558],"class_list":{"0":"post-8209","1":"product","2":"type-product","3":"status-publish","4":"has-post-thumbnail","6":"product_brand-olivia","7":"product_cat-fletter-i-krollete-har","8":"product_tag-fletteforlengelse","9":"product_tag-harforlengelser","11":"first","12":"instock","13":"shipping-taxable","14":"purchasable","15":"product-type-variable"},"_links":{"self":[{"href":"https:\/\/yohannaa.com\/no\/wp-json\/wp\/v2\/product\/8209","targetHints":{"allow":["GET"]}}],"collection":[{"href":"https:\/\/yohannaa.com\/no\/wp-json\/wp\/v2\/product"}],"about":[{"href":"https:\/\/yohannaa.com\/no\/wp-json\/wp\/v2\/types\/product"}],"replies":[{"embeddable":true,"href":"https:\/\/yohannaa.com\/no\/wp-json\/wp\/v2\/comments?post=8209"}],"wp:featuredmedia":[{"embeddable":true,"href":"https:\/\/yohannaa.com\/no\/wp-json\/wp\/v2\/media\/8167"}],"wp:attachment":[{"href":"https:\/\/yohannaa.com\/no\/wp-json\/wp\/v2\/media?parent=8209"}],"wp:term":[{"taxonomy":"product_brand","embeddable":true,"href":"https:\/\/yohannaa.com\/no\/wp-json\/wp\/v2\/product_brand?post=8209"},{"taxonomy":"product_cat","embeddable":true,"href":"https:\/\/yohannaa.com\/no\/wp-json\/wp\/v2\/product_cat?post=8209"},{"taxonomy":"product_tag","embeddable":true,"href":"https:\/\/yohannaa.com\/no\/wp-json\/wp\/v2\/product_tag?post=8209"}],"curies":[{"name":"wp","href":"https:\/\/api.w.org\/{rel}","templated":true}]}}