{"id":8101,"date":"2024-11-07T08:19:56","date_gmt":"2024-11-07T08:19:56","guid":{"rendered":"https:\/\/yohannaa.com\/product\/s-curl-wave-control-pomade\/"},"modified":"2024-11-08T08:25:56","modified_gmt":"2024-11-08T08:25:56","slug":"s-curl-wave-control-pomade","status":"publish","type":"product","link":"https:\/\/yohannaa.com\/no\/shop\/harpleie\/harstyling\/stylingpomade\/s-curl-wave-control-pomade\/","title":{"rendered":"S Curl Wave Control Pomade"},"content":{"rendered":"<p><strong>S Curl Wave Control Pomade<\/strong><\/p>\n<p>Lusters Products S Curl Wave Control Pomade med PVP Wave Polymer. Denne lett p\u00e5f\u00f8rbare formelen fremhever naturlige b\u00f8lger i kort h\u00e5r &#8211; og etterlater h\u00e5ret glansfullt og sunt. <\/p>\n<p><strong>Slik bruker du den:  <\/strong><\/p>\n<p>Fukt rent h\u00e5r med et varmt h\u00e5ndkle for \u00e5 myke det opp. Gni S curl Wave pomade i h\u00e5ndflaten til den blir myk, og gni den grundig inn i h\u00e5ret. For bedre resultat, bruk det varme h\u00e5ndkleet i noen minutter, b\u00f8rst h\u00e5ret i \u00f8nsket frisyre og legg en str\u00f8mpelue eller et stramt bundet skjerf p\u00e5 hodet til h\u00e5ret har t\u00f8rket.  <\/p>\n","protected":false},"excerpt":{"rendered":"<p>Lusters Products S Curl Wave Control Pomade med PVP Wave Polymer. Denne lett p\u00e5f\u00f8rbare formelen fremhever naturlige b\u00f8lger i kort h\u00e5r &#8211; og etterlater h\u00e5ret glansfullt og sunt. <\/p>\n","protected":false},"featured_media":8100,"comment_status":"open","ping_status":"closed","template":"","meta":[],"product_brand":[2062],"product_cat":[1488,1470],"product_tag":[1467,2108],"class_list":{"0":"post-8101","1":"product","2":"type-product","3":"status-publish","4":"has-post-thumbnail","6":"product_brand-s-curl","7":"product_cat-harpleie","8":"product_cat-stylingpomade","9":"product_tag-harpleie","10":"product_tag-harpleiepomade","12":"first","13":"instock","14":"shipping-taxable","15":"purchasable","16":"product-type-simple"},"_links":{"self":[{"href":"https:\/\/yohannaa.com\/no\/wp-json\/wp\/v2\/product\/8101","targetHints":{"allow":["GET"]}}],"collection":[{"href":"https:\/\/yohannaa.com\/no\/wp-json\/wp\/v2\/product"}],"about":[{"href":"https:\/\/yohannaa.com\/no\/wp-json\/wp\/v2\/types\/product"}],"replies":[{"embeddable":true,"href":"https:\/\/yohannaa.com\/no\/wp-json\/wp\/v2\/comments?post=8101"}],"wp:featuredmedia":[{"embeddable":true,"href":"https:\/\/yohannaa.com\/no\/wp-json\/wp\/v2\/media\/8100"}],"wp:attachment":[{"href":"https:\/\/yohannaa.com\/no\/wp-json\/wp\/v2\/media?parent=8101"}],"wp:term":[{"taxonomy":"product_brand","embeddable":true,"href":"https:\/\/yohannaa.com\/no\/wp-json\/wp\/v2\/product_brand?post=8101"},{"taxonomy":"product_cat","embeddable":true,"href":"https:\/\/yohannaa.com\/no\/wp-json\/wp\/v2\/product_cat?post=8101"},{"taxonomy":"product_tag","embeddable":true,"href":"https:\/\/yohannaa.com\/no\/wp-json\/wp\/v2\/product_tag?post=8101"}],"curies":[{"name":"wp","href":"https:\/\/api.w.org\/{rel}","templated":true}]}}