{"id":8097,"date":"2024-11-08T08:19:28","date_gmt":"2024-11-08T08:19:28","guid":{"rendered":"https:\/\/yohannaa.com\/product\/s-curl-texturizer-stylin-spray\/"},"modified":"2024-11-08T08:19:28","modified_gmt":"2024-11-08T08:19:28","slug":"s-curl-texturizer-stylin-spray","status":"publish","type":"product","link":"https:\/\/yohannaa.com\/no\/shop\/harpleie\/sprayer-serum-og-oljer\/fuktighetsgivende-spray\/s-curl-texturizer-stylin-spray\/","title":{"rendered":"S Curl Texturizer Stylin Spray"},"content":{"rendered":"<p>S Curl Texturizer Stylin Spray Lusters S Curl Texturizer Styling Spray Moisturizer for b\u00f8lger og shortcuts. Endelig et produkt for dine moderne frisyrer. S Curl Texturizer Stylin Spray inneholder viktige balsam. Vitaminer B5 og glyserin bidrar til \u00e5 holde h\u00e5ret fuktig og glansfullt, uten \u00e5 bygge opp.   <\/p>\n","protected":false},"excerpt":{"rendered":"<p>Lusters S Curl Texturizer Styling Spray Moisturizer for b\u00f8lger og shortcuts. Endelig et produkt for dine moderne frisyrer. S Curl Texturizer Stylin Spray inneholder viktige balsam&#8230;  <\/p>\n","protected":false},"featured_media":8096,"comment_status":"open","ping_status":"closed","template":"","meta":[],"product_brand":[2062],"product_cat":[1514,1488],"product_tag":[1467,1515],"class_list":{"0":"post-8097","1":"product","2":"type-product","3":"status-publish","4":"has-post-thumbnail","6":"product_brand-s-curl","7":"product_cat-fuktighetsgivende-spray","8":"product_cat-harpleie","9":"product_tag-harpleie","10":"product_tag-harpleie-fuktighet","12":"first","13":"instock","14":"shipping-taxable","15":"purchasable","16":"product-type-simple"},"_links":{"self":[{"href":"https:\/\/yohannaa.com\/no\/wp-json\/wp\/v2\/product\/8097","targetHints":{"allow":["GET"]}}],"collection":[{"href":"https:\/\/yohannaa.com\/no\/wp-json\/wp\/v2\/product"}],"about":[{"href":"https:\/\/yohannaa.com\/no\/wp-json\/wp\/v2\/types\/product"}],"replies":[{"embeddable":true,"href":"https:\/\/yohannaa.com\/no\/wp-json\/wp\/v2\/comments?post=8097"}],"wp:featuredmedia":[{"embeddable":true,"href":"https:\/\/yohannaa.com\/no\/wp-json\/wp\/v2\/media\/8096"}],"wp:attachment":[{"href":"https:\/\/yohannaa.com\/no\/wp-json\/wp\/v2\/media?parent=8097"}],"wp:term":[{"taxonomy":"product_brand","embeddable":true,"href":"https:\/\/yohannaa.com\/no\/wp-json\/wp\/v2\/product_brand?post=8097"},{"taxonomy":"product_cat","embeddable":true,"href":"https:\/\/yohannaa.com\/no\/wp-json\/wp\/v2\/product_cat?post=8097"},{"taxonomy":"product_tag","embeddable":true,"href":"https:\/\/yohannaa.com\/no\/wp-json\/wp\/v2\/product_tag?post=8097"}],"curies":[{"name":"wp","href":"https:\/\/api.w.org\/{rel}","templated":true}]}}