{"id":8089,"date":"2024-11-06T07:41:44","date_gmt":"2024-11-06T07:41:44","guid":{"rendered":"https:\/\/yohannaa.com\/product\/s-curl-texturizer-wave-and-curl-creme-regular-strength\/"},"modified":"2024-11-08T07:54:53","modified_gmt":"2024-11-08T07:54:53","slug":"s-curl-texturizer-wave-and-curl-creme-regular-strength","status":"publish","type":"product","link":"https:\/\/yohannaa.com\/no\/shop\/harpleie\/relaxer-n-teksturizer\/teksturgivere\/s-curl-texturizer-wave-and-curl-creme-regular-strength\/","title":{"rendered":"S-Curl Texturizer Wave and Curl Creme Regular Strength"},"content":{"rendered":"<p><strong>S-Curl Texturizer Wave and Curl Creme Regular Strength 425 G<\/strong><\/p>\n<p>Lusters Scurl Texturizer Wave &amp; Curl Creme Regular virker ved \u00e5 utvide det naturlige kr\u00f8ll- og b\u00f8lgem\u00f8nsteret som allerede finnes i h\u00e5ret, og forvandler vanskelig \u00e5 gre h\u00e5ret til myke, h\u00e5ndterbare og naturlige kr\u00f8ller og b\u00f8lger p\u00e5 f\u00e5 minutter.<\/p>\n","protected":false},"excerpt":{"rendered":"<p>Lusters Scurl Texturizer Wave &amp; Curl Creme Regular virker ved \u00e5 utvide det naturlige kr\u00f8ll- og b\u00f8lgem\u00f8nsteret som allerede finnes i h\u00e5ret, og forvandler vanskelig \u00e5 gre h\u00e5ret til myke, h\u00e5ndterbare, naturlige kr\u00f8ller og b\u00f8lger p\u00e5 f\u00e5 minutter.<\/p>\n","protected":false},"featured_media":8088,"comment_status":"open","ping_status":"closed","template":"","meta":[],"product_brand":[2062],"product_cat":[1488,1504,2000],"product_tag":[1467,2102],"class_list":{"0":"post-8089","1":"product","2":"type-product","3":"status-publish","4":"has-post-thumbnail","6":"product_brand-s-curl","7":"product_cat-harpleie","8":"product_cat-teksturgivere","9":"product_cat-teksturerer-for-menn","10":"product_tag-harpleie","11":"product_tag-harpleie-teksturizer","13":"first","14":"outofstock","15":"shipping-taxable","16":"purchasable","17":"product-type-simple"},"_links":{"self":[{"href":"https:\/\/yohannaa.com\/no\/wp-json\/wp\/v2\/product\/8089","targetHints":{"allow":["GET"]}}],"collection":[{"href":"https:\/\/yohannaa.com\/no\/wp-json\/wp\/v2\/product"}],"about":[{"href":"https:\/\/yohannaa.com\/no\/wp-json\/wp\/v2\/types\/product"}],"replies":[{"embeddable":true,"href":"https:\/\/yohannaa.com\/no\/wp-json\/wp\/v2\/comments?post=8089"}],"wp:featuredmedia":[{"embeddable":true,"href":"https:\/\/yohannaa.com\/no\/wp-json\/wp\/v2\/media\/8088"}],"wp:attachment":[{"href":"https:\/\/yohannaa.com\/no\/wp-json\/wp\/v2\/media?parent=8089"}],"wp:term":[{"taxonomy":"product_brand","embeddable":true,"href":"https:\/\/yohannaa.com\/no\/wp-json\/wp\/v2\/product_brand?post=8089"},{"taxonomy":"product_cat","embeddable":true,"href":"https:\/\/yohannaa.com\/no\/wp-json\/wp\/v2\/product_cat?post=8089"},{"taxonomy":"product_tag","embeddable":true,"href":"https:\/\/yohannaa.com\/no\/wp-json\/wp\/v2\/product_tag?post=8089"}],"curies":[{"name":"wp","href":"https:\/\/api.w.org\/{rel}","templated":true}]}}