{"id":8079,"date":"2024-11-07T07:09:20","date_gmt":"2024-11-07T07:09:20","guid":{"rendered":"https:\/\/yohannaa.com\/product\/s-curl-texturizer-wave-curl-creme-extra-strength\/"},"modified":"2024-11-08T07:11:51","modified_gmt":"2024-11-08T07:11:51","slug":"s-curl-texturizer-wave-curl-creme-extra-strength","status":"publish","type":"product","link":"https:\/\/yohannaa.com\/no\/shop\/herre\/harstyling-for-menn\/teksturerer-for-menn\/s-curl-texturizer-wave-curl-creme-extra-strength\/","title":{"rendered":"S Curl Texturizer Wave Curl Creme Extra Strength"},"content":{"rendered":"<p>S Curl Texturizer Wave Curl Creme Extra Strength Lusters S Curl Wave and Curl Cr\u00e8me er en teksturerende relaxer. Den virker ved \u00e5 utvide den naturlige kr\u00f8llen eller b\u00f8lgen som allerede finnes i h\u00e5ret ditt.<\/p>\n","protected":false},"excerpt":{"rendered":"<p>Lusters S Curl Wave and Curl Cr\u00e8me er en teksturgivende relaxer. Den virker ved \u00e5 utvide den naturlige kr\u00f8llen eller b\u00f8lgen som allerede finnes i h\u00e5ret ditt. <\/p>\n","protected":false},"featured_media":8078,"comment_status":"open","ping_status":"closed","template":"","meta":[],"product_brand":[2062],"product_cat":[1488,2000,1504],"product_tag":[2102],"class_list":{"0":"post-8079","1":"product","2":"type-product","3":"status-publish","4":"has-post-thumbnail","6":"product_brand-s-curl","7":"product_cat-harpleie","8":"product_cat-teksturerer-for-menn","9":"product_cat-teksturgivere","10":"product_tag-harpleie-teksturizer","12":"first","13":"outofstock","14":"shipping-taxable","15":"purchasable","16":"product-type-simple"},"_links":{"self":[{"href":"https:\/\/yohannaa.com\/no\/wp-json\/wp\/v2\/product\/8079","targetHints":{"allow":["GET"]}}],"collection":[{"href":"https:\/\/yohannaa.com\/no\/wp-json\/wp\/v2\/product"}],"about":[{"href":"https:\/\/yohannaa.com\/no\/wp-json\/wp\/v2\/types\/product"}],"replies":[{"embeddable":true,"href":"https:\/\/yohannaa.com\/no\/wp-json\/wp\/v2\/comments?post=8079"}],"wp:featuredmedia":[{"embeddable":true,"href":"https:\/\/yohannaa.com\/no\/wp-json\/wp\/v2\/media\/8078"}],"wp:attachment":[{"href":"https:\/\/yohannaa.com\/no\/wp-json\/wp\/v2\/media?parent=8079"}],"wp:term":[{"taxonomy":"product_brand","embeddable":true,"href":"https:\/\/yohannaa.com\/no\/wp-json\/wp\/v2\/product_brand?post=8079"},{"taxonomy":"product_cat","embeddable":true,"href":"https:\/\/yohannaa.com\/no\/wp-json\/wp\/v2\/product_cat?post=8079"},{"taxonomy":"product_tag","embeddable":true,"href":"https:\/\/yohannaa.com\/no\/wp-json\/wp\/v2\/product_tag?post=8079"}],"curies":[{"name":"wp","href":"https:\/\/api.w.org\/{rel}","templated":true}]}}