{"id":8071,"date":"2024-11-08T06:37:40","date_gmt":"2024-11-08T06:37:40","guid":{"rendered":"https:\/\/yohannaa.com\/product\/s-curl-360-style-wave-control-pomade\/"},"modified":"2024-11-08T06:39:40","modified_gmt":"2024-11-08T06:39:40","slug":"s-curl-360-style-wave-control-pomade","status":"publish","type":"product","link":"https:\/\/yohannaa.com\/no\/shop\/harpleie\/harstyling\/stylingpomade\/s-curl-360-style-wave-control-pomade\/","title":{"rendered":"S Curl 360 Style Wave Control Pomade"},"content":{"rendered":"<p>S Curl 360 Style Wave Control Pomade forsterker naturlige b\u00f8lger uten \u00e5 bygge opp fett, og er laget spesielt for styling av 360-b\u00f8lger i tettsittende frisyrer.<\/p>\n<ul>\n<li>Gir overlegen hold som varer hele dagen.<\/li>\n<li>Tilf\u00f8rer mykhet og naturlig glans.<\/li>\n<li>Unik vannl\u00f8selig formel som lett skylles ut av h\u00e5ret.<\/li>\n<li>Beriket med n\u00e6rende sheasm\u00f8r.<\/li>\n<\/ul>\n<p>St\u00f8rrelse: 85 G<\/p>\n<p><strong>HVORDAN BRUKE<\/strong><\/p>\n<p>Forbered rent, fuktig h\u00e5r ved \u00e5 dekke det med et veldig varmt h\u00e5ndkle i 1-2 minutter. Gni en liten mengde S-Curl 360 Style Wave Control Pomade mellom h\u00e5ndflatene til den er myk, og fordel den godt i h\u00e5ret. B\u00f8rst h\u00e5ret godt inn i \u00f8nsket frisyre. Plasser en str\u00f8mpelue, b\u00f8lgehette eller et stramt bundet skjerf p\u00e5 hodet for \u00e5 skape og forsterke b\u00f8lger. For best resultat, la hetten eller skjerfet sitte p\u00e5 i 30 minutter eller mer.    <\/p>\n","protected":false},"excerpt":{"rendered":"<p>S Curl 360 Style Wave Control Pomade fremhever naturlige b\u00f8lger uten \u00e5 bygge opp fett, og er laget spesielt for styling av 360-b\u00f8lger i tettsittende frisyrer. Den gir overlegen hold som varer hele dagen og tilf\u00f8rer mykhet og naturlig glans&#8230; <\/p>\n","protected":false},"featured_media":8085,"comment_status":"open","ping_status":"closed","template":"","meta":[],"product_brand":[2062],"product_cat":[1488,1470],"product_tag":[1467,2108],"class_list":{"0":"post-8071","1":"product","2":"type-product","3":"status-publish","4":"has-post-thumbnail","6":"product_brand-s-curl","7":"product_cat-harpleie","8":"product_cat-stylingpomade","9":"product_tag-harpleie","10":"product_tag-harpleiepomade","12":"first","13":"instock","14":"featured","15":"shipping-taxable","16":"purchasable","17":"product-type-simple"},"_links":{"self":[{"href":"https:\/\/yohannaa.com\/no\/wp-json\/wp\/v2\/product\/8071","targetHints":{"allow":["GET"]}}],"collection":[{"href":"https:\/\/yohannaa.com\/no\/wp-json\/wp\/v2\/product"}],"about":[{"href":"https:\/\/yohannaa.com\/no\/wp-json\/wp\/v2\/types\/product"}],"replies":[{"embeddable":true,"href":"https:\/\/yohannaa.com\/no\/wp-json\/wp\/v2\/comments?post=8071"}],"wp:featuredmedia":[{"embeddable":true,"href":"https:\/\/yohannaa.com\/no\/wp-json\/wp\/v2\/media\/8085"}],"wp:attachment":[{"href":"https:\/\/yohannaa.com\/no\/wp-json\/wp\/v2\/media?parent=8071"}],"wp:term":[{"taxonomy":"product_brand","embeddable":true,"href":"https:\/\/yohannaa.com\/no\/wp-json\/wp\/v2\/product_brand?post=8071"},{"taxonomy":"product_cat","embeddable":true,"href":"https:\/\/yohannaa.com\/no\/wp-json\/wp\/v2\/product_cat?post=8071"},{"taxonomy":"product_tag","embeddable":true,"href":"https:\/\/yohannaa.com\/no\/wp-json\/wp\/v2\/product_tag?post=8071"}],"curies":[{"name":"wp","href":"https:\/\/api.w.org\/{rel}","templated":true}]}}