{"id":8065,"date":"2024-11-08T06:17:56","date_gmt":"2024-11-08T06:17:56","guid":{"rendered":"https:\/\/yohannaa.com\/product\/s-curl-texturizer-med-argan-og-olivenolje-regular\/"},"modified":"2024-12-02T20:13:10","modified_gmt":"2024-12-02T20:13:10","slug":"s-curl-texturizer-med-argan-og-olivenolje-regular","status":"publish","type":"product","link":"https:\/\/yohannaa.com\/no\/shop\/herre\/harstyling-for-menn\/teksturerer-for-menn\/s-curl-texturizer-med-argan-og-olivenolje-regular\/","title":{"rendered":"S Curl Texturizer med argan- og olivenolje Regular"},"content":{"rendered":"<p><strong>S Curl Texturizer med argan- og olivenolje Regular<\/strong><\/p>\n<p>Lusters S Curl Texturizer Texturant Natural Looking Wave and Curl Styles p\u00e5 f\u00e5 minutter. S CURL fungerer ved \u00e5 utvide det naturlige kr\u00f8llb\u00f8lgem\u00f8nsteret som allerede finnes i h\u00e5ret, og endrer vanskelig \u00e5 kamme h\u00e5r til myke, h\u00e5ndterbare naturlige kr\u00f8ller og b\u00f8lger p\u00e5 f\u00e5 minutter. S CURL gj\u00f8r teksturerte korte b\u00f8lger og kr\u00f8llfade stiler for alle aldre.  <\/p>\n","protected":false},"excerpt":{"rendered":"<p>Lusters S Curl Texturizer Texturant Naturlig utseende b\u00f8lge- og kr\u00f8llestil p\u00e5 f\u00e5 minutter. S CURL fungerer ved \u00e5 utvide det naturlige kr\u00f8llb\u00f8lgem\u00f8nsteret som allerede finnes i h\u00e5ret, og endrer vanskelig \u00e5 kamme h\u00e5ret til myke, h\u00e5ndterbare naturlige kr\u00f8ller&#8230; <\/p>\n","protected":false},"featured_media":8067,"comment_status":"open","ping_status":"closed","template":"","meta":[],"product_brand":[2062],"product_cat":[1488,2000,1504],"product_tag":[],"class_list":{"0":"post-8065","1":"product","2":"type-product","3":"status-publish","4":"has-post-thumbnail","6":"product_brand-s-curl","7":"product_cat-harpleie","8":"product_cat-teksturerer-for-menn","9":"product_cat-teksturgivere","11":"first","12":"instock","13":"shipping-taxable","14":"purchasable","15":"product-type-simple"},"_links":{"self":[{"href":"https:\/\/yohannaa.com\/no\/wp-json\/wp\/v2\/product\/8065","targetHints":{"allow":["GET"]}}],"collection":[{"href":"https:\/\/yohannaa.com\/no\/wp-json\/wp\/v2\/product"}],"about":[{"href":"https:\/\/yohannaa.com\/no\/wp-json\/wp\/v2\/types\/product"}],"replies":[{"embeddable":true,"href":"https:\/\/yohannaa.com\/no\/wp-json\/wp\/v2\/comments?post=8065"}],"wp:featuredmedia":[{"embeddable":true,"href":"https:\/\/yohannaa.com\/no\/wp-json\/wp\/v2\/media\/8067"}],"wp:attachment":[{"href":"https:\/\/yohannaa.com\/no\/wp-json\/wp\/v2\/media?parent=8065"}],"wp:term":[{"taxonomy":"product_brand","embeddable":true,"href":"https:\/\/yohannaa.com\/no\/wp-json\/wp\/v2\/product_brand?post=8065"},{"taxonomy":"product_cat","embeddable":true,"href":"https:\/\/yohannaa.com\/no\/wp-json\/wp\/v2\/product_cat?post=8065"},{"taxonomy":"product_tag","embeddable":true,"href":"https:\/\/yohannaa.com\/no\/wp-json\/wp\/v2\/product_tag?post=8065"}],"curies":[{"name":"wp","href":"https:\/\/api.w.org\/{rel}","templated":true}]}}