{"id":8063,"date":"2024-11-07T06:12:03","date_gmt":"2024-11-07T06:12:03","guid":{"rendered":"https:\/\/yohannaa.com\/product\/s-curl-comb-thru-regular-texturizer\/"},"modified":"2024-11-08T06:24:12","modified_gmt":"2024-11-08T06:24:12","slug":"s-curl-comb-thru-regular-texturizer","status":"publish","type":"product","link":"https:\/\/yohannaa.com\/no\/shop\/harpleie\/relaxer-n-teksturizer\/teksturgivere\/s-curl-comb-thru-regular-texturizer\/","title":{"rendered":"S Curl Comb Thru Regular Texturizer"},"content":{"rendered":"<p>S Curl Comb Thru Regular Texturizer Hair KITS-Curl fungerer ved \u00e5 utvide det naturlige kr\u00f8ll\/b\u00f8lgem\u00f8nsteret som allerede finnes i h\u00e5ret, og forvandler vanskelig \u00e5 gre h\u00e5ret til myke, h\u00e5ndterbare kr\u00f8ller og b\u00f8lger med et naturlig utseende p\u00e5 f\u00e5 minutter. S-Curl lager teksturerte korte b\u00f8lger og curl fade-stiler for alle aldre. <\/p>\n<p>&nbsp;<\/p>\n","protected":false},"excerpt":{"rendered":"<p>S Curl Comb Thru Regular Texturizer Hair KITS-Curl fungerer ved \u00e5 utvide det naturlige kr\u00f8ll\/b\u00f8lgem\u00f8nsteret som allerede finnes i h\u00e5ret, og forvandler h\u00e5r som er vanskelig \u00e5 gre til myke, h\u00e5ndterbare kr\u00f8ller og b\u00f8lger med et naturlig utseende p\u00e5 f\u00e5 minutter.<\/p>\n<p>&nbsp;<\/p>\n","protected":false},"featured_media":8062,"comment_status":"open","ping_status":"closed","template":"","meta":[],"product_brand":[2062],"product_cat":[1488,1536,1504,2000],"product_tag":[2102],"class_list":{"0":"post-8063","1":"product","2":"type-product","3":"status-publish","4":"has-post-thumbnail","6":"product_brand-s-curl","7":"product_cat-harpleie","8":"product_cat-herre","9":"product_cat-teksturgivere","10":"product_cat-teksturerer-for-menn","11":"product_tag-harpleie-teksturizer","13":"first","14":"instock","15":"shipping-taxable","16":"purchasable","17":"product-type-simple"},"_links":{"self":[{"href":"https:\/\/yohannaa.com\/no\/wp-json\/wp\/v2\/product\/8063","targetHints":{"allow":["GET"]}}],"collection":[{"href":"https:\/\/yohannaa.com\/no\/wp-json\/wp\/v2\/product"}],"about":[{"href":"https:\/\/yohannaa.com\/no\/wp-json\/wp\/v2\/types\/product"}],"replies":[{"embeddable":true,"href":"https:\/\/yohannaa.com\/no\/wp-json\/wp\/v2\/comments?post=8063"}],"wp:featuredmedia":[{"embeddable":true,"href":"https:\/\/yohannaa.com\/no\/wp-json\/wp\/v2\/media\/8062"}],"wp:attachment":[{"href":"https:\/\/yohannaa.com\/no\/wp-json\/wp\/v2\/media?parent=8063"}],"wp:term":[{"taxonomy":"product_brand","embeddable":true,"href":"https:\/\/yohannaa.com\/no\/wp-json\/wp\/v2\/product_brand?post=8063"},{"taxonomy":"product_cat","embeddable":true,"href":"https:\/\/yohannaa.com\/no\/wp-json\/wp\/v2\/product_cat?post=8063"},{"taxonomy":"product_tag","embeddable":true,"href":"https:\/\/yohannaa.com\/no\/wp-json\/wp\/v2\/product_tag?post=8063"}],"curies":[{"name":"wp","href":"https:\/\/api.w.org\/{rel}","templated":true}]}}