{"id":8059,"date":"2024-11-08T06:02:52","date_gmt":"2024-11-08T06:02:52","guid":{"rendered":"https:\/\/yohannaa.com\/product\/s-curl-no-drip-activator-moisturizer\/"},"modified":"2024-11-08T06:02:52","modified_gmt":"2024-11-08T06:02:52","slug":"s-curl-no-drip-activator-moisturizer","status":"publish","type":"product","link":"https:\/\/yohannaa.com\/no\/shop\/harpleie\/sprayer-serum-og-oljer\/fuktighetsgivende-spray\/s-curl-no-drip-activator-moisturizer\/","title":{"rendered":"S Curl No Drip Activator Moisturizer"},"content":{"rendered":"<p><strong>S Curl No Drip Activator Moisturizer<\/strong><\/p>\n<p>Lusters S CURL ACTIVATOR AND MOISTURIZER kan brukes daglig for \u00e5 vedlikeholde og pleie kr\u00f8llete h\u00e5r. Den inneholder glyserin og vitamin B5, som sammen eliminerer brudd og holder kr\u00f8ller, b\u00f8lger og naturlig h\u00e5r mykt, sunt og med en varig glans. Den spesielle NO DRIP-formelen gj\u00f8r at du kan bruke S CURL ACTIVATOR og MOISTURIZER uten \u00e5 v\u00e6re redd for \u00e5 \u00f8delegge kl\u00e6r eller putetrekk. S CURL ACTIVATOR og MOISTURIZER kan brukes daglig av hele familien og etterlater ingen fettete rester.   <\/p>\n","protected":false},"excerpt":{"rendered":"<p>Lusters S CURL ACTIVATOR AND MOISTURIZER kan brukes daglig for \u00e5 vedlikeholde og pleie kr\u00f8llete h\u00e5r. Den inneholder glyserin og vitamin B5, som sammen eliminerer brudd og holder kr\u00f8ller, b\u00f8lger og naturlig h\u00e5r mykt, sunt og med en varig glans. <\/p>\n","protected":false},"featured_media":8054,"comment_status":"open","ping_status":"closed","template":"","meta":[],"product_brand":[2062],"product_cat":[1514,1488],"product_tag":[1515],"class_list":{"0":"post-8059","1":"product","2":"type-product","3":"status-publish","4":"has-post-thumbnail","6":"product_brand-s-curl","7":"product_cat-fuktighetsgivende-spray","8":"product_cat-harpleie","9":"product_tag-harpleie-fuktighet","11":"first","12":"instock","13":"shipping-taxable","14":"purchasable","15":"product-type-variable"},"_links":{"self":[{"href":"https:\/\/yohannaa.com\/no\/wp-json\/wp\/v2\/product\/8059","targetHints":{"allow":["GET"]}}],"collection":[{"href":"https:\/\/yohannaa.com\/no\/wp-json\/wp\/v2\/product"}],"about":[{"href":"https:\/\/yohannaa.com\/no\/wp-json\/wp\/v2\/types\/product"}],"replies":[{"embeddable":true,"href":"https:\/\/yohannaa.com\/no\/wp-json\/wp\/v2\/comments?post=8059"}],"wp:featuredmedia":[{"embeddable":true,"href":"https:\/\/yohannaa.com\/no\/wp-json\/wp\/v2\/media\/8054"}],"wp:attachment":[{"href":"https:\/\/yohannaa.com\/no\/wp-json\/wp\/v2\/media?parent=8059"}],"wp:term":[{"taxonomy":"product_brand","embeddable":true,"href":"https:\/\/yohannaa.com\/no\/wp-json\/wp\/v2\/product_brand?post=8059"},{"taxonomy":"product_cat","embeddable":true,"href":"https:\/\/yohannaa.com\/no\/wp-json\/wp\/v2\/product_cat?post=8059"},{"taxonomy":"product_tag","embeddable":true,"href":"https:\/\/yohannaa.com\/no\/wp-json\/wp\/v2\/product_tag?post=8059"}],"curies":[{"name":"wp","href":"https:\/\/api.w.org\/{rel}","templated":true}]}}