{"id":8049,"date":"2024-11-07T05:19:53","date_gmt":"2024-11-07T05:19:53","guid":{"rendered":"https:\/\/yohannaa.com\/product\/s-curl-wave-jel-activator\/"},"modified":"2024-11-08T05:19:53","modified_gmt":"2024-11-08T05:19:53","slug":"s-curl-wave-jel-activator","status":"publish","type":"product","link":"https:\/\/yohannaa.com\/no\/shop\/harpleie\/harstyling\/stylinggele\/s-curl-wave-jel-activator\/","title":{"rendered":"S Curl Wave Jel Activator"},"content":{"rendered":"<p>Lusters S Curl Wave Jel Activator er en lett gel\u00e9 som aktiverer kr\u00f8llene og b\u00f8lgene dine uten et spor av fett. Denne Jel Activator eliminerer faktisk krympefaktoren som oppst\u00e5r n\u00e5r du sjamponerer kr\u00f8llpermanenten din. N\u00e5 vil kr\u00f8llene og b\u00f8lgene dine se sunne ut, myke og aldri krusete eller klissete.  <\/p>\n","protected":false},"excerpt":{"rendered":"<p>Lusters S Curl Wave Jel Activator er en lett gel\u00e9 som aktiverer kr\u00f8llene og b\u00f8lgene dine uten et spor av fett. Denne Jel Activator eliminerer faktisk krympefaktoren som oppst\u00e5r n\u00e5r du sjamponerer kr\u00f8llpermanenten din. <\/p>\n","protected":false},"featured_media":8048,"comment_status":"open","ping_status":"closed","template":"","meta":[],"product_brand":[2062],"product_cat":[1488,1597],"product_tag":[2085],"class_list":{"0":"post-8049","1":"product","2":"type-product","3":"status-publish","4":"has-post-thumbnail","6":"product_brand-s-curl","7":"product_cat-harpleie","8":"product_cat-stylinggele","9":"product_tag-harpleiegele","11":"first","12":"instock","13":"shipping-taxable","14":"purchasable","15":"product-type-simple"},"_links":{"self":[{"href":"https:\/\/yohannaa.com\/no\/wp-json\/wp\/v2\/product\/8049","targetHints":{"allow":["GET"]}}],"collection":[{"href":"https:\/\/yohannaa.com\/no\/wp-json\/wp\/v2\/product"}],"about":[{"href":"https:\/\/yohannaa.com\/no\/wp-json\/wp\/v2\/types\/product"}],"replies":[{"embeddable":true,"href":"https:\/\/yohannaa.com\/no\/wp-json\/wp\/v2\/comments?post=8049"}],"wp:featuredmedia":[{"embeddable":true,"href":"https:\/\/yohannaa.com\/no\/wp-json\/wp\/v2\/media\/8048"}],"wp:attachment":[{"href":"https:\/\/yohannaa.com\/no\/wp-json\/wp\/v2\/media?parent=8049"}],"wp:term":[{"taxonomy":"product_brand","embeddable":true,"href":"https:\/\/yohannaa.com\/no\/wp-json\/wp\/v2\/product_brand?post=8049"},{"taxonomy":"product_cat","embeddable":true,"href":"https:\/\/yohannaa.com\/no\/wp-json\/wp\/v2\/product_cat?post=8049"},{"taxonomy":"product_tag","embeddable":true,"href":"https:\/\/yohannaa.com\/no\/wp-json\/wp\/v2\/product_tag?post=8049"}],"curies":[{"name":"wp","href":"https:\/\/api.w.org\/{rel}","templated":true}]}}