{"id":8044,"date":"2024-11-07T23:53:12","date_gmt":"2024-11-07T23:53:12","guid":{"rendered":"https:\/\/yohannaa.com\/product\/lusters-pink-original-oil-moisturizer-hair-lotion\/"},"modified":"2024-11-08T05:26:27","modified_gmt":"2024-11-08T05:26:27","slug":"lusters-pink-original-oil-moisturizer-hair-lotion","status":"publish","type":"product","link":"https:\/\/yohannaa.com\/no\/shop\/harpleie\/fuktighetskremer-for-haret\/fuktighetsgivende-krem-og-lotion\/lusters-pink-original-oil-moisturizer-hair-lotion\/","title":{"rendered":"Lusters Pink Original Oil Moisturizer Hair Lotion"},"content":{"rendered":"<p>Lusters Pink Original Oil Moisturizer Hair Lotion 946 ml En lett beskyttende h\u00e5rlotion og balsam som er utviklet for \u00e5 beskytte, pleie og gjenopprette naturlige oljer og fuktighet i h\u00e5ret ditt. Den absorberes av h\u00e5ret for \u00e5 beskytte det mot t\u00f8rrhet og spr\u00f8het for\u00e5rsaket av f\u00f8ning, varm kr\u00f8lling eller kaming.<\/p>\n<p>Den er spesielt utviklet for \u00e5 opprettholde h\u00e5rets naturlige fuktighetsniv\u00e5. Oil Moisturizer kan brukes daglig av hele familien. Pink Oil Moisturizer Hair Lotion &#8211; med rike, naturlige balsamprodukter, Panthenol B5, vitaminer og solkrem &#8211; bidrar til \u00e5 beskytte mot de skadelige effektene av varme kammer, kr\u00f8lltang og soleksponering. Bruk den hver gang du f\u00f8ner h\u00e5ret for \u00e5 tilf\u00f8re n\u00e6ringsstoffer og fuktighet. Perfekt for avslappede og spesielle frisyrer, kr\u00f8ller og kroppsb\u00f8lger. Beskytter h\u00e5ret mot brudd og spaltede tupper. Egenskaper: Hjelper med \u00e5 stoppe avbrekk. Pleier t\u00f8rt h\u00e5r og hodebunn. Kontrollerer kl\u00f8yvde tupper. For middels og grovt h\u00e5r.<\/p>\n","protected":false},"excerpt":{"rendered":"<p>En lett beskyttende h\u00e5rlotion og balsam som er utviklet for \u00e5 beskytte, pleie og gjenopprette h\u00e5rets naturlige oljer og fuktighet. Den absorberes av h\u00e5ret for \u00e5 beskytte det mot t\u00f8rrhet og spr\u00f8het for\u00e5rsaket av f\u00f8ning, varm kr\u00f8lling eller kjemming.<\/p>\n","protected":false},"featured_media":8043,"comment_status":"open","ping_status":"closed","template":"","meta":[],"product_brand":[2061],"product_cat":[1521,1488],"product_tag":[1467,1515],"class_list":{"0":"post-8044","1":"product","2":"type-product","3":"status-publish","4":"has-post-thumbnail","6":"product_brand-luster-pink","7":"product_cat-fuktighetsgivende-krem-og-lotion","8":"product_cat-harpleie","9":"product_tag-harpleie","10":"product_tag-harpleie-fuktighet","12":"first","13":"instock","14":"shipping-taxable","15":"purchasable","16":"product-type-simple"},"_links":{"self":[{"href":"https:\/\/yohannaa.com\/no\/wp-json\/wp\/v2\/product\/8044","targetHints":{"allow":["GET"]}}],"collection":[{"href":"https:\/\/yohannaa.com\/no\/wp-json\/wp\/v2\/product"}],"about":[{"href":"https:\/\/yohannaa.com\/no\/wp-json\/wp\/v2\/types\/product"}],"replies":[{"embeddable":true,"href":"https:\/\/yohannaa.com\/no\/wp-json\/wp\/v2\/comments?post=8044"}],"wp:featuredmedia":[{"embeddable":true,"href":"https:\/\/yohannaa.com\/no\/wp-json\/wp\/v2\/media\/8043"}],"wp:attachment":[{"href":"https:\/\/yohannaa.com\/no\/wp-json\/wp\/v2\/media?parent=8044"}],"wp:term":[{"taxonomy":"product_brand","embeddable":true,"href":"https:\/\/yohannaa.com\/no\/wp-json\/wp\/v2\/product_brand?post=8044"},{"taxonomy":"product_cat","embeddable":true,"href":"https:\/\/yohannaa.com\/no\/wp-json\/wp\/v2\/product_cat?post=8044"},{"taxonomy":"product_tag","embeddable":true,"href":"https:\/\/yohannaa.com\/no\/wp-json\/wp\/v2\/product_tag?post=8044"}],"curies":[{"name":"wp","href":"https:\/\/api.w.org\/{rel}","templated":true}]}}