{"id":8035,"date":"2024-11-07T03:52:19","date_gmt":"2024-11-07T03:52:19","guid":{"rendered":"https:\/\/yohannaa.com\/product\/pink-kids-gentle-detangling-shampoo\/"},"modified":"2024-11-08T03:52:19","modified_gmt":"2024-11-08T03:52:19","slug":"pink-kids-gentle-detangling-shampoo","status":"publish","type":"product","link":"https:\/\/yohannaa.com\/no\/shop\/barn\/harpleie-for-barn\/sjampo-for-barn\/pink-kids-gentle-detangling-shampoo\/","title":{"rendered":"Pink Kids Gentle Detangling Shampoo"},"content":{"rendered":"<p><strong>Pink Kids Gentle Detangling Shampoo 355 ML<\/strong><\/p>\n<p>Lusters Products Pink kids Gentle Detangling Shampoo er en delikat sulfatfri sjampo som sk\u00e5nsomt fjerner avleiringer i h\u00e5ret. Den er tilsatt sheasm\u00f8r og arganolje for \u00e5 gjenopprette fuktighet og gi glans. <\/p>\n<p>&nbsp;<\/p>\n<p><strong>Viktige fordeler:  <\/strong><\/p>\n<p>Sulfatfri, oljeinfundert fuktighetsfjerner og l\u00f8sner h\u00e5ret<\/p>\n<p>&nbsp;<\/p>\n<p><strong>N\u00f8kkelingredienser:<\/strong><\/p>\n<p>Arganolje<\/p>\n<p>Sheasm\u00f8r<\/p>\n<p>Solsikkeolje<\/p>\n","protected":false},"excerpt":{"rendered":"<p>Lusters Products Pink kids Gentle Detangling Shampoo er en delikat sulfatfri sjampo som sk\u00e5nsomt fjerner avleiringer i h\u00e5ret. Den er tilsatt sheasm\u00f8r og arganolje for \u00e5 gjenopprette fuktighet og gi glans. <\/p>\n","protected":false},"featured_media":8034,"comment_status":"open","ping_status":"closed","template":"","meta":[],"product_brand":[2061],"product_cat":[1541],"product_tag":[1542,1467],"class_list":{"0":"post-8035","1":"product","2":"type-product","3":"status-publish","4":"has-post-thumbnail","6":"product_brand-luster-pink","7":"product_cat-sjampo-for-barn","8":"product_tag-barnesjampo","9":"product_tag-harpleie","11":"first","12":"instock","13":"shipping-taxable","14":"purchasable","15":"product-type-simple"},"_links":{"self":[{"href":"https:\/\/yohannaa.com\/no\/wp-json\/wp\/v2\/product\/8035","targetHints":{"allow":["GET"]}}],"collection":[{"href":"https:\/\/yohannaa.com\/no\/wp-json\/wp\/v2\/product"}],"about":[{"href":"https:\/\/yohannaa.com\/no\/wp-json\/wp\/v2\/types\/product"}],"replies":[{"embeddable":true,"href":"https:\/\/yohannaa.com\/no\/wp-json\/wp\/v2\/comments?post=8035"}],"wp:featuredmedia":[{"embeddable":true,"href":"https:\/\/yohannaa.com\/no\/wp-json\/wp\/v2\/media\/8034"}],"wp:attachment":[{"href":"https:\/\/yohannaa.com\/no\/wp-json\/wp\/v2\/media?parent=8035"}],"wp:term":[{"taxonomy":"product_brand","embeddable":true,"href":"https:\/\/yohannaa.com\/no\/wp-json\/wp\/v2\/product_brand?post=8035"},{"taxonomy":"product_cat","embeddable":true,"href":"https:\/\/yohannaa.com\/no\/wp-json\/wp\/v2\/product_cat?post=8035"},{"taxonomy":"product_tag","embeddable":true,"href":"https:\/\/yohannaa.com\/no\/wp-json\/wp\/v2\/product_tag?post=8035"}],"curies":[{"name":"wp","href":"https:\/\/api.w.org\/{rel}","templated":true}]}}