{"id":8031,"date":"2024-11-08T03:38:34","date_gmt":"2024-11-08T03:38:34","guid":{"rendered":"https:\/\/yohannaa.com\/product\/pink-kids-awesome-nourishing-conditioner\/"},"modified":"2024-11-08T03:38:34","modified_gmt":"2024-11-08T03:38:34","slug":"pink-kids-awesome-nourishing-conditioner","status":"publish","type":"product","link":"https:\/\/yohannaa.com\/no\/shop\/barn\/harpleie-for-barn\/balsam-for-barn\/pink-kids-awesome-nourishing-conditioner\/","title":{"rendered":"Pink Kids Awesome Nourishing Conditioner"},"content":{"rendered":"<p>Pink Kids Awesome Nourishing Conditioner mykgj\u00f8r og gjenoppretter t\u00f8rt og t\u00f8rstende h\u00e5r. Garantert \u00e5 forsegle skjellaget. Gj\u00f8r h\u00e5ret sterkere og lettere \u00e5 rede ut. St\u00f8rrelse: 355 ml  <\/p>\n<p><strong>Viktige fordeler:<\/strong><\/p>\n<p>Utjevnende, fuktighetsgivende, detangling<\/p>\n<p>&nbsp;<\/p>\n<p><strong>N\u00f8kkelingredienser:  <\/strong><\/p>\n<p>Kokosolje Olivenolje<\/p>\n<p>Sheasm\u00f8r<\/p>\n","protected":false},"excerpt":{"rendered":"<p>Pink Kids Awesome Nourishing Conditioner mykgj\u00f8r og gjenoppretter t\u00f8rt og t\u00f8rstende h\u00e5r. Garantert \u00e5 forsegle skjellaget. Gj\u00f8r h\u00e5ret sterkere og lettere \u00e5 rede ut.  <\/p>\n","protected":false},"featured_media":8030,"comment_status":"open","ping_status":"closed","template":"","meta":[],"product_brand":[],"product_cat":[1480,1478],"product_tag":[1548,1530],"class_list":{"0":"post-8031","1":"product","2":"type-product","3":"status-publish","4":"has-post-thumbnail","6":"product_cat-balsam-for-barn","7":"product_cat-barn","8":"product_tag-harbalsam-no","9":"product_tag-harpleie-for-barn","11":"first","12":"instock","13":"shipping-taxable","14":"purchasable","15":"product-type-simple"},"_links":{"self":[{"href":"https:\/\/yohannaa.com\/no\/wp-json\/wp\/v2\/product\/8031","targetHints":{"allow":["GET"]}}],"collection":[{"href":"https:\/\/yohannaa.com\/no\/wp-json\/wp\/v2\/product"}],"about":[{"href":"https:\/\/yohannaa.com\/no\/wp-json\/wp\/v2\/types\/product"}],"replies":[{"embeddable":true,"href":"https:\/\/yohannaa.com\/no\/wp-json\/wp\/v2\/comments?post=8031"}],"wp:featuredmedia":[{"embeddable":true,"href":"https:\/\/yohannaa.com\/no\/wp-json\/wp\/v2\/media\/8030"}],"wp:attachment":[{"href":"https:\/\/yohannaa.com\/no\/wp-json\/wp\/v2\/media?parent=8031"}],"wp:term":[{"taxonomy":"product_brand","embeddable":true,"href":"https:\/\/yohannaa.com\/no\/wp-json\/wp\/v2\/product_brand?post=8031"},{"taxonomy":"product_cat","embeddable":true,"href":"https:\/\/yohannaa.com\/no\/wp-json\/wp\/v2\/product_cat?post=8031"},{"taxonomy":"product_tag","embeddable":true,"href":"https:\/\/yohannaa.com\/no\/wp-json\/wp\/v2\/product_tag?post=8031"}],"curies":[{"name":"wp","href":"https:\/\/api.w.org\/{rel}","templated":true}]}}