{"id":8023,"date":"2024-11-08T00:13:17","date_gmt":"2024-11-08T00:13:17","guid":{"rendered":"https:\/\/yohannaa.com\/product\/lusters-pink-revitalex-conditioner\/"},"modified":"2024-11-08T03:23:13","modified_gmt":"2024-11-08T03:23:13","slug":"lusters-pink-revitalex-conditioner","status":"publish","type":"product","link":"https:\/\/yohannaa.com\/no\/shop\/harpleie\/balsam\/utjevnende-balsam\/lusters-pink-revitalex-conditioner\/","title":{"rendered":"Lusters Pink RevitalEx Conditioner"},"content":{"rendered":"<p><strong>Lusters Pink RevitalEx Conditioner 591 ML<\/strong><\/p>\n<p>Pink Revitalex Conditioner gjenoppretter viktige n\u00e6ringsstoffer samtidig som den opprettholder fuktighet og h\u00e5ndterbarhet. Pr\u00f8v Pink Revitalex Conditioner for \u00e5 forynge h\u00e5ret ditt. De essensielle fuktighetsbevarende stoffene og vitamin E gir nytt liv til spr\u00f8tt og skadet h\u00e5r, samtidig som h\u00e5ret blir lettere \u00e5 h\u00e5ndtere og f\u00e5r mer elastisitet.  <\/p>\n","protected":false},"excerpt":{"rendered":"<p>Pink Revitalex Conditioner gjenoppretter viktige n\u00e6ringsstoffer samtidig som den opprettholder fuktighet og h\u00e5ndterbarhet. Pr\u00f8v Pink Revitalex Conditioner for \u00e5 forynge h\u00e5ret ditt. De essensielle fuktighetsbevarende stoffene og vitamin E revitaliserer spr\u00f8tt&#8230;  <\/p>\n","protected":false},"featured_media":8022,"comment_status":"open","ping_status":"closed","template":"","meta":[],"product_brand":[2061],"product_cat":[1488,1877],"product_tag":[],"class_list":{"0":"post-8023","1":"product","2":"type-product","3":"status-publish","4":"has-post-thumbnail","6":"product_brand-luster-pink","7":"product_cat-harpleie","8":"product_cat-utjevnende-balsam","10":"first","11":"instock","12":"featured","13":"shipping-taxable","14":"purchasable","15":"product-type-simple"},"_links":{"self":[{"href":"https:\/\/yohannaa.com\/no\/wp-json\/wp\/v2\/product\/8023","targetHints":{"allow":["GET"]}}],"collection":[{"href":"https:\/\/yohannaa.com\/no\/wp-json\/wp\/v2\/product"}],"about":[{"href":"https:\/\/yohannaa.com\/no\/wp-json\/wp\/v2\/types\/product"}],"replies":[{"embeddable":true,"href":"https:\/\/yohannaa.com\/no\/wp-json\/wp\/v2\/comments?post=8023"}],"wp:featuredmedia":[{"embeddable":true,"href":"https:\/\/yohannaa.com\/no\/wp-json\/wp\/v2\/media\/8022"}],"wp:attachment":[{"href":"https:\/\/yohannaa.com\/no\/wp-json\/wp\/v2\/media?parent=8023"}],"wp:term":[{"taxonomy":"product_brand","embeddable":true,"href":"https:\/\/yohannaa.com\/no\/wp-json\/wp\/v2\/product_brand?post=8023"},{"taxonomy":"product_cat","embeddable":true,"href":"https:\/\/yohannaa.com\/no\/wp-json\/wp\/v2\/product_cat?post=8023"},{"taxonomy":"product_tag","embeddable":true,"href":"https:\/\/yohannaa.com\/no\/wp-json\/wp\/v2\/product_tag?post=8023"}],"curies":[{"name":"wp","href":"https:\/\/api.w.org\/{rel}","templated":true}]}}