{"id":8019,"date":"2024-11-08T03:00:15","date_gmt":"2024-11-08T03:00:15","guid":{"rendered":"https:\/\/yohannaa.com\/product\/lusters-pink-conditioning-hair-shampoo\/"},"modified":"2024-11-08T05:24:14","modified_gmt":"2024-11-08T05:24:14","slug":"lusters-pink-conditioning-hair-shampoo","status":"publish","type":"product","link":"https:\/\/yohannaa.com\/no\/shop\/harpleie\/sjampo\/balsameringssjampo\/lusters-pink-conditioning-hair-shampoo\/","title":{"rendered":"Lusters Pink Conditioning Hair Shampoo"},"content":{"rendered":"<p><strong>Lusters Pink Conditioning Hair Shampoo 591 ML<\/strong><\/p>\n<p>Lysters Pink Conditioning Shampoo renser h\u00e5ret sk\u00e5nsomt uten \u00e5 fjerne de naturlige oljene. Pink Conditioning Shampoo l\u00f8sner og mykgj\u00f8r h\u00e5ret samtidig som den gjenoppretter fuktighet, minimerer t\u00f8rrhet og gir h\u00e5ret en vakker glans. Den milde renseformelen fjerner effektivt smuss og rester uten \u00e5 strippe h\u00e5ret for naturlige oljer. Pink Conditioning Shampoo eliminerer flyktig h\u00e5r og etterlater h\u00e5ret spenstig og glansfullt.<\/p>\n<p>&nbsp;<\/p>\n<p><strong>Slik bruker du den:<\/strong><\/p>\n<p>Fukt h\u00e5ret grundig. Fordel en liten mengde i h\u00e5r og hodebunn. Masser forsiktig inn til et fyldig skum. Skyll godt. Gjenta etter behov.<\/p>\n","protected":false},"excerpt":{"rendered":"<p>Lysters Pink Conditioning Shampoo renser h\u00e5ret sk\u00e5nsomt uten \u00e5 fjerne de naturlige oljene. Pink Conditioning Shampoo l\u00f8sner og mykgj\u00f8r h\u00e5ret samtidig som den gjenoppretter fuktighet, minimerer t\u00f8rrhet og gir h\u00e5ret en vakker glans.<\/p>\n","protected":false},"featured_media":8018,"comment_status":"open","ping_status":"closed","template":"","meta":[],"product_brand":[2061],"product_cat":[1598,1488],"product_tag":[1540],"class_list":{"0":"post-8019","1":"product","2":"type-product","3":"status-publish","4":"has-post-thumbnail","6":"product_brand-luster-pink","7":"product_cat-balsameringssjampo","8":"product_cat-harpleie","9":"product_tag-sjampo-for-harpleie","11":"first","12":"instock","13":"shipping-taxable","14":"purchasable","15":"product-type-simple"},"_links":{"self":[{"href":"https:\/\/yohannaa.com\/no\/wp-json\/wp\/v2\/product\/8019","targetHints":{"allow":["GET"]}}],"collection":[{"href":"https:\/\/yohannaa.com\/no\/wp-json\/wp\/v2\/product"}],"about":[{"href":"https:\/\/yohannaa.com\/no\/wp-json\/wp\/v2\/types\/product"}],"replies":[{"embeddable":true,"href":"https:\/\/yohannaa.com\/no\/wp-json\/wp\/v2\/comments?post=8019"}],"wp:featuredmedia":[{"embeddable":true,"href":"https:\/\/yohannaa.com\/no\/wp-json\/wp\/v2\/media\/8018"}],"wp:attachment":[{"href":"https:\/\/yohannaa.com\/no\/wp-json\/wp\/v2\/media?parent=8019"}],"wp:term":[{"taxonomy":"product_brand","embeddable":true,"href":"https:\/\/yohannaa.com\/no\/wp-json\/wp\/v2\/product_brand?post=8019"},{"taxonomy":"product_cat","embeddable":true,"href":"https:\/\/yohannaa.com\/no\/wp-json\/wp\/v2\/product_cat?post=8019"},{"taxonomy":"product_tag","embeddable":true,"href":"https:\/\/yohannaa.com\/no\/wp-json\/wp\/v2\/product_tag?post=8019"}],"curies":[{"name":"wp","href":"https:\/\/api.w.org\/{rel}","templated":true}]}}