{"id":8014,"date":"2024-11-07T02:43:30","date_gmt":"2024-11-07T02:43:30","guid":{"rendered":"https:\/\/yohannaa.com\/product\/ic-fantasia-jamaican-black-castor-oil\/"},"modified":"2024-11-08T02:45:04","modified_gmt":"2024-11-08T02:45:04","slug":"ic-fantasia-jamaican-black-castor-oil","status":"publish","type":"product","link":"https:\/\/yohannaa.com\/no\/shop\/harpleie\/sprayer-serum-og-oljer\/haroljer\/ic-fantasia-jamaican-black-castor-oil\/","title":{"rendered":"IC Fantasia Jamaican Black Castor Oil"},"content":{"rendered":"<p>IC Fantasia Jamaican Black Castor Oil, Feather lite formel tynger ikke h\u00e5ret ned for enkel styling, h\u00e5ret vil bli detangled og glatt \u00e5 ta p\u00e5. T\u00f8rt, krusete og kjemisk behandlet h\u00e5r vil bli hydrert. <\/p>\n","protected":false},"excerpt":{"rendered":"<p>IC Fantasia Feather lite-formelen tynger ikke h\u00e5ret og gj\u00f8r det enkelt \u00e5 style, og h\u00e5ret blir utfiltret og glatt \u00e5 ta p\u00e5. T\u00f8rt, krusete og kjemisk behandlet h\u00e5r blir fuktet. <\/p>\n","protected":false},"featured_media":8013,"comment_status":"open","ping_status":"closed","template":"","meta":[],"product_brand":[2060],"product_cat":[1622,1488],"product_tag":[2081],"class_list":{"0":"post-8014","1":"product","2":"type-product","3":"status-publish","4":"has-post-thumbnail","6":"product_brand-fantasia-ic","7":"product_cat-haroljer","8":"product_cat-harpleie","9":"product_tag-harpleieolje","11":"first","12":"instock","13":"shipping-taxable","14":"purchasable","15":"product-type-simple"},"_links":{"self":[{"href":"https:\/\/yohannaa.com\/no\/wp-json\/wp\/v2\/product\/8014","targetHints":{"allow":["GET"]}}],"collection":[{"href":"https:\/\/yohannaa.com\/no\/wp-json\/wp\/v2\/product"}],"about":[{"href":"https:\/\/yohannaa.com\/no\/wp-json\/wp\/v2\/types\/product"}],"replies":[{"embeddable":true,"href":"https:\/\/yohannaa.com\/no\/wp-json\/wp\/v2\/comments?post=8014"}],"wp:featuredmedia":[{"embeddable":true,"href":"https:\/\/yohannaa.com\/no\/wp-json\/wp\/v2\/media\/8013"}],"wp:attachment":[{"href":"https:\/\/yohannaa.com\/no\/wp-json\/wp\/v2\/media?parent=8014"}],"wp:term":[{"taxonomy":"product_brand","embeddable":true,"href":"https:\/\/yohannaa.com\/no\/wp-json\/wp\/v2\/product_brand?post=8014"},{"taxonomy":"product_cat","embeddable":true,"href":"https:\/\/yohannaa.com\/no\/wp-json\/wp\/v2\/product_cat?post=8014"},{"taxonomy":"product_tag","embeddable":true,"href":"https:\/\/yohannaa.com\/no\/wp-json\/wp\/v2\/product_tag?post=8014"}],"curies":[{"name":"wp","href":"https:\/\/api.w.org\/{rel}","templated":true}]}}