{"id":8004,"date":"2024-11-07T02:24:44","date_gmt":"2024-11-07T02:24:44","guid":{"rendered":"https:\/\/yohannaa.com\/product\/ic-fantasia-hair-polisher-styling-gel-for-fargebehandlet-har\/"},"modified":"2024-11-08T02:24:44","modified_gmt":"2024-11-08T02:24:44","slug":"ic-fantasia-hair-polisher-styling-gel-for-fargebehandlet-har","status":"publish","type":"product","link":"https:\/\/yohannaa.com\/no\/shop\/harpleie\/harstyling\/stylinggele\/ic-fantasia-hair-polisher-styling-gel-for-fargebehandlet-har\/","title":{"rendered":"IC Fantasia Hair Polisher Styling Gel for fargebehandlet h\u00e5r"},"content":{"rendered":"<p>IC Fantasia Hair Polisher Styling Gel for fargebehandlet h\u00e5r gir god fylde og super hold, og er perfekt for blow styling, rullesett, forming, l\u00f8fting, skulpturering og andre h\u00e5rstylingsteknikker. &#8211; Glatter ut kr\u00f8llete h\u00e5r for et mer naturlig utseende. &#8211; Trosser tyngdekraften. &#8211; Pleier, gir glans og holder frisyren hele dagen. &#8211; Alkoholfri med beskyttende solkrem<\/p>\n","protected":false},"excerpt":{"rendered":"<p>IC Fantasia Hair Polisher Styling Gel for fargebehandlet h\u00e5r, gir god fylde og super hold, og er perfekt for bl\u00e5sestyling, rullesett, st\u00f8ping, l\u00f8fting, skulpturering og andre h\u00e5rstylingsteknikker.<\/p>\n","protected":false},"featured_media":8003,"comment_status":"open","ping_status":"closed","template":"","meta":[],"product_brand":[2060],"product_cat":[1488,1597],"product_tag":[1467,2085],"class_list":{"0":"post-8004","1":"product","2":"type-product","3":"status-publish","4":"has-post-thumbnail","6":"product_brand-fantasia-ic","7":"product_cat-harpleie","8":"product_cat-stylinggele","9":"product_tag-harpleie","10":"product_tag-harpleiegele","12":"first","13":"instock","14":"shipping-taxable","15":"purchasable","16":"product-type-simple"},"_links":{"self":[{"href":"https:\/\/yohannaa.com\/no\/wp-json\/wp\/v2\/product\/8004","targetHints":{"allow":["GET"]}}],"collection":[{"href":"https:\/\/yohannaa.com\/no\/wp-json\/wp\/v2\/product"}],"about":[{"href":"https:\/\/yohannaa.com\/no\/wp-json\/wp\/v2\/types\/product"}],"replies":[{"embeddable":true,"href":"https:\/\/yohannaa.com\/no\/wp-json\/wp\/v2\/comments?post=8004"}],"wp:featuredmedia":[{"embeddable":true,"href":"https:\/\/yohannaa.com\/no\/wp-json\/wp\/v2\/media\/8003"}],"wp:attachment":[{"href":"https:\/\/yohannaa.com\/no\/wp-json\/wp\/v2\/media?parent=8004"}],"wp:term":[{"taxonomy":"product_brand","embeddable":true,"href":"https:\/\/yohannaa.com\/no\/wp-json\/wp\/v2\/product_brand?post=8004"},{"taxonomy":"product_cat","embeddable":true,"href":"https:\/\/yohannaa.com\/no\/wp-json\/wp\/v2\/product_cat?post=8004"},{"taxonomy":"product_tag","embeddable":true,"href":"https:\/\/yohannaa.com\/no\/wp-json\/wp\/v2\/product_tag?post=8004"}],"curies":[{"name":"wp","href":"https:\/\/api.w.org\/{rel}","templated":true}]}}