{"id":7999,"date":"2024-11-06T02:13:00","date_gmt":"2024-11-06T02:13:00","guid":{"rendered":"https:\/\/yohannaa.com\/product\/ic-fantasia-hair-polisher-carrot-growth-sheen-spray\/"},"modified":"2024-11-08T02:17:06","modified_gmt":"2024-11-08T02:17:06","slug":"ic-fantasia-hair-polisher-carrot-growth-sheen-spray","status":"publish","type":"product","link":"https:\/\/yohannaa.com\/no\/shop\/harpleie\/sprayer-serum-og-oljer\/glansspray\/ic-fantasia-hair-polisher-carrot-growth-sheen-spray\/","title":{"rendered":"IC Fantasia Hair Polisher Carrot Growth Sheen Spray"},"content":{"rendered":"<p>IC Fantasia Hair Polisher Carrot Growth Sheen Spray. Med vitaminer, proteiner og botaniske stoffer som styrker og hjelper h\u00e5ret til \u00e5 vokse lengre. N\u00e6rer, reparerer, forlenger og gir glans. Alkoholfri. Inneholder betakaroten, antioksidanter og vitamin A og E for \u00e5 bidra til at h\u00e5ret vokser seg sterkere og lengre fra rot til topp. Denne formelen mot tynning pleier og gjenoppretter styrke og glans i svakt, skadet h\u00e5r. Beskytter h\u00e5ret mot varmeskader for\u00e5rsaket av varme verkt\u00f8y. Fungerer utmerket p\u00e5 alle h\u00e5rtyper.       <\/p>\n","protected":false},"excerpt":{"rendered":"<p>IC Fantasia Hair Polisher Carrot Growth Sheen Spray. Med vitaminer, proteiner og botaniske stoffer som styrker og hjelper h\u00e5ret til \u00e5 vokse lengre. N\u00e6rer, reparerer, forlenger og gir glans. Alkoholfri. Inneholder betakaroten, antioksidanter og vitamin A og E for \u00e5 bidra til sterkere h\u00e5r&#8230;    <\/p>\n","protected":false},"featured_media":7996,"comment_status":"open","ping_status":"closed","template":"","meta":[],"product_brand":[2060],"product_cat":[1664,1488],"product_tag":[2081],"class_list":{"0":"post-7999","1":"product","2":"type-product","3":"status-publish","4":"has-post-thumbnail","6":"product_brand-fantasia-ic","7":"product_cat-glansspray","8":"product_cat-harpleie","9":"product_tag-harpleieolje","11":"first","12":"instock","13":"shipping-taxable","14":"purchasable","15":"product-type-simple"},"_links":{"self":[{"href":"https:\/\/yohannaa.com\/no\/wp-json\/wp\/v2\/product\/7999","targetHints":{"allow":["GET"]}}],"collection":[{"href":"https:\/\/yohannaa.com\/no\/wp-json\/wp\/v2\/product"}],"about":[{"href":"https:\/\/yohannaa.com\/no\/wp-json\/wp\/v2\/types\/product"}],"replies":[{"embeddable":true,"href":"https:\/\/yohannaa.com\/no\/wp-json\/wp\/v2\/comments?post=7999"}],"wp:featuredmedia":[{"embeddable":true,"href":"https:\/\/yohannaa.com\/no\/wp-json\/wp\/v2\/media\/7996"}],"wp:attachment":[{"href":"https:\/\/yohannaa.com\/no\/wp-json\/wp\/v2\/media?parent=7999"}],"wp:term":[{"taxonomy":"product_brand","embeddable":true,"href":"https:\/\/yohannaa.com\/no\/wp-json\/wp\/v2\/product_brand?post=7999"},{"taxonomy":"product_cat","embeddable":true,"href":"https:\/\/yohannaa.com\/no\/wp-json\/wp\/v2\/product_cat?post=7999"},{"taxonomy":"product_tag","embeddable":true,"href":"https:\/\/yohannaa.com\/no\/wp-json\/wp\/v2\/product_tag?post=7999"}],"curies":[{"name":"wp","href":"https:\/\/api.w.org\/{rel}","templated":true}]}}