{"id":7991,"date":"2024-11-07T11:49:23","date_gmt":"2024-11-07T11:49:23","guid":{"rendered":"https:\/\/yohannaa.com\/product\/ic-fantasia-gulrotvekstserum\/"},"modified":"2024-11-08T02:05:09","modified_gmt":"2024-11-08T02:05:09","slug":"ic-fantasia-gulrotvekstserum","status":"publish","type":"product","link":"https:\/\/yohannaa.com\/no\/shop\/harpleie\/behandlinger\/harvekst\/ic-fantasia-gulrotvekstserum\/","title":{"rendered":"IC Fantasia gulrotvekstserum"},"content":{"rendered":"<p>IC Fantasia Carrot Growth Serum, Fantasia IC Hair Polisher CARROT GROWTH SERUM Triple Strength &#8211; 6oz flaske Med vitamin og protein for \u00e5 styrke og f\u00e5 h\u00e5ret til \u00e5 vokse lenger. Growth Serum inneholder betakaroten, antioksidanter og vitamin A og E for \u00e5 hjelpe h\u00e5ret til \u00e5 vokse sterkere og lengre fra rot til topp. Denne formelen mot tynning pleier og gjenoppretter styrke og glans i svakt, skadet h\u00e5r. Beskytter h\u00e5ret mot varmeskader for\u00e5rsaket av varme verkt\u00f8y. Fungerer utmerket p\u00e5 alle h\u00e5rtyper.    <\/p>\n<p>&nbsp;<\/p>\n<p>Slik bruker du den:<\/p>\n<p>I fuktig h\u00e5r: P\u00e5f\u00f8r 4-6 dr\u00e5per i h\u00e5ret. P\u00e5 t\u00f8rt h\u00e5r: P\u00e5f\u00f8r 3-5 dr\u00e5per i h\u00e5ret.<\/p>\n","protected":false},"excerpt":{"rendered":"<p>Fantasia IC Hair Polisher CARROT GROWTH SERUM Triple Strength &#8211; 6 oz flaske Med vitamin og protein for \u00e5 styrke og f\u00e5 h\u00e5ret til \u00e5 vokse lenger. Growth Serum inneholder betakaroten, antioksidanter og vitamin A og E for \u00e5 hjelpe h\u00e5ret til \u00e5 vokse sterkere&#8230; <\/p>\n","protected":false},"featured_media":7988,"comment_status":"open","ping_status":"closed","template":"","meta":[],"product_brand":[2060],"product_cat":[1488,1613,1614],"product_tag":[2083],"class_list":{"0":"post-7991","1":"product","2":"type-product","3":"status-publish","4":"has-post-thumbnail","6":"product_brand-fantasia-ic","7":"product_cat-harpleie","8":"product_cat-harvekst","9":"product_cat-serum-no","10":"product_tag-harpleieserum","12":"first","13":"instock","14":"shipping-taxable","15":"product-type-simple"},"_links":{"self":[{"href":"https:\/\/yohannaa.com\/no\/wp-json\/wp\/v2\/product\/7991","targetHints":{"allow":["GET"]}}],"collection":[{"href":"https:\/\/yohannaa.com\/no\/wp-json\/wp\/v2\/product"}],"about":[{"href":"https:\/\/yohannaa.com\/no\/wp-json\/wp\/v2\/types\/product"}],"replies":[{"embeddable":true,"href":"https:\/\/yohannaa.com\/no\/wp-json\/wp\/v2\/comments?post=7991"}],"wp:featuredmedia":[{"embeddable":true,"href":"https:\/\/yohannaa.com\/no\/wp-json\/wp\/v2\/media\/7988"}],"wp:attachment":[{"href":"https:\/\/yohannaa.com\/no\/wp-json\/wp\/v2\/media?parent=7991"}],"wp:term":[{"taxonomy":"product_brand","embeddable":true,"href":"https:\/\/yohannaa.com\/no\/wp-json\/wp\/v2\/product_brand?post=7991"},{"taxonomy":"product_cat","embeddable":true,"href":"https:\/\/yohannaa.com\/no\/wp-json\/wp\/v2\/product_cat?post=7991"},{"taxonomy":"product_tag","embeddable":true,"href":"https:\/\/yohannaa.com\/no\/wp-json\/wp\/v2\/product_tag?post=7991"}],"curies":[{"name":"wp","href":"https:\/\/api.w.org\/{rel}","templated":true}]}}