{"id":7984,"date":"2024-11-07T21:35:47","date_gmt":"2024-11-07T21:35:47","guid":{"rendered":"https:\/\/yohannaa.com\/product\/ic-fantasia-coconut-oil-hair-polisher\/"},"modified":"2024-11-08T01:35:47","modified_gmt":"2024-11-08T01:35:47","slug":"ic-fantasia-coconut-oil-hair-polisher","status":"publish","type":"product","link":"https:\/\/yohannaa.com\/no\/shop\/harpleie\/harstyling\/ic-fantasia-coconut-oil-hair-polisher\/","title":{"rendered":"IC Fantasia Coconut Oil Hair Polisher"},"content":{"rendered":"<p>IC Fantasia Coconut Oil Hair Polisher er en h\u00e5rkur tilsatt kokosn\u00f8ttolje som reparerer og gir glans til t\u00f8rt h\u00e5r. Bidrar til \u00e5 redusere kl\u00f8yvde tupper og glatter ut h\u00e5rets skjellag for intens glans, mykhet og h\u00e5ndterbarhet. <\/p>\n","protected":false},"excerpt":{"rendered":"<p>IC Fantasia Coconut Oil Hair Polisher er en h\u00e5rkur tilsatt kokosn\u00f8ttolje som reparerer og gir glans til t\u00f8rt h\u00e5r. Bidrar til \u00e5 redusere kl\u00f8yvde tupper og glatter ut h\u00e5rets skjellag for intens glans, mykhet og h\u00e5ndterbarhet. <\/p>\n","protected":false},"featured_media":7983,"comment_status":"open","ping_status":"closed","template":"","meta":[],"product_brand":[2060],"product_cat":[1469],"product_tag":[1515],"class_list":{"0":"post-7984","1":"product","2":"type-product","3":"status-publish","4":"has-post-thumbnail","6":"product_brand-fantasia-ic","7":"product_cat-harstyling","8":"product_tag-harpleie-fuktighet","10":"first","11":"instock","12":"featured","13":"shipping-taxable","14":"purchasable","15":"product-type-simple"},"_links":{"self":[{"href":"https:\/\/yohannaa.com\/no\/wp-json\/wp\/v2\/product\/7984","targetHints":{"allow":["GET"]}}],"collection":[{"href":"https:\/\/yohannaa.com\/no\/wp-json\/wp\/v2\/product"}],"about":[{"href":"https:\/\/yohannaa.com\/no\/wp-json\/wp\/v2\/types\/product"}],"replies":[{"embeddable":true,"href":"https:\/\/yohannaa.com\/no\/wp-json\/wp\/v2\/comments?post=7984"}],"wp:featuredmedia":[{"embeddable":true,"href":"https:\/\/yohannaa.com\/no\/wp-json\/wp\/v2\/media\/7983"}],"wp:attachment":[{"href":"https:\/\/yohannaa.com\/no\/wp-json\/wp\/v2\/media?parent=7984"}],"wp:term":[{"taxonomy":"product_brand","embeddable":true,"href":"https:\/\/yohannaa.com\/no\/wp-json\/wp\/v2\/product_brand?post=7984"},{"taxonomy":"product_cat","embeddable":true,"href":"https:\/\/yohannaa.com\/no\/wp-json\/wp\/v2\/product_cat?post=7984"},{"taxonomy":"product_tag","embeddable":true,"href":"https:\/\/yohannaa.com\/no\/wp-json\/wp\/v2\/product_tag?post=7984"}],"curies":[{"name":"wp","href":"https:\/\/api.w.org\/{rel}","templated":true}]}}