{"id":7980,"date":"2024-11-08T00:58:07","date_gmt":"2024-11-08T00:58:07","guid":{"rendered":"https:\/\/yohannaa.com\/product\/svart-froolje\/"},"modified":"2024-11-08T00:58:07","modified_gmt":"2024-11-08T00:58:07","slug":"svart-froolje","status":"publish","type":"product","link":"https:\/\/yohannaa.com\/no\/shop\/harpleie\/sprayer-serum-og-oljer\/haroljer\/svart-froolje\/","title":{"rendered":"Svart fr\u00f8olje"},"content":{"rendered":"<p>Black Seed Oil, Sunny Isle Black Seed Oil 4 oz (Nigella sativa). Svartfr\u00f8olje utvinnes fra fr\u00f8ene til den blomstrende Nigella sativa-planten og inneholder over 100 verdifulle n\u00e6ringsstoffer. Svartkumminfr\u00f8olje har v\u00e6rt ansett som en medisinsk urt i flere tusen \u00e5r. I noen samfunn sies det at svartkumminolje kan brukes lokalt som et betennelsesdempende middel og mot kramper, smerter og spasmer. Den kan ogs\u00e5 brukes som brystmassasje ved luftveisproblemer og hudplager som akne og eksem. Sunny Isle foresl\u00e5r at du bruker deres rene svartfr\u00f8olje som en del av h\u00e5rpleieregimet v\u00e5rt sammen med de andre sunne h\u00e5r- og hudfordelene som er oppf\u00f8rt nedenfor.<\/p>\n<p>&nbsp;<\/p>\n<p><strong>Fordeler med svart fr\u00f8olje :<\/strong><\/p>\n<p>Stimulerer h\u00e5rvekst, hjelper mot for tidlig gr\u00e5tt h\u00e5r, fremmer sunnere hud, hjelper mot akne, psoriasis og eksem, soppinfeksjon, hjelper med \u00e5 redusere arr, hjelper mot muskelsmerter og smerter.<\/p>\n","protected":false},"excerpt":{"rendered":"<p>Sunny Isle Black Seed Oil 4 oz (Nigella sativa). Svartfr\u00f8olje utvinnes fra fr\u00f8ene til den blomstrende Nigella sativa-planten, og inneholder over 100 verdifulle n\u00e6ringsstoffer. Svartkumminfr\u00f8olje har v\u00e6rt ansett som en medisinsk urt i flere tusen \u00e5r.  <\/p>\n","protected":false},"featured_media":7979,"comment_status":"open","ping_status":"closed","template":"","meta":[],"product_brand":[2063],"product_cat":[1622,1488],"product_tag":[],"class_list":{"0":"post-7980","1":"product","2":"type-product","3":"status-publish","4":"has-post-thumbnail","6":"product_brand-sunny-isle","7":"product_cat-haroljer","8":"product_cat-harpleie","10":"first","11":"instock","12":"shipping-taxable","13":"purchasable","14":"product-type-simple"},"_links":{"self":[{"href":"https:\/\/yohannaa.com\/no\/wp-json\/wp\/v2\/product\/7980","targetHints":{"allow":["GET"]}}],"collection":[{"href":"https:\/\/yohannaa.com\/no\/wp-json\/wp\/v2\/product"}],"about":[{"href":"https:\/\/yohannaa.com\/no\/wp-json\/wp\/v2\/types\/product"}],"replies":[{"embeddable":true,"href":"https:\/\/yohannaa.com\/no\/wp-json\/wp\/v2\/comments?post=7980"}],"wp:featuredmedia":[{"embeddable":true,"href":"https:\/\/yohannaa.com\/no\/wp-json\/wp\/v2\/media\/7979"}],"wp:attachment":[{"href":"https:\/\/yohannaa.com\/no\/wp-json\/wp\/v2\/media?parent=7980"}],"wp:term":[{"taxonomy":"product_brand","embeddable":true,"href":"https:\/\/yohannaa.com\/no\/wp-json\/wp\/v2\/product_brand?post=7980"},{"taxonomy":"product_cat","embeddable":true,"href":"https:\/\/yohannaa.com\/no\/wp-json\/wp\/v2\/product_cat?post=7980"},{"taxonomy":"product_tag","embeddable":true,"href":"https:\/\/yohannaa.com\/no\/wp-json\/wp\/v2\/product_tag?post=7980"}],"curies":[{"name":"wp","href":"https:\/\/api.w.org\/{rel}","templated":true}]}}