{"id":7974,"date":"2024-11-07T00:42:50","date_gmt":"2024-11-07T00:42:50","guid":{"rendered":"https:\/\/yohannaa.com\/product\/lavendel-jamaican-black-castor-oil\/"},"modified":"2024-11-08T00:42:50","modified_gmt":"2024-11-08T00:42:50","slug":"lavendel-jamaican-black-castor-oil","status":"publish","type":"product","link":"https:\/\/yohannaa.com\/no\/shop\/harpleie\/sprayer-serum-og-oljer\/haroljer\/lavendel-jamaican-black-castor-oil\/","title":{"rendered":"Lavendel Jamaican Black Castor Oil"},"content":{"rendered":"<p>Lavender Jamaican Black Castor Oil fungerer for alle h\u00e5rtyper. Den gir fuktighet, gj\u00f8r h\u00e5ret tykkere og sterkere og bidrar til \u00e5 reparere h\u00e5rets vekst. Regelmessig bruk av Jamaican Black Castor Oil bidrar til \u00e5 \u00f8ke blodgjennomstr\u00f8mningen i hodebunnen, noe som tilf\u00f8rer verdifulle n\u00e6ringsstoffer til h\u00e5rsekkene. Den forebygger ogs\u00e5 h\u00e5rbrudd for\u00e5rsaket av overdreven bruk av relaxere eller h\u00e5rfarger. Den eliminerer flass, kurerer eksem og kl\u00f8ende hodebunn. Denne allsidige oljen virker p\u00e5 h\u00e5rr\u00f8ttene\/folliklene og gj\u00f8r r\u00f8ttene sterkere og sunnere.     <\/p>\n","protected":false},"excerpt":{"rendered":"<p>Lavender Jamaican Black Castor Oil fungerer for alle h\u00e5rtyper. Den fukter, tykner, styrker og hjelper til med \u00e5 reparere h\u00e5ret slik at det vokser. Regelmessig bruk av Jamaican Black Castor Oil bidrar til \u00e5 \u00f8ke blodgjennomstr\u00f8mningen til hodebunnen,&#8230;  <\/p>\n","protected":false},"featured_media":7973,"comment_status":"open","ping_status":"closed","template":"","meta":[],"product_brand":[2063],"product_cat":[1622,1488,1903],"product_tag":[],"class_list":{"0":"post-7974","1":"product","2":"type-product","3":"status-publish","4":"has-post-thumbnail","6":"product_brand-sunny-isle","7":"product_cat-haroljer","8":"product_cat-harpleie","9":"product_cat-jamaican-black-castor-oil-no","11":"first","12":"instock","13":"shipping-taxable","14":"purchasable","15":"product-type-variable"},"_links":{"self":[{"href":"https:\/\/yohannaa.com\/no\/wp-json\/wp\/v2\/product\/7974","targetHints":{"allow":["GET"]}}],"collection":[{"href":"https:\/\/yohannaa.com\/no\/wp-json\/wp\/v2\/product"}],"about":[{"href":"https:\/\/yohannaa.com\/no\/wp-json\/wp\/v2\/types\/product"}],"replies":[{"embeddable":true,"href":"https:\/\/yohannaa.com\/no\/wp-json\/wp\/v2\/comments?post=7974"}],"wp:featuredmedia":[{"embeddable":true,"href":"https:\/\/yohannaa.com\/no\/wp-json\/wp\/v2\/media\/7973"}],"wp:attachment":[{"href":"https:\/\/yohannaa.com\/no\/wp-json\/wp\/v2\/media?parent=7974"}],"wp:term":[{"taxonomy":"product_brand","embeddable":true,"href":"https:\/\/yohannaa.com\/no\/wp-json\/wp\/v2\/product_brand?post=7974"},{"taxonomy":"product_cat","embeddable":true,"href":"https:\/\/yohannaa.com\/no\/wp-json\/wp\/v2\/product_cat?post=7974"},{"taxonomy":"product_tag","embeddable":true,"href":"https:\/\/yohannaa.com\/no\/wp-json\/wp\/v2\/product_tag?post=7974"}],"curies":[{"name":"wp","href":"https:\/\/api.w.org\/{rel}","templated":true}]}}