{"id":7953,"date":"2024-11-07T17:20:10","date_gmt":"2024-11-07T17:20:10","guid":{"rendered":"https:\/\/yohannaa.com\/product\/sunny-isle-extra-dark-jamaican-black-castor-oil\/"},"modified":"2024-11-07T23:26:04","modified_gmt":"2024-11-07T23:26:04","slug":"sunny-isle-extra-dark-jamaican-black-castor-oil","status":"publish","type":"product","link":"https:\/\/yohannaa.com\/no\/shop\/harpleie\/sprayer-serum-og-oljer\/haroljer\/sunny-isle-extra-dark-jamaican-black-castor-oil\/","title":{"rendered":"Sunny Isle Extra Dark Jamaican Black Castor Oil"},"content":{"rendered":"<p>Sunny Isle Extra Dark Jamaican Black Castor Oil er 100 % naturlig og utviklet for \u00e5 gi deg vakkert og sunt h\u00e5r og hud. Denne oljen kommer fra Jamaica og er laget av \u00f8kologiske ricinusfr\u00f8 eller -b\u00f8nner som behandles ved hjelp av tradisjonelle metoder. Fr\u00f8ene ristes og males med en manuell kvern f\u00f8r de kokes for \u00e5 trekke ut den 100 % rene, m\u00f8rkebrune oljen. Den ekstra m\u00f8rke oljen f\u00e5r sin rike farge fra det h\u00f8ye askeinnholdet.    Den er tykk og rik og en av de mest effektive h\u00e5roljene p\u00e5 markedet. Extra Dark Jamaican Black Castor Oil har en rekke fordeler for h\u00e5r- og hudpleie. Den antas \u00e5 fremme h\u00e5rvekst ved \u00e5 fjerne skadelige urenheter og giftstoffer fra hodebunnen, og den tilf\u00f8rer ogs\u00e5 huden fuktighet ved \u00e5 binde fuktighet. Det verdensber\u00f8mte Sunny Isle-merket er den eneste godkjente eksport\u00f8ren av autentisk jamaicansk Black Castor Oil. Denne oljen er ikke tilsatt sterke kjemikalier eller salter, og er full av naturlige goder som gir h\u00e5ret og huden din ny energi. Handle i dag hos Yohanna.<\/p>\n<p>&nbsp;<\/p>\n<p><strong>Slik bruker du den:<\/strong><\/p>\n<p>P\u00e5f\u00f8r p\u00e5 r\u00f8tter, tupper og hodebunn som en behandling f\u00f8r sjamponering, eller masser forsiktig inn i hodebunnen hver dag for \u00e5 stimulere h\u00e5rveksten.<\/p>\n","protected":false},"excerpt":{"rendered":"<p>Sunny Isle Extra Dark Jamaican Black Castor Oil er 100 % naturlig og utviklet for \u00e5 gi deg vakkert og sunt h\u00e5r og hud. Denne oljen kommer fra Jamaica og er laget av \u00f8kologiske ricinusfr\u00f8 eller -b\u00f8nner som behandles ved hjelp av tradisjonelle metoder. Fr\u00f8ene ristes og males med en manuell kvern f\u00f8r de kokes for \u00e5 trekke ut den 100 % rene, m\u00f8rkebrune oljen. Den ekstra m\u00f8rke oljen f\u00e5r sin rike farge fra det h\u00f8ye askeinnholdet.   <\/p>\n","protected":false},"featured_media":7950,"comment_status":"open","ping_status":"closed","template":"","meta":[],"product_brand":[2063],"product_cat":[1622,1488,1903],"product_tag":[1623,1467],"class_list":{"0":"post-7953","1":"product","2":"type-product","3":"status-publish","4":"has-post-thumbnail","6":"product_brand-sunny-isle","7":"product_cat-haroljer","8":"product_cat-harpleie","9":"product_cat-jamaican-black-castor-oil-no","10":"product_tag-harolje-no","11":"product_tag-harpleie","13":"first","14":"instock","15":"featured","16":"shipping-taxable","17":"purchasable","18":"product-type-variable"},"_links":{"self":[{"href":"https:\/\/yohannaa.com\/no\/wp-json\/wp\/v2\/product\/7953","targetHints":{"allow":["GET"]}}],"collection":[{"href":"https:\/\/yohannaa.com\/no\/wp-json\/wp\/v2\/product"}],"about":[{"href":"https:\/\/yohannaa.com\/no\/wp-json\/wp\/v2\/types\/product"}],"replies":[{"embeddable":true,"href":"https:\/\/yohannaa.com\/no\/wp-json\/wp\/v2\/comments?post=7953"}],"wp:featuredmedia":[{"embeddable":true,"href":"https:\/\/yohannaa.com\/no\/wp-json\/wp\/v2\/media\/7950"}],"wp:attachment":[{"href":"https:\/\/yohannaa.com\/no\/wp-json\/wp\/v2\/media?parent=7953"}],"wp:term":[{"taxonomy":"product_brand","embeddable":true,"href":"https:\/\/yohannaa.com\/no\/wp-json\/wp\/v2\/product_brand?post=7953"},{"taxonomy":"product_cat","embeddable":true,"href":"https:\/\/yohannaa.com\/no\/wp-json\/wp\/v2\/product_cat?post=7953"},{"taxonomy":"product_tag","embeddable":true,"href":"https:\/\/yohannaa.com\/no\/wp-json\/wp\/v2\/product_tag?post=7953"}],"curies":[{"name":"wp","href":"https:\/\/api.w.org\/{rel}","templated":true}]}}