{"id":7946,"date":"2024-11-07T23:00:07","date_gmt":"2024-11-07T23:00:07","guid":{"rendered":"https:\/\/yohannaa.com\/product\/blue-magic-bergamot-hair-and-scalp-conditioner\/"},"modified":"2024-11-07T23:02:05","modified_gmt":"2024-11-07T23:02:05","slug":"blue-magic-bergamot-hair-and-scalp-conditioner","status":"publish","type":"product","link":"https:\/\/yohannaa.com\/no\/shop\/harpleie\/behandlinger\/behandling-av-hodebunnen\/blue-magic-bergamot-hair-and-scalp-conditioner\/","title":{"rendered":"Blue Magic Bergamot Hair and Scalp Conditioner"},"content":{"rendered":"<p>Blue Magic Bergamot Hair and Scalp Conditioner er beriket med olivenolje og lanolin. Blue Magic Bergamot Hair and Scalp Conditioner pleier og kontrollerer h\u00e5ret effektivt i all slags v\u00e6r. Den balanserte formelen bidrar til \u00e5 forhindre t\u00f8rt, glansl\u00f8st h\u00e5r og flassende, kl\u00f8ende hodebunn. <\/p>\n<p>&nbsp;<\/p>\n<p><strong>Hvordan bruke<\/strong><\/p>\n<p>P\u00e5f\u00f8res ved \u00e5 arbeide grundig inn i h\u00e5r og hodebunn med fingertuppene. Style som \u00f8nsket. <\/p>\n<p>&nbsp;<\/p>\n<p><strong>N\u00e5r du skal bruke<\/strong><\/p>\n<p>Kan brukes s\u00e5 ofte som n\u00f8dvendig.<\/p>\n","protected":false},"excerpt":{"rendered":"<p>Blue Magic Bergamot Hair And Scalp Conditioner er beriket med olivenolje og lanolin. Den kontrollerer h\u00e5ret i all slags v\u00e6r og bidrar til \u00e5 forebygge t\u00f8rt, matt h\u00e5r og flassende, kl\u00f8ende hodebunn. <\/p>\n","protected":false},"featured_media":7945,"comment_status":"open","ping_status":"closed","template":"","meta":[],"product_brand":[2059],"product_cat":[1581,1488],"product_tag":[1588],"class_list":{"0":"post-7946","1":"product","2":"type-product","3":"status-publish","4":"has-post-thumbnail","6":"product_brand-blue-magic","7":"product_cat-behandling-av-hodebunnen","8":"product_cat-harpleie","9":"product_tag-harpleiebehandling","11":"first","12":"instock","13":"featured","14":"shipping-taxable","15":"purchasable","16":"product-type-simple"},"_links":{"self":[{"href":"https:\/\/yohannaa.com\/no\/wp-json\/wp\/v2\/product\/7946","targetHints":{"allow":["GET"]}}],"collection":[{"href":"https:\/\/yohannaa.com\/no\/wp-json\/wp\/v2\/product"}],"about":[{"href":"https:\/\/yohannaa.com\/no\/wp-json\/wp\/v2\/types\/product"}],"replies":[{"embeddable":true,"href":"https:\/\/yohannaa.com\/no\/wp-json\/wp\/v2\/comments?post=7946"}],"wp:featuredmedia":[{"embeddable":true,"href":"https:\/\/yohannaa.com\/no\/wp-json\/wp\/v2\/media\/7945"}],"wp:attachment":[{"href":"https:\/\/yohannaa.com\/no\/wp-json\/wp\/v2\/media?parent=7946"}],"wp:term":[{"taxonomy":"product_brand","embeddable":true,"href":"https:\/\/yohannaa.com\/no\/wp-json\/wp\/v2\/product_brand?post=7946"},{"taxonomy":"product_cat","embeddable":true,"href":"https:\/\/yohannaa.com\/no\/wp-json\/wp\/v2\/product_cat?post=7946"},{"taxonomy":"product_tag","embeddable":true,"href":"https:\/\/yohannaa.com\/no\/wp-json\/wp\/v2\/product_tag?post=7946"}],"curies":[{"name":"wp","href":"https:\/\/api.w.org\/{rel}","templated":true}]}}