{"id":7938,"date":"2024-11-07T22:30:32","date_gmt":"2024-11-07T22:30:32","guid":{"rendered":"https:\/\/yohannaa.com\/product\/blue-magic-carrot-oil-leave-in-conditioner\/"},"modified":"2024-11-07T22:31:23","modified_gmt":"2024-11-07T22:31:23","slug":"blue-magic-carrot-oil-leave-in-conditioner","status":"publish","type":"product","link":"https:\/\/yohannaa.com\/no\/shop\/harpleie\/balsam\/leave-in-balsam\/blue-magic-carrot-oil-leave-in-conditioner\/","title":{"rendered":"Blue Magic Carrot Oil Leave in Conditioner"},"content":{"rendered":"<p style=\"box-sizing: border-box; margin: 0px 0px 1.37931em; padding: 0px; direction: ltr; font-size: 14.5px; line-height: 1.6; text-rendering: optimizelegibility; font-family: 'Open Sans', Arial, Helvetica, sans-serif;\">Blue Magic Carrot Oil anti breakage protein complex Leave in styling Conditioner er en ikke-fettete formel som mykgj\u00f8r og gir glans til kjedelig h\u00e5r.<\/p>\n<p style=\"box-sizing: border-box; margin: 0px 0px 1.37931em; padding: 0px; direction: ltr; font-size: 14.5px; line-height: 1.6; text-rendering: optimizelegibility; font-family: 'Open Sans', Arial, Helvetica, sans-serif;\">Proteinkompleks mot brudd<\/p>\n<p style=\"box-sizing: border-box; margin: 0px 0px 1.37931em; padding: 0px; direction: ltr; font-size: 14.5px; line-height: 1.6; text-rendering: optimizelegibility; font-family: 'Open Sans', Arial, Helvetica, sans-serif;\">Ikke-fettete formel<\/p>\n<p style=\"box-sizing: border-box; margin: 0px 0px 1.37931em; padding: 0px; direction: ltr; font-size: 14.5px; line-height: 1.6; text-rendering: optimizelegibility; font-family: 'Open Sans', Arial, Helvetica, sans-serif;\">Mykgj\u00f8r og gj\u00f8r h\u00e5ret medgj\u00f8rlig<\/p>\n<p style=\"box-sizing: border-box; margin: 0px 0px 1.37931em; padding: 0px; direction: ltr; font-size: 14.5px; line-height: 1.6; text-rendering: optimizelegibility; font-family: 'Open Sans', Arial, Helvetica, sans-serif;\">Gir glans til kjedelig h\u00e5r<\/p>\n<p style=\"box-sizing: border-box; margin: 0px 0px 1.37931em; padding: 0px; direction: ltr; font-size: 14.5px; line-height: 1.6; text-rendering: optimizelegibility; font-family: 'Open Sans', Arial, Helvetica, sans-serif;\">Styrker h\u00e5ret umiddelbart<\/p>\n<p style=\"box-sizing: border-box; margin: 0px 0px 1.37931em; padding: 0px; direction: ltr; font-size: 14.5px; line-height: 1.6; text-rendering: optimizelegibility; font-family: 'Open Sans', Arial, Helvetica, sans-serif;\"><strong><span style=\"box-sizing: border-box; line-height: inherit;\">Hvordan bruke<\/span><\/strong><\/p>\n<p style=\"box-sizing: border-box; margin: 0px 0px 1.37931em; padding: 0px; direction: ltr; font-size: 14.5px; line-height: 1.6; text-rendering: optimizelegibility; font-family: 'Open Sans', Arial, Helvetica, sans-serif;\">Sjamponer, t\u00f8rk med h\u00e5ndkle og p\u00e5f\u00f8r Blue Magic\u00ae Olive Oil i hodebunnen og h\u00e5ret. Masser grundig inn og kam h\u00e5ret forsiktig for jevn dekning. Style h\u00e5ret som \u00f8nsket. Ingen varmehette n\u00f8dvendig.   <\/p>\n<p style=\"box-sizing: border-box; margin: 0px 0px 1.37931em; padding: 0px; direction: ltr; font-size: 14.5px; line-height: 1.6; text-rendering: optimizelegibility; font-family: 'Open Sans', Arial, Helvetica, sans-serif;\"><strong><span style=\"box-sizing: border-box; line-height: inherit;\">N\u00e5r du skal bruke<\/span><\/strong><\/p>\n<p style=\"box-sizing: border-box; margin: 0px 0px 1.37931em; padding: 0px; direction: ltr; font-size: 14.5px; line-height: 1.6; text-rendering: optimizelegibility; font-family: 'Open Sans', Arial, Helvetica, sans-serif;\">Kan brukes daglig for \u00e5 gi glans og mykhet.<\/p>\n<p style=\"box-sizing: border-box; margin: 0px 0px 1.37931em; padding: 0px; direction: ltr; font-size: 14.5px; line-height: 1.6; text-rendering: optimizelegibility; font-family: 'Open Sans', Arial, Helvetica, sans-serif;\"><strong><span style=\"box-sizing: border-box; line-height: inherit;\">Beste stiler<\/span><\/strong><\/p>\n<p><span style=\"font-family: 'Open Sans', Arial, Helvetica, sans-serif; font-size: 14.5px;\">Perfekt for naturlige frisyrer, som wash &amp; go. Passer ogs\u00e5 godt til rullesett i avslappet h\u00e5r. Produktet fordeler seg best i v\u00e5tt h\u00e5r, men kan ogs\u00e5 brukes i t\u00f8rt h\u00e5r.  <\/span><span style=\"font-family: 'Open Sans', Arial, Helvetica, sans-serif; font-size: 14.5px;\">Blue Magic Olive Oil anti breakage protein complex Leave in styling Conditioner er en ikke-fettete formel som mykgj\u00f8r og gir glans til kjedelig h\u00e5r.<\/span><\/p>\n","protected":false},"excerpt":{"rendered":"<p style=\"box-sizing: border-box; margin: 0px 0px 1.37931em; padding: 0px; direction: ltr; font-size: 14.5px; line-height: 1.6; text-rendering: optimizelegibility; font-family: 'Open Sans', Arial, Helvetica, sans-serif;\">Blue Magic Olive Oil anti breakage protein complex Leave in styling Conditioner er en ikke-fettete formel som mykgj\u00f8r og gir glans til kjedelig h\u00e5r.<\/p>\n","protected":false},"featured_media":7937,"comment_status":"open","ping_status":"closed","template":"","meta":[],"product_brand":[2059],"product_cat":[1488,1490],"product_tag":[],"class_list":{"0":"post-7938","1":"product","2":"type-product","3":"status-publish","4":"has-post-thumbnail","6":"product_brand-blue-magic","7":"product_cat-harpleie","8":"product_cat-leave-in-balsam","10":"first","11":"instock","12":"shipping-taxable","13":"purchasable","14":"product-type-simple"},"_links":{"self":[{"href":"https:\/\/yohannaa.com\/no\/wp-json\/wp\/v2\/product\/7938","targetHints":{"allow":["GET"]}}],"collection":[{"href":"https:\/\/yohannaa.com\/no\/wp-json\/wp\/v2\/product"}],"about":[{"href":"https:\/\/yohannaa.com\/no\/wp-json\/wp\/v2\/types\/product"}],"replies":[{"embeddable":true,"href":"https:\/\/yohannaa.com\/no\/wp-json\/wp\/v2\/comments?post=7938"}],"wp:featuredmedia":[{"embeddable":true,"href":"https:\/\/yohannaa.com\/no\/wp-json\/wp\/v2\/media\/7937"}],"wp:attachment":[{"href":"https:\/\/yohannaa.com\/no\/wp-json\/wp\/v2\/media?parent=7938"}],"wp:term":[{"taxonomy":"product_brand","embeddable":true,"href":"https:\/\/yohannaa.com\/no\/wp-json\/wp\/v2\/product_brand?post=7938"},{"taxonomy":"product_cat","embeddable":true,"href":"https:\/\/yohannaa.com\/no\/wp-json\/wp\/v2\/product_cat?post=7938"},{"taxonomy":"product_tag","embeddable":true,"href":"https:\/\/yohannaa.com\/no\/wp-json\/wp\/v2\/product_tag?post=7938"}],"curies":[{"name":"wp","href":"https:\/\/api.w.org\/{rel}","templated":true}]}}