{"id":7924,"date":"2024-11-06T21:37:31","date_gmt":"2024-11-06T21:37:31","guid":{"rendered":"https:\/\/yohannaa.com\/product\/blue-magic-coconut-oil-conditioner-340-g\/"},"modified":"2024-11-07T21:45:18","modified_gmt":"2024-11-07T21:45:18","slug":"blue-magic-coconut-oil-conditioner-340-g","status":"publish","type":"product","link":"https:\/\/yohannaa.com\/no\/shop\/harpleie\/balsam\/fuktighetsgivende-balsam\/blue-magic-coconut-oil-conditioner-340-g\/","title":{"rendered":"Blue Magic Coconut Oil Conditioner"},"content":{"rendered":"<p>Blue Magic Coconut Oil Hair Conditioner er laget med naturlig kokosn\u00f8ttolje. Blue Magic Coconut Oil Hair Conditioner har en fuktresistent formel som gir h\u00e5ret en helt spesiell glans og bidrar til \u00e5 forebygge t\u00f8rrhet, brekkasje og spaltede tupper. <\/p>\n","protected":false},"excerpt":{"rendered":"<p>Blue Magic Coconut Oil Hair Conditioner er laget med naturlig kokosn\u00f8ttolje. Blue Magic Coconut Oil Hair Conditioner har en fuktresistent formel som gir h\u00e5ret en helt spesiell glans og bidrar til \u00e5 forebygge t\u00f8rrhet, brekkasje og spaltede tupper. <\/p>\n","protected":false},"featured_media":7942,"comment_status":"open","ping_status":"closed","template":"","meta":[],"product_brand":[2059],"product_cat":[1618],"product_tag":[1548,2065],"class_list":{"0":"post-7924","1":"product","2":"type-product","3":"status-publish","4":"has-post-thumbnail","6":"product_brand-blue-magic","7":"product_cat-fuktighetsgivende-balsam","8":"product_tag-harbalsam-no","9":"product_tag-mositurize-conditiner-no","11":"first","12":"instock","13":"shipping-taxable","14":"purchasable","15":"product-type-simple"},"_links":{"self":[{"href":"https:\/\/yohannaa.com\/no\/wp-json\/wp\/v2\/product\/7924","targetHints":{"allow":["GET"]}}],"collection":[{"href":"https:\/\/yohannaa.com\/no\/wp-json\/wp\/v2\/product"}],"about":[{"href":"https:\/\/yohannaa.com\/no\/wp-json\/wp\/v2\/types\/product"}],"replies":[{"embeddable":true,"href":"https:\/\/yohannaa.com\/no\/wp-json\/wp\/v2\/comments?post=7924"}],"wp:featuredmedia":[{"embeddable":true,"href":"https:\/\/yohannaa.com\/no\/wp-json\/wp\/v2\/media\/7942"}],"wp:attachment":[{"href":"https:\/\/yohannaa.com\/no\/wp-json\/wp\/v2\/media?parent=7924"}],"wp:term":[{"taxonomy":"product_brand","embeddable":true,"href":"https:\/\/yohannaa.com\/no\/wp-json\/wp\/v2\/product_brand?post=7924"},{"taxonomy":"product_cat","embeddable":true,"href":"https:\/\/yohannaa.com\/no\/wp-json\/wp\/v2\/product_cat?post=7924"},{"taxonomy":"product_tag","embeddable":true,"href":"https:\/\/yohannaa.com\/no\/wp-json\/wp\/v2\/product_tag?post=7924"}],"curies":[{"name":"wp","href":"https:\/\/api.w.org\/{rel}","templated":true}]}}