{"id":7402,"date":"2024-10-24T11:57:07","date_gmt":"2024-10-24T11:57:07","guid":{"rendered":"https:\/\/yohannaa.com\/product\/argan-oil-sulfate-free-moisture-and-shine-shampoo-2\/"},"modified":"2024-10-24T11:57:07","modified_gmt":"2024-10-24T11:57:07","slug":"argan-oil-sulfate-free-moisture-and-shine-shampoo-2","status":"publish","type":"product","link":"https:\/\/yohannaa.com\/no\/shop\/harpleie\/sjampo\/fuktighetsgivende-sjampo\/argan-oil-sulfate-free-moisture-and-shine-shampoo-2\/","title":{"rendered":"Argan Oil Sulfate Free Moisture And Shine Shampoo"},"content":{"rendered":"<h2 class=\"default\"><span data-sheets-value=\"{\"1\":2,\"2\":\"Creme of Nature Argan Oil Sulfate-Free Moisture &amp; Shine Shampoo 354g\"}\" data-sheets-userformat=\"{\"2\":513,\"3\":{\"1\":0},\"12\":0}\">Creme of Nature Argan Oil Sulfate-Free Moisture &amp; Shine Shampoo<\/span><\/h2>\n<div id=\"productDescription\" class=\"a-section a-spacing-small\">\n<div class=\"disclaim\">\n<div class=\"title\">\n<div class=\"layer\">\n<div class=\"copy\">\n<div class=\"title\">\n<div class=\"layer\">\n<div class=\"copy\">\n<div class=\"title\">\n<div class=\"title\">\n<div class=\"title\">\n<div class=\"title\">GIR H\u00c5RET FUKTIGHET MED SULFATFRI, SK\u00c5NSOM RENSING<\/div>\n<p>Denne sulfatfrie formelen tilf\u00f8rer h\u00e5ret fuktighet og Exotic Shine\u2122, samtidig som den renser h\u00e5ret sk\u00e5nsomt uten \u00e5 fjerne fuktighet.<\/p>\n<div class=\"benefits\"><strong>PRODUKTFORDELER<\/strong>&nbsp;<\/p>\n<ul>\n<li>Hjelper med \u00e5 l\u00f8se opp, mykgj\u00f8re og forsterke Exotic Shine\u2122<\/li>\n<li>Styrker h\u00e5ret og optimaliserer fuktighetsbalansen i h\u00e5r og hodebunn<\/li>\n<li>Tilsatt arganolje fra Marokko<\/li>\n<\/ul>\n<div class=\"title\">HVORDAN BRUKE<\/div>\n<div class=\"copy\">P\u00e5f\u00f8r en sjener\u00f8s mengde i v\u00e5tt h\u00e5r og masser inn til skum. Skyll grundig og gjenta. <\/div>\n<div class=\"copy\"><\/div>\n<div class=\"copy\">\n<div id=\"cboxMiddleLeft\"><\/div>\n<div id=\"cboxContent\">\n<div id=\"cboxLoadedContent\">\n<div id=\"style-tip\" class=\"popup\">\n<div class=\"title\">STYLETIPS<\/div>\n<div class=\"copy\">Kombiner en liten mengde Oil Treatment med Moisture &amp; Shine Shampoo for \u00f8kt fukttilf\u00f8rsel til skadet, dehydrert h\u00e5r.<\/div>\n<\/div>\n<\/div>\n<\/div>\n<\/div>\n<\/div>\n<\/div>\n<\/div>\n<\/div>\n<\/div>\n<\/div>\n<\/div>\n<\/div>\n<\/div>\n<\/div>\n<\/div>\n<\/div>\n","protected":false},"excerpt":{"rendered":"<p>Creme of Nature Argan Oil Sulfate Free Moisture and Shine Shampoo. Sulfate-Free Moisture &amp; Shine Shampoo er en sulfatfri formel som tilf\u00f8rer h\u00e5ret fuktighet og eksotisk glans, samtidig som den renser h\u00e5ret sk\u00e5nsomt uten \u00e5 fjerne fuktighet. Den styrker h\u00e5ret samtidig som den optimaliserer fuktighetsbalansen i h\u00e5r og hodebunn.  <\/p>\n","protected":false},"featured_media":6645,"comment_status":"open","ping_status":"closed","template":"","meta":[],"product_brand":[1235],"product_cat":[1534,1488,1463],"product_tag":[1467,1515],"class_list":{"0":"post-7402","1":"product","2":"type-product","3":"status-publish","4":"has-post-thumbnail","6":"product_brand-creme-of-nature","7":"product_cat-fuktighetsgivende-sjampo","8":"product_cat-harpleie","9":"product_cat-sjampo","10":"product_tag-harpleie","11":"product_tag-harpleie-fuktighet","13":"first","14":"instock","15":"shipping-taxable","16":"purchasable","17":"product-type-simple"},"_links":{"self":[{"href":"https:\/\/yohannaa.com\/no\/wp-json\/wp\/v2\/product\/7402","targetHints":{"allow":["GET"]}}],"collection":[{"href":"https:\/\/yohannaa.com\/no\/wp-json\/wp\/v2\/product"}],"about":[{"href":"https:\/\/yohannaa.com\/no\/wp-json\/wp\/v2\/types\/product"}],"replies":[{"embeddable":true,"href":"https:\/\/yohannaa.com\/no\/wp-json\/wp\/v2\/comments?post=7402"}],"wp:featuredmedia":[{"embeddable":true,"href":"https:\/\/yohannaa.com\/no\/wp-json\/wp\/v2\/media\/6645"}],"wp:attachment":[{"href":"https:\/\/yohannaa.com\/no\/wp-json\/wp\/v2\/media?parent=7402"}],"wp:term":[{"taxonomy":"product_brand","embeddable":true,"href":"https:\/\/yohannaa.com\/no\/wp-json\/wp\/v2\/product_brand?post=7402"},{"taxonomy":"product_cat","embeddable":true,"href":"https:\/\/yohannaa.com\/no\/wp-json\/wp\/v2\/product_cat?post=7402"},{"taxonomy":"product_tag","embeddable":true,"href":"https:\/\/yohannaa.com\/no\/wp-json\/wp\/v2\/product_tag?post=7402"}],"curies":[{"name":"wp","href":"https:\/\/api.w.org\/{rel}","templated":true}]}}