{"id":7392,"date":"2024-10-24T15:57:34","date_gmt":"2024-10-24T15:57:34","guid":{"rendered":"https:\/\/yohannaa.com\/product\/impression-syn-pre-stretched-super-braid\/"},"modified":"2024-12-10T01:55:54","modified_gmt":"2024-12-10T01:55:54","slug":"impression-syn-pre-stretched-super-braid","status":"publish","type":"product","link":"https:\/\/yohannaa.com\/no\/shop\/harforlengelser\/flette-harforlengelser\/kanekalon-og-jumbo-braids\/impression-syn-pre-stretched-super-braid\/","title":{"rendered":"Impression Syn Pre Stretched Super Braid"},"content":{"rendered":"<p>Impression Syn Pre Stretched Super Braid<\/p>\n<p>Impression Super Braid er den perfekte integrasjonen av h\u00f8ykvalitetsfibre, som f\u00f8les som menneskeh\u00e5r.<\/p>\n<ul>\n<li>Ultimativ kvalitet og komfort.<\/li>\n<li>Veldig myk og lett \u00e5 flette i alle stilarter.<\/li>\n<li>Naturlig og langvarig tekstur .<\/li>\n<li>Mer naturlig, mer h\u00e5ndterlig<\/li>\n<\/ul>\n<p>S\u00e5 imponer deg selv med Impression .<\/p>\n","protected":false},"excerpt":{"rendered":"<p>Impression Super Braid er den perfekte integrasjonen av h\u00f8ykvalitetsfibre, som f\u00f8les som menneskeh\u00e5r.<\/p>\n<ul>\n<li>Ultimativ kvalitet og komfort.<\/li>\n<li>Veldig myk og lett \u00e5 flette i alle stilarter.<\/li>\n<li>Naturlig og langvarig tekstur&#8230;<\/li>\n<\/ul>\n","protected":false},"featured_media":6656,"comment_status":"open","ping_status":"closed","template":"","meta":[],"product_brand":[1259],"product_cat":[1554,1553,1564],"product_tag":[1558],"class_list":{"0":"post-7392","1":"product","2":"type-product","3":"status-publish","4":"has-post-thumbnail","6":"product_brand-impression","7":"product_cat-flette-harforlengelser","8":"product_cat-harforlengelser","9":"product_cat-kanekalon-og-jumbo-braids","10":"product_tag-harforlengelser","12":"first","13":"instock","14":"shipping-taxable","15":"purchasable","16":"product-type-variable"},"_links":{"self":[{"href":"https:\/\/yohannaa.com\/no\/wp-json\/wp\/v2\/product\/7392","targetHints":{"allow":["GET"]}}],"collection":[{"href":"https:\/\/yohannaa.com\/no\/wp-json\/wp\/v2\/product"}],"about":[{"href":"https:\/\/yohannaa.com\/no\/wp-json\/wp\/v2\/types\/product"}],"replies":[{"embeddable":true,"href":"https:\/\/yohannaa.com\/no\/wp-json\/wp\/v2\/comments?post=7392"}],"wp:featuredmedia":[{"embeddable":true,"href":"https:\/\/yohannaa.com\/no\/wp-json\/wp\/v2\/media\/6656"}],"wp:attachment":[{"href":"https:\/\/yohannaa.com\/no\/wp-json\/wp\/v2\/media?parent=7392"}],"wp:term":[{"taxonomy":"product_brand","embeddable":true,"href":"https:\/\/yohannaa.com\/no\/wp-json\/wp\/v2\/product_brand?post=7392"},{"taxonomy":"product_cat","embeddable":true,"href":"https:\/\/yohannaa.com\/no\/wp-json\/wp\/v2\/product_cat?post=7392"},{"taxonomy":"product_tag","embeddable":true,"href":"https:\/\/yohannaa.com\/no\/wp-json\/wp\/v2\/product_tag?post=7392"}],"curies":[{"name":"wp","href":"https:\/\/api.w.org\/{rel}","templated":true}]}}