{"id":7373,"date":"2024-10-24T18:57:06","date_gmt":"2024-10-24T18:57:06","guid":{"rendered":"https:\/\/yohannaa.com\/product\/agor-pure-organic-aloe-vera-gel\/"},"modified":"2024-12-14T18:41:33","modified_gmt":"2024-12-14T18:41:33","slug":"agor-pure-organic-aloe-vera-gel","status":"publish","type":"product","link":"https:\/\/yohannaa.com\/no\/shop\/hudpleie\/jevn-hudtone\/kremer-og-geler-for-jevn-hudtone\/agor-pure-organic-aloe-vera-gel\/","title":{"rendered":"Agor Pure Organic Aloe Vera Gel"},"content":{"rendered":"<p>Agor Pure Organic Aloe Vera Gel er eksklusivt formulert og utviklet med \u00f8kologisk Aloe Barbadensis (Aloe Vera)-bladsaft. Den er laget kun av den indre gelen fra modne, fyldige \u00f8kologiske aloe vera-blad. Veganvennlig og inneholder ingen fargestoffer, parabener, SLS eller tilsetningsstoffer.    <\/p>\n<ul>\n<li>Kj\u00f8lende, beroligende og fuktighetsgivende.<\/li>\n<li>Behandle strekkmerker.<\/li>\n<li>For kropp, ansikt og h\u00e5r.<\/li>\n<li>Beroliger og lindrer t\u00f8rr hud.<\/li>\n<li>Behandle solbrenthet og mindre brannskader.<\/li>\n<li>Reduserer flass og opphever blokkeringen av h\u00e5rfolliklene.<\/li>\n<li>Egnet for vegetarianere og veganere.<\/li>\n<\/ul>\n<p><b>Bruksanvisning:<\/b> P\u00e5f\u00f8r en passende mengde p\u00e5 t\u00f8rre, f\u00f8lsomme omr\u00e5der i ansiktet, p\u00e5 kroppen og i h\u00e5ret.<\/p>\n","protected":false},"excerpt":{"rendered":"<p>Agor Pure Organic Aloe Vera Gel er eksklusivt formulert og utviklet med \u00f8kologisk Aloe Barbadensis (Aloe Vera) Leaf Juice. Den er laget kun av den indre gelen fra modne, fyldige \u00f8kologiske aloe vera-blad. Veganvennlig og inneholder ingen fargestoffer, parabener, SLS eller tilsetningsstoffer.  <\/p>\n","protected":false},"featured_media":6631,"comment_status":"open","ping_status":"closed","template":"","meta":[],"product_brand":[1222],"product_cat":[1456,1684],"product_tag":[1467,1459],"class_list":{"0":"post-7373","1":"product","2":"type-product","3":"status-publish","4":"has-post-thumbnail","6":"product_brand-agor","7":"product_cat-hudpleie","8":"product_cat-kremer-og-geler-for-jevn-hudtone","9":"product_tag-harpleie","10":"product_tag-hudpleie","12":"first","13":"outofstock","14":"shipping-taxable","15":"purchasable","16":"product-type-simple"},"_links":{"self":[{"href":"https:\/\/yohannaa.com\/no\/wp-json\/wp\/v2\/product\/7373","targetHints":{"allow":["GET"]}}],"collection":[{"href":"https:\/\/yohannaa.com\/no\/wp-json\/wp\/v2\/product"}],"about":[{"href":"https:\/\/yohannaa.com\/no\/wp-json\/wp\/v2\/types\/product"}],"replies":[{"embeddable":true,"href":"https:\/\/yohannaa.com\/no\/wp-json\/wp\/v2\/comments?post=7373"}],"wp:featuredmedia":[{"embeddable":true,"href":"https:\/\/yohannaa.com\/no\/wp-json\/wp\/v2\/media\/6631"}],"wp:attachment":[{"href":"https:\/\/yohannaa.com\/no\/wp-json\/wp\/v2\/media?parent=7373"}],"wp:term":[{"taxonomy":"product_brand","embeddable":true,"href":"https:\/\/yohannaa.com\/no\/wp-json\/wp\/v2\/product_brand?post=7373"},{"taxonomy":"product_cat","embeddable":true,"href":"https:\/\/yohannaa.com\/no\/wp-json\/wp\/v2\/product_cat?post=7373"},{"taxonomy":"product_tag","embeddable":true,"href":"https:\/\/yohannaa.com\/no\/wp-json\/wp\/v2\/product_tag?post=7373"}],"curies":[{"name":"wp","href":"https:\/\/api.w.org\/{rel}","templated":true}]}}