{"id":7372,"date":"2024-10-24T15:57:34","date_gmt":"2024-10-24T15:57:34","guid":{"rendered":"https:\/\/yohannaa.com\/product\/impression-syn-super-braid-165-g\/"},"modified":"2024-12-18T02:00:43","modified_gmt":"2024-12-18T02:00:43","slug":"impression-syn-super-braid-165-g","status":"publish","type":"product","link":"https:\/\/yohannaa.com\/no\/shop\/harforlengelser\/flette-harforlengelser\/kanekalon-og-jumbo-braids\/impression-syn-super-braid-165-g\/","title":{"rendered":"Impression Syn Super Braid"},"content":{"rendered":"<p>INNTRYKK SUPER FLETTE. Lett \u00e5 flette og sk\u00e5nsom mot fingrene. 3 x Mykere og lettere \u00e5 flette lengde<br \/>\n175 gram vekt<br \/>\nDen silkemyke ber\u00f8ringen varer lenger, selv n\u00e5r du bruker varmt vann.<br \/>\nSuperlett med mer volum og lengde.<br \/>\nLett \u00e5 flette og sk\u00e5nsom mot fingrene.<br \/>\n100 % flokerfri og forsegler endene.<br \/>\n100 % b\u00f8rstekompatibel p\u00e5 allsidige stiler  <\/p>\n","protected":false},"excerpt":{"rendered":"<p>Impression Super Braid silkeaktig myk ber\u00f8ring som varer lenger selv ved bruk av varmt vann. Superlett med mer volum og lengde. Lett \u00e5 flette og snill mot fingrene. 100 % flokerfri og forsegler endene trygt. 100 % b\u00f8rstbar p\u00e5 allsidige stiler.    <\/p>\n","protected":false},"featured_media":6658,"comment_status":"open","ping_status":"closed","template":"","meta":[],"product_brand":[1259],"product_cat":[1554,1553,1564],"product_tag":[1558,1699,1700],"class_list":{"0":"post-7372","1":"product","2":"type-product","3":"status-publish","4":"has-post-thumbnail","6":"product_brand-impression","7":"product_cat-flette-harforlengelser","8":"product_cat-harforlengelser","9":"product_cat-kanekalon-og-jumbo-braids","10":"product_tag-harforlengelser","11":"product_tag-impression-super-braid-no","12":"product_tag-syntetiske-fletter","14":"first","15":"instock","16":"shipping-taxable","17":"purchasable","18":"product-type-variable"},"_links":{"self":[{"href":"https:\/\/yohannaa.com\/no\/wp-json\/wp\/v2\/product\/7372","targetHints":{"allow":["GET"]}}],"collection":[{"href":"https:\/\/yohannaa.com\/no\/wp-json\/wp\/v2\/product"}],"about":[{"href":"https:\/\/yohannaa.com\/no\/wp-json\/wp\/v2\/types\/product"}],"replies":[{"embeddable":true,"href":"https:\/\/yohannaa.com\/no\/wp-json\/wp\/v2\/comments?post=7372"}],"wp:featuredmedia":[{"embeddable":true,"href":"https:\/\/yohannaa.com\/no\/wp-json\/wp\/v2\/media\/6658"}],"wp:attachment":[{"href":"https:\/\/yohannaa.com\/no\/wp-json\/wp\/v2\/media?parent=7372"}],"wp:term":[{"taxonomy":"product_brand","embeddable":true,"href":"https:\/\/yohannaa.com\/no\/wp-json\/wp\/v2\/product_brand?post=7372"},{"taxonomy":"product_cat","embeddable":true,"href":"https:\/\/yohannaa.com\/no\/wp-json\/wp\/v2\/product_cat?post=7372"},{"taxonomy":"product_tag","embeddable":true,"href":"https:\/\/yohannaa.com\/no\/wp-json\/wp\/v2\/product_tag?post=7372"}],"curies":[{"name":"wp","href":"https:\/\/api.w.org\/{rel}","templated":true}]}}